{"id":3961,"date":"2026-03-12T22:50:27","date_gmt":"2026-03-12T21:50:27","guid":{"rendered":"https:\/\/tourdesmuverans.ch\/?page_id=3961"},"modified":"2026-03-12T23:27:40","modified_gmt":"2026-03-12T22:27:40","slug":"variantes","status":"publish","type":"page","link":"https:\/\/tourdesmuverans.ch\/it\/etapes\/variantes\/","title":{"rendered":"Varianti"},"content":{"rendered":"\t\t<div data-elementor-type=\"wp-page\" data-elementor-id=\"3961\" class=\"elementor elementor-3961\">\n\t\t\t\t<div class=\"elementor-element elementor-element-37ca93c e-flex e-con-boxed e-con e-parent\" data-id=\"37ca93c\" data-element_type=\"container\" data-e-type=\"container\">\n\t\t\t\t\t<div class=\"e-con-inner\">\n\t\t\t\t<div class=\"elementor-element elementor-element-96395ed elementor-widget elementor-widget-heading\" data-id=\"96395ed\" data-element_type=\"widget\" data-e-type=\"widget\" data-widget_type=\"heading.default\">\n\t\t\t\t<div class=\"elementor-widget-container\">\n\t\t\t\t\t<h2 class=\"elementor-heading-title elementor-size-default\">Variantes<\/h2>\t\t\t\t<\/div>\n\t\t\t\t<\/div>\n\t\t\t\t<div class=\"elementor-element elementor-element-6e4f14a elementor-widget elementor-widget-text-editor\" data-id=\"6e4f14a\" data-element_type=\"widget\" data-e-type=\"widget\" data-widget_type=\"text-editor.default\">\n\t\t\t\t<div class=\"elementor-widget-container\">\n\t\t\t\t\t\t\t\t\t<p>Les variantes vous permettent de modifier votre itin\u00e9raire. Elles sont indiqu\u00e9es en oranges sur la <a href=\"https:\/\/tourdesmuverans.ch\/itineraire\/\" target=\"_blank\" rel=\"noopener\">carte de l&rsquo;itin\u00e9raire<\/a><\/p>\t\t\t\t\t\t\t\t<\/div>\n\t\t\t\t<\/div>\n\t\t\t\t\t<\/div>\n\t\t\t\t<\/div>\n\t\t<div class=\"elementor-element elementor-element-2f7cd2a e-flex e-con-boxed e-con e-parent\" data-id=\"2f7cd2a\" data-element_type=\"container\" data-e-type=\"container\">\n\t\t\t\t\t<div class=\"e-con-inner\">\n\t\t\t\t<div class=\"elementor-element elementor-element-7e53f27 elementor-widget elementor-widget-heading\" data-id=\"7e53f27\" data-element_type=\"widget\" data-e-type=\"widget\" data-widget_type=\"heading.default\">\n\t\t\t\t<div class=\"elementor-widget-container\">\n\t\t\t\t\t<h3 class=\"elementor-heading-title elementor-size-default\">Dem\u00e8cre \u2013 La Tourche<\/h3>\t\t\t\t<\/div>\n\t\t\t\t<\/div>\n\t\t\t\t<div class=\"elementor-element elementor-element-2796f34 elementor-widget elementor-widget-shortcode\" data-id=\"2796f34\" data-element_type=\"widget\" data-e-type=\"widget\" data-widget_type=\"shortcode.default\">\n\t\t\t\t<div class=\"elementor-widget-container\">\n\t\t\t\t\t\t\t<div class=\"elementor-shortcode\">    <div id=\"gmp-map-19\" style=\"width:100%; height:500px;\"><\/div>\r\n    <script>\r\n    \/\/ attendre que tout soit charg\u00e9\r\n    window.addEventListener(\"load\", function() {\r\n        var map = L.map('gmp-map-19', { crs: L.CRS.EPSG2056 });\r\n        var base = L.tileLayer.swiss().addTo(map);\r\n        var sat = L.tileLayer.swiss({ layer:'ch.swisstopo.swissimage', maxNativeZoom:28 });\r\n        L.control.layers({ 'Carte': base, 'Satellite': sat }).addTo(map);\r\n\r\n                var scaleCtrl = L.control.scale({ imperial: false }).addTo(map);\r\n        \r\n        \/\/ D\u00e9tection du type de fichier\r\n        var dataLayer = (\"gpx\" === 'kml')\r\n            ? omnivore.kml('https:\/\/tourdesmuverans.ch\/wp-content\/uploads\/2026\/03\/Variante-Demecre-la-Tourche.gpx')\r\n            : omnivore.gpx('https:\/\/tourdesmuverans.ch\/wp-content\/uploads\/2026\/03\/Variante-Demecre-la-Tourche.gpx');\r\n\r\n        dataLayer.on('ready', function(e) {\r\n            map.fitBounds(e.target.getBounds());\r\n            var geojson = dataLayer.toGeoJSON();\r\n\r\n                        \/\/ L.control.elevation fonctionne maintenant\r\n            if (typeof L.control.elevation === 'function') {\r\n                var el = L.control.elevation({\r\n                    position: \"topright\",\r\n                    theme: \"steelblue-theme\",\r\n                    width: 600, height: 125,\r\n                    margins: { top:10, right:20, bottom:30, left:50 },\r\n                    useHeightIndicator: true,\r\n                    interpolation: \"linear\",\r\n                    xTicks: 5, yTicks: 5\r\n                });\r\n                el.addTo(map);\r\n                el.addData(geojson);\r\n            }\r\n            \r\n                        var markersG = L.layerGroup();\r\n            geojson.features.forEach(function(f) {\r\n                if (f.geometry.type === \"Point\") {\r\n                    var coords = f.geometry.coordinates;\r\n                    var latlng = L.latLng(coords[1], coords[0]);\r\n                    var props = f.properties;\r\n                    var popup = \"<b>\" + (props.name||\"Point\") + \"<\/b><br>\";\r\n                    if (props.ele) popup += \"Alt: \" + props.ele + \" m<br>\";\r\n                    if (props.time) popup += \"Heure: \" + new Date(props.time).toLocaleTimeString() + \"<br>\";\r\n                    if (props.desc) popup += \"<i>\" + props.desc + \"<\/i>\";\r\n                    L.marker(latlng, {\r\n                        icon: L.icon({ iconUrl:'https:\/\/cdn-icons-png.flaticon.com\/512\/684\/684908.png', iconSize:[24,24], iconAnchor:[12,24], popupAnchor:[0,-20] })\r\n                    }).bindPopup(popup).addTo(markersG);\r\n                }\r\n            });\r\n            markersG.addTo(map);\r\n                    }).addTo(map);\r\n    });\r\n    <\/script>\r\n    <\/div>\n\t\t\t\t\t\t<\/div>\n\t\t\t\t<\/div>\n\t\t\t\t\t<\/div>\n\t\t\t\t<\/div>\n\t\t<div class=\"elementor-element elementor-element-c7eceb5 e-flex e-con-boxed e-con e-parent\" data-id=\"c7eceb5\" data-element_type=\"container\" data-e-type=\"container\">\n\t\t\t\t\t<div class=\"e-con-inner\">\n\t\t<div class=\"elementor-element elementor-element-68ce542 e-con-full elementor-hidden-tablet elementor-hidden-mobile e-flex e-con e-child\" data-id=\"68ce542\" data-element_type=\"container\" data-e-type=\"container\">\n\t\t\t\t<div class=\"elementor-element elementor-element-6619c8d elementor-widget__width-initial elementor-widget elementor-widget-image\" data-id=\"6619c8d\" data-element_type=\"widget\" data-e-type=\"widget\" data-widget_type=\"image.default\">\n\t\t\t\t<div class=\"elementor-widget-container\">\n\t\t\t\t\t\t\t\t\t\t\t\t<figure class=\"wp-caption\">\n\t\t\t\t\t\t\t\t\t\t<img decoding=\"async\" src=\"https:\/\/tourdesmuverans.ch\/wp-content\/uploads\/2026\/02\/Derborence-La-Tourche.png\" title=\"\" alt=\"\" loading=\"lazy\" \/>\t\t\t\t\t\t\t\t\t\t\t<figcaption class=\"widget-image-caption wp-caption-text\"><\/figcaption>\n\t\t\t\t\t\t\t\t\t\t<\/figure>\n\t\t\t\t\t\t\t\t\t<\/div>\n\t\t\t\t<\/div>\n\t\t\t\t<\/div>\n\t\t<div class=\"elementor-element elementor-element-6acb4e9 e-con-full e-flex e-con e-child\" data-id=\"6acb4e9\" data-element_type=\"container\" data-e-type=\"container\">\n\t\t\t\t<div class=\"elementor-element elementor-element-cd8dd33 elementor-hidden-desktop elementor-widget elementor-widget-heading\" data-id=\"cd8dd33\" data-element_type=\"widget\" data-e-type=\"widget\" data-widget_type=\"heading.default\">\n\t\t\t\t<div class=\"elementor-widget-container\">\n\t\t\t\t\t<h3 class=\"elementor-heading-title elementor-size-default\"><a href=\"https:\/\/chk.me\/UZVT9GP\" rel=\"nofollow noopener\" target=\"_blank\">Lien import Swisstopo<\/a><\/h3>\t\t\t\t<\/div>\n\t\t\t\t<\/div>\n\t\t\t\t<div class=\"elementor-element elementor-element-46be2e8 elementor-widget elementor-widget-heading\" data-id=\"46be2e8\" data-element_type=\"widget\" data-e-type=\"widget\" data-widget_type=\"heading.default\">\n\t\t\t\t<div class=\"elementor-widget-container\">\n\t\t\t\t\t<h3 class=\"elementor-heading-title elementor-size-default\"><a href=\"https:\/\/tourdesmuverans.ch\/wp-content\/uploads\/2026\/02\/Derborence-La-Tourche.gpx\">T\u00e9l\u00e9charger le fichier GPX<\/a><\/h3>\t\t\t\t<\/div>\n\t\t\t\t<\/div>\n\t\t\t\t<div class=\"elementor-element elementor-element-2815f3e elementor-widget elementor-widget-heading\" data-id=\"2815f3e\" data-element_type=\"widget\" data-e-type=\"widget\" data-widget_type=\"heading.default\">\n\t\t\t\t<div class=\"elementor-widget-container\">\n\t\t\t\t\t<h3 class=\"elementor-heading-title elementor-size-default\"><a href=\"https:\/\/tourdesmuverans.ch\/wp-content\/uploads\/2026\/02\/Derborence-La-Tourche.pdf\">Fichier PDF<\/a><\/h3>\t\t\t\t<\/div>\n\t\t\t\t<\/div>\n\t\t\t\t<\/div>\n\t\t<div class=\"elementor-element elementor-element-b99f5e3 e-con-full e-flex e-con e-child\" data-id=\"b99f5e3\" data-element_type=\"container\" data-e-type=\"container\">\n\t\t<div class=\"elementor-element elementor-element-55aa798 e-con-full e-flex e-con e-child\" data-id=\"55aa798\" data-element_type=\"container\" data-e-type=\"container\">\n\t\t\t\t<div class=\"elementor-element elementor-element-596f490 elementor-widget elementor-widget-text-editor\" data-id=\"596f490\" data-element_type=\"widget\" data-e-type=\"widget\" data-widget_type=\"text-editor.default\">\n\t\t\t\t<div class=\"elementor-widget-container\">\n\t\t\t\t\t\t\t\t\t<table><tbody><tr><td>Longueur<\/td><td>33 km<\/td><\/tr><tr><td>Mont\u00e9e<\/td><td>3\u2019016 m<\/td><\/tr><tr><td>Descente<\/td><td>2\u2019293 m<\/td><\/tr><tr><td>Dur\u00e9e<\/td><td>13 h<\/td><\/tr><tr><td>Point le plus haut<\/td><td>1\u2019469 m<\/td><\/tr><tr><td>Point le plus bas<\/td><td>2\u2019639\u00a0m<\/td><\/tr><\/tbody><\/table>\t\t\t\t\t\t\t\t<\/div>\n\t\t\t\t<\/div>\n\t\t\t\t<\/div>\n\t\t\t\t<\/div>\n\t\t\t\t\t<\/div>\n\t\t\t\t<\/div>\n\t\t<div class=\"elementor-element elementor-element-27f3733 e-flex e-con-boxed e-con e-parent\" data-id=\"27f3733\" data-element_type=\"container\" data-e-type=\"container\">\n\t\t\t\t\t<div class=\"e-con-inner\">\n\t\t\t\t<div class=\"elementor-element elementor-element-6ff7fdf elementor-widget elementor-widget-heading\" data-id=\"6ff7fdf\" data-element_type=\"widget\" data-e-type=\"widget\" data-widget_type=\"heading.default\">\n\t\t\t\t<div class=\"elementor-widget-container\">\n\t\t\t\t\t<h3 class=\"elementor-heading-title elementor-size-default\">La Tourche \u2013 Pont-de-Nant<\/h3>\t\t\t\t<\/div>\n\t\t\t\t<\/div>\n\t\t\t\t<div class=\"elementor-element elementor-element-b2170cc elementor-widget elementor-widget-text-editor\" data-id=\"b2170cc\" data-element_type=\"widget\" data-e-type=\"widget\" data-widget_type=\"text-editor.default\">\n\t\t\t\t<div class=\"elementor-widget-container\">\n\t\t\t\t\t\t\t\t\t<p>Attention, cette variante passe par le Trou \u00e0 l&rsquo;Ours qui selon la m\u00e9t\u00e9o peut \u00eatre glissant et difficile. V\u00e9rifiez que vous avez bien tout l&rsquo;\u00e9quipement n\u00e9cessaire <a href=\"https:\/\/tourdesmuverans.ch\/conseils-de-pro\/\" target=\"_blank\" rel=\"noopener\">ici<\/a>.<\/p>\t\t\t\t\t\t\t\t<\/div>\n\t\t\t\t<\/div>\n\t\t\t\t<div class=\"elementor-element elementor-element-e7f275a elementor-widget elementor-widget-shortcode\" data-id=\"e7f275a\" data-element_type=\"widget\" data-e-type=\"widget\" data-widget_type=\"shortcode.default\">\n\t\t\t\t<div class=\"elementor-widget-container\">\n\t\t\t\t\t\t\t<div class=\"elementor-shortcode\">    <div id=\"gmp-map-20\" style=\"width:100%; height:500px;\"><\/div>\r\n    <script>\r\n    \/\/ attendre que tout soit charg\u00e9\r\n    window.addEventListener(\"load\", function() {\r\n        var map = L.map('gmp-map-20', { crs: L.CRS.EPSG2056 });\r\n        var base = L.tileLayer.swiss().addTo(map);\r\n        var sat = L.tileLayer.swiss({ layer:'ch.swisstopo.swissimage', maxNativeZoom:28 });\r\n        L.control.layers({ 'Carte': base, 'Satellite': sat }).addTo(map);\r\n\r\n                var scaleCtrl = L.control.scale({ imperial: false }).addTo(map);\r\n        \r\n        \/\/ D\u00e9tection du type de fichier\r\n        var dataLayer = (\"gpx\" === 'kml')\r\n            ? omnivore.kml('https:\/\/tourdesmuverans.ch\/wp-content\/uploads\/2026\/03\/Variante-La-Tourche-Pont-de-Nant.gpx')\r\n            : omnivore.gpx('https:\/\/tourdesmuverans.ch\/wp-content\/uploads\/2026\/03\/Variante-La-Tourche-Pont-de-Nant.gpx');\r\n\r\n        dataLayer.on('ready', function(e) {\r\n            map.fitBounds(e.target.getBounds());\r\n            var geojson = dataLayer.toGeoJSON();\r\n\r\n                        \/\/ L.control.elevation fonctionne maintenant\r\n            if (typeof L.control.elevation === 'function') {\r\n                var el = L.control.elevation({\r\n                    position: \"topright\",\r\n                    theme: \"steelblue-theme\",\r\n                    width: 600, height: 125,\r\n                    margins: { top:10, right:20, bottom:30, left:50 },\r\n                    useHeightIndicator: true,\r\n                    interpolation: \"linear\",\r\n                    xTicks: 5, yTicks: 5\r\n                });\r\n                el.addTo(map);\r\n                el.addData(geojson);\r\n            }\r\n            \r\n                        var markersG = L.layerGroup();\r\n            geojson.features.forEach(function(f) {\r\n                if (f.geometry.type === \"Point\") {\r\n                    var coords = f.geometry.coordinates;\r\n                    var latlng = L.latLng(coords[1], coords[0]);\r\n                    var props = f.properties;\r\n                    var popup = \"<b>\" + (props.name||\"Point\") + \"<\/b><br>\";\r\n                    if (props.ele) popup += \"Alt: \" + props.ele + \" m<br>\";\r\n                    if (props.time) popup += \"Heure: \" + new Date(props.time).toLocaleTimeString() + \"<br>\";\r\n                    if (props.desc) popup += \"<i>\" + props.desc + \"<\/i>\";\r\n                    L.marker(latlng, {\r\n                        icon: L.icon({ iconUrl:'https:\/\/cdn-icons-png.flaticon.com\/512\/684\/684908.png', iconSize:[24,24], iconAnchor:[12,24], popupAnchor:[0,-20] })\r\n                    }).bindPopup(popup).addTo(markersG);\r\n                }\r\n            });\r\n            markersG.addTo(map);\r\n                    }).addTo(map);\r\n    });\r\n    <\/script>\r\n    <\/div>\n\t\t\t\t\t\t<\/div>\n\t\t\t\t<\/div>\n\t\t\t\t\t<\/div>\n\t\t\t\t<\/div>\n\t\t<div class=\"elementor-element elementor-element-c77ade2 e-flex e-con-boxed e-con e-parent\" data-id=\"c77ade2\" data-element_type=\"container\" data-e-type=\"container\">\n\t\t\t\t\t<div class=\"e-con-inner\">\n\t\t<div class=\"elementor-element elementor-element-38756df e-con-full elementor-hidden-tablet elementor-hidden-mobile e-flex e-con e-child\" data-id=\"38756df\" data-element_type=\"container\" data-e-type=\"container\">\n\t\t\t\t<div class=\"elementor-element elementor-element-7b6c210 elementor-widget elementor-widget-image\" data-id=\"7b6c210\" data-element_type=\"widget\" data-e-type=\"widget\" data-widget_type=\"image.default\">\n\t\t\t\t<div class=\"elementor-widget-container\">\n\t\t\t\t\t\t\t\t\t\t\t\t<figure class=\"wp-caption\">\n\t\t\t\t\t\t\t\t\t\t<img fetchpriority=\"high\" decoding=\"async\" width=\"280\" height=\"280\" src=\"https:\/\/tourdesmuverans.ch\/wp-content\/uploads\/2026\/03\/La-Tourche-Derborence.png\" class=\"attachment-large size-large wp-image-3865\" alt=\"\" srcset=\"https:\/\/tourdesmuverans.ch\/wp-content\/uploads\/2026\/03\/La-Tourche-Derborence.png 280w, https:\/\/tourdesmuverans.ch\/wp-content\/uploads\/2026\/03\/La-Tourche-Derborence-150x150.png 150w, https:\/\/tourdesmuverans.ch\/wp-content\/uploads\/2026\/03\/La-Tourche-Derborence-12x12.png 12w\" sizes=\"(max-width: 280px) 100vw, 280px\" \/>\t\t\t\t\t\t\t\t\t\t\t<figcaption class=\"widget-image-caption wp-caption-text\">Importe dans Swisstopo<\/figcaption>\n\t\t\t\t\t\t\t\t\t\t<\/figure>\n\t\t\t\t\t\t\t\t\t<\/div>\n\t\t\t\t<\/div>\n\t\t\t\t<\/div>\n\t\t<div class=\"elementor-element elementor-element-bd3464d e-con-full e-flex e-con e-child\" data-id=\"bd3464d\" data-element_type=\"container\" data-e-type=\"container\">\n\t\t\t\t<div class=\"elementor-element elementor-element-90a46d8 elementor-hidden-desktop elementor-widget elementor-widget-heading\" data-id=\"90a46d8\" data-element_type=\"widget\" data-e-type=\"widget\" data-widget_type=\"heading.default\">\n\t\t\t\t<div class=\"elementor-widget-container\">\n\t\t\t\t\t<h3 class=\"elementor-heading-title elementor-size-default\"><a href=\"https:\/\/chk.me\/ncZrthx\" rel=\"nofollow noopener\" target=\"_blank\">Lien import Swisstopo<\/a><\/h3>\t\t\t\t<\/div>\n\t\t\t\t<\/div>\n\t\t\t\t<div class=\"elementor-element elementor-element-b13f89d elementor-widget elementor-widget-heading\" data-id=\"b13f89d\" data-element_type=\"widget\" data-e-type=\"widget\" data-widget_type=\"heading.default\">\n\t\t\t\t<div class=\"elementor-widget-container\">\n\t\t\t\t\t<h3 class=\"elementor-heading-title elementor-size-default\"><a href=\"https:\/\/tourdesmuverans.ch\/wp-content\/uploads\/2026\/03\/La-Tourche-Derborence.gpx\">T\u00e9l\u00e9charger le fichier GPX<\/a><\/h3>\t\t\t\t<\/div>\n\t\t\t\t<\/div>\n\t\t\t\t<div class=\"elementor-element elementor-element-8659172 elementor-widget elementor-widget-heading\" data-id=\"8659172\" data-element_type=\"widget\" data-e-type=\"widget\" data-widget_type=\"heading.default\">\n\t\t\t\t<div class=\"elementor-widget-container\">\n\t\t\t\t\t<h3 class=\"elementor-heading-title elementor-size-default\"><a href=\"https:\/\/tourdesmuverans.ch\/wp-content\/uploads\/2026\/03\/La-Tourche-Derborence.pdf\">Fichier PDF<\/a><\/h3>\t\t\t\t<\/div>\n\t\t\t\t<\/div>\n\t\t\t\t<\/div>\n\t\t<div class=\"elementor-element elementor-element-87649cb e-con-full e-flex e-con e-child\" data-id=\"87649cb\" data-element_type=\"container\" data-e-type=\"container\">\n\t\t<div class=\"elementor-element elementor-element-82b6394 e-con-full e-flex e-con e-child\" data-id=\"82b6394\" data-element_type=\"container\" data-e-type=\"container\">\n\t\t\t\t<div class=\"elementor-element elementor-element-62ebc8c elementor-widget elementor-widget-text-editor\" data-id=\"62ebc8c\" data-element_type=\"widget\" data-e-type=\"widget\" data-widget_type=\"text-editor.default\">\n\t\t\t\t<div class=\"elementor-widget-container\">\n\t\t\t\t\t\t\t\t\t<table><tbody><tr><td>Longueur<\/td><td>24 km<\/td><\/tr><tr><td>Mont\u00e9e<\/td><td>1\u2019600 m<\/td><\/tr><tr><td>Descente<\/td><td>2\u2019300 m<\/td><\/tr><tr><td>Dur\u00e9e<\/td><td>9 h 30<\/td><\/tr><tr><td>Point le plus haut<\/td><td>2\u2019641 m<\/td><\/tr><tr><td>Point le plus bas<\/td><td>1\u2019244 m<\/td><\/tr><\/tbody><\/table>\t\t\t\t\t\t\t\t<\/div>\n\t\t\t\t<\/div>\n\t\t\t\t<\/div>\n\t\t\t\t<\/div>\n\t\t\t\t\t<\/div>\n\t\t\t\t<\/div>\n\t\t<div class=\"elementor-element elementor-element-61ed34e e-flex e-con-boxed e-con e-parent\" data-id=\"61ed34e\" data-element_type=\"container\" data-e-type=\"container\">\n\t\t\t\t\t<div class=\"e-con-inner\">\n\t\t\t\t<div class=\"elementor-element elementor-element-b4d4a7b elementor-widget elementor-widget-text-editor\" data-id=\"b4d4a7b\" data-element_type=\"widget\" data-e-type=\"widget\" data-widget_type=\"text-editor.default\">\n\t\t\t\t<div class=\"elementor-widget-container\">\n\t\t\t\t\t\t\t\t\t<p><em>Les variantes sont dans le sens horaire. Si vous souhaitez inverser les \u00e9tapes : dans Swisstopo il faut cliquer sur le petit crayon pour modifier l&rsquo;\u00e9tape puis sur le petit logo bleu \u00e0 c\u00f4t\u00e9 du titre Points de rep\u00e8res. Cliquer ensuite sur Terminer. Dans Suissemobile vous pouvez \u00e9galement inverser le tour.<\/em><\/p>\t\t\t\t\t\t\t\t<\/div>\n\t\t\t\t<\/div>\n\t\t\t\t\t<\/div>\n\t\t\t\t<\/div>\n\t\t\t\t<\/div>\n\t\t","protected":false},"excerpt":{"rendered":"<p>Variantes Les variantes vous permettent de modifier votre itin\u00e9raire. Elles sont indiqu\u00e9es en oranges sur la carte de l&rsquo;itin\u00e9raire Dem\u00e8cre \u2013 La Tourche Importe dans Swisstopo Lien import Swisstopo T\u00e9l\u00e9charger le fichier GPX Fichier PDF Longueur 33 km Mont\u00e9e 3\u2019016 m Descente 2\u2019293 m Dur\u00e9e 13 h Point le plus haut 1\u2019469 m Point le [&hellip;]<\/p>\n","protected":false},"author":4,"featured_media":0,"parent":3137,"menu_order":0,"comment_status":"closed","ping_status":"closed","template":"","meta":{"site-sidebar-layout":"no-sidebar","site-content-layout":"page-builder","ast-site-content-layout":"full-width-container","site-content-style":"default","site-sidebar-style":"default","ast-global-header-display":"","ast-banner-title-visibility":"","ast-main-header-display":"","ast-hfb-above-header-display":"","ast-hfb-below-header-display":"","ast-hfb-mobile-header-display":"","site-post-title":"disabled","ast-breadcrumbs-content":"","ast-featured-img":"disabled","footer-sml-layout":"","ast-disable-related-posts":"","theme-transparent-header-meta":"","adv-header-id-meta":"","stick-header-meta":"","header-above-stick-meta":"","header-main-stick-meta":"","header-below-stick-meta":"","astra-migrate-meta-layouts":"set","ast-page-background-enabled":"default","ast-page-background-meta":{"desktop":{"background-color":"var(--ast-global-color-4)","background-image":"","background-repeat":"repeat","background-position":"center center","background-size":"auto","background-attachment":"scroll","background-type":"","background-media":"","overlay-type":"","overlay-color":"","overlay-opacity":"","overlay-gradient":""},"tablet":{"background-color":"","background-image":"","background-repeat":"repeat","background-position":"center center","background-size":"auto","background-attachment":"scroll","background-type":"","background-media":"","overlay-type":"","overlay-color":"","overlay-opacity":"","overlay-gradient":""},"mobile":{"background-color":"","background-image":"","background-repeat":"repeat","background-position":"center center","background-size":"auto","background-attachment":"scroll","background-type":"","background-media":"","overlay-type":"","overlay-color":"","overlay-opacity":"","overlay-gradient":""}},"ast-content-background-meta":{"desktop":{"background-color":"var(--ast-global-color-5)","background-image":"","background-repeat":"repeat","background-position":"center center","background-size":"auto","background-attachment":"scroll","background-type":"","background-media":"","overlay-type":"","overlay-color":"","overlay-opacity":"","overlay-gradient":""},"tablet":{"background-color":"var(--ast-global-color-5)","background-image":"","background-repeat":"repeat","background-position":"center center","background-size":"auto","background-attachment":"scroll","background-type":"","background-media":"","overlay-type":"","overlay-color":"","overlay-opacity":"","overlay-gradient":""},"mobile":{"background-color":"var(--ast-global-color-5)","background-image":"","background-repeat":"repeat","background-position":"center center","background-size":"auto","background-attachment":"scroll","background-type":"","background-media":"","overlay-type":"","overlay-color":"","overlay-opacity":"","overlay-gradient":""}},"footnotes":""},"class_list":["post-3961","page","type-page","status-publish","hentry"],"_links":{"self":[{"href":"https:\/\/tourdesmuverans.ch\/it\/wp-json\/wp\/v2\/pages\/3961","targetHints":{"allow":["GET"]}}],"collection":[{"href":"https:\/\/tourdesmuverans.ch\/it\/wp-json\/wp\/v2\/pages"}],"about":[{"href":"https:\/\/tourdesmuverans.ch\/it\/wp-json\/wp\/v2\/types\/page"}],"author":[{"embeddable":true,"href":"https:\/\/tourdesmuverans.ch\/it\/wp-json\/wp\/v2\/users\/4"}],"replies":[{"embeddable":true,"href":"https:\/\/tourdesmuverans.ch\/it\/wp-json\/wp\/v2\/comments?post=3961"}],"version-history":[{"count":22,"href":"https:\/\/tourdesmuverans.ch\/it\/wp-json\/wp\/v2\/pages\/3961\/revisions"}],"predecessor-version":[{"id":3988,"href":"https:\/\/tourdesmuverans.ch\/it\/wp-json\/wp\/v2\/pages\/3961\/revisions\/3988"}],"up":[{"embeddable":true,"href":"https:\/\/tourdesmuverans.ch\/it\/wp-json\/wp\/v2\/pages\/3137"}],"wp:attachment":[{"href":"https:\/\/tourdesmuverans.ch\/it\/wp-json\/wp\/v2\/media?parent=3961"}],"curies":[{"name":"wp","href":"https:\/\/api.w.org\/{rel}","templated":true}]}}