{"id":3137,"date":"2025-10-09T15:45:49","date_gmt":"2025-10-09T13:45:49","guid":{"rendered":"https:\/\/tourdesmuverans.ch\/?page_id=3137"},"modified":"2026-03-14T18:23:14","modified_gmt":"2026-03-14T17:23:14","slug":"etapes","status":"publish","type":"page","link":"https:\/\/tourdesmuverans.ch\/it\/etapes\/","title":{"rendered":"Tappe suggerite"},"content":{"rendered":"<div data-elementor-type=\"wp-page\" data-elementor-id=\"3137\" class=\"elementor elementor-3137\">\n\t\t\t\t<div class=\"elementor-element elementor-element-bb6d6af e-flex e-con-boxed e-con e-parent\" data-id=\"bb6d6af\" data-element_type=\"container\" data-e-type=\"container\">\n\t\t\t\t\t<div class=\"e-con-inner\">\n\t\t\t\t<div class=\"elementor-element elementor-element-50a3781 elementor-widget elementor-widget-heading\" data-id=\"50a3781\" data-element_type=\"widget\" data-e-type=\"widget\" data-widget_type=\"heading.default\">\n\t\t\t\t<div class=\"elementor-widget-container\">\n\t\t\t\t\t<h3 class=\"elementor-heading-title elementor-size-default\">Cliccare su ogni localit\u00e0 di partenza per i dettagli<\/h3>\t\t\t\t<\/div>\n\t\t\t\t<\/div>\n\t\t\t\t\t<\/div>\n\t\t\t\t<\/div>\n\t\t<div class=\"elementor-element elementor-element-480575a e-con-full e-flex e-con e-parent\" data-id=\"480575a\" data-element_type=\"container\" data-e-type=\"container\">\n\t\t\t\t<div class=\"elementor-element elementor-element-10d099f elementor-widget elementor-widget-eael-adv-tabs\" data-id=\"10d099f\" data-element_type=\"widget\" data-e-type=\"widget\" data-widget_type=\"eael-adv-tabs.default\">\n\t\t\t\t<div class=\"elementor-widget-container\">\n\t\t\t\t\t        <div data-scroll-on-click=\"no\" data-scroll-speed=\"300\" id=\"eael-advance-tabs-10d099f\" class=\"eael-advance-tabs eael-tabs-vertical eael-tab-auto-active\" data-tabid=\"10d099f\">\n            <div class=\"eael-tabs-nav\">\n                <ul class=\"\" role=\"tablist\">\n                                            <li id=\"vue-densemble\" class=\"inactive eael-tab-item-trigger eael-tab-nav-item\" aria-selected=\"true\" data-tab=\"1\" role=\"tab\" tabindex=\"0\" aria-controls=\"vue-densemble-tab\" aria-expanded=\"false\">\n                            \n                            \n                            \n                                                            <p class=\"eael-tab-title title-after-icon\" >Panoramica<\/p>                                                    <\/li>\n                                            <li id=\"en-9-jours\" class=\"inactive eael-tab-item-trigger eael-tab-nav-item\" aria-selected=\"false\" data-tab=\"2\" role=\"tab\" tabindex=\"-1\" aria-controls=\"en-9-jours-tab\" aria-expanded=\"false\">\n                            \n                            \n                            \n                                                            <p class=\"eael-tab-title title-after-icon\" >In 9 giorni<\/p>                                                    <\/li>\n                                            <li id=\"en-6-jours\" class=\"inactive eael-tab-item-trigger eael-tab-nav-item\" aria-selected=\"false\" data-tab=\"3\" role=\"tab\" tabindex=\"-1\" aria-controls=\"en-6-jours-tab\" aria-expanded=\"false\">\n                            \n                            \n                            \n                                                            <p class=\"eael-tab-title title-after-icon\" >In 6 giorni<\/p>                                                    <\/li>\n                                            <li id=\"en-5-jours\" class=\"inactive eael-tab-item-trigger eael-tab-nav-item\" aria-selected=\"false\" data-tab=\"4\" role=\"tab\" tabindex=\"-1\" aria-controls=\"en-5-jours-tab\" aria-expanded=\"false\">\n                            \n                            \n                            \n                                                            <p class=\"eael-tab-title title-after-icon\" >In 5 giorni<\/p>                                                    <\/li>\n                                            <li id=\"en-4-jours\" class=\"inactive eael-tab-item-trigger eael-tab-nav-item\" aria-selected=\"false\" data-tab=\"5\" role=\"tab\" tabindex=\"-1\" aria-controls=\"en-4-jours-tab\" aria-expanded=\"false\">\n                            \n                            \n                            \n                                                            <p class=\"eael-tab-title title-after-icon\" >In 4 giorni<\/p>                                                    <\/li>\n                                            <li id=\"en-3-jours\" class=\"inactive eael-tab-item-trigger eael-tab-nav-item\" aria-selected=\"false\" data-tab=\"6\" role=\"tab\" tabindex=\"-1\" aria-controls=\"en-3-jours-tab\" aria-expanded=\"false\">\n                            \n                            \n                            \n                                                            <p class=\"eael-tab-title title-after-icon\" >In 3 giorni<\/p>                                                    <\/li>\n                                            <li id=\"en-2-jours\" class=\"inactive eael-tab-item-trigger eael-tab-nav-item\" aria-selected=\"false\" data-tab=\"7\" role=\"tab\" tabindex=\"-1\" aria-controls=\"en-2-jours-tab\" aria-expanded=\"false\">\n                            \n                            \n                            \n                                                            <p class=\"eael-tab-title title-after-icon\" >In 2 giorni<\/p>                                                    <\/li>\n                    \n                                  <\/ul>\n            <\/div>\n            \n            <div class=\"eael-tabs-content\">\n\t\t        \n                    <div id=\"vue-densemble-tab\" class=\"clearfix eael-tab-content-item inactive\" data-title-link=\"vue-densemble-tab\">\n\t\t\t\t        <p><a href=\"https:\/\/tourdesmuverans.ch\/it\/etapes\/tourcomplet\/\" target=\"_blank\" rel=\"noopener\">Clicca qui<\/a> \u00e8 possibile utilizzare il Tour des Muverans sull'applicazione Swisstopo o importarlo in SvizzeraMobile. Entrambe le applicazioni sono gratuite.<\/p><p>\u00c8 inoltre possibile utilizzare il comando\u00a0<a href=\"https:\/\/easy-trek.com\/fr\/trekSelection?trekID=15\" target=\"_blank\" rel=\"noopener nofollow\">easy-trek.com<\/a>\u00a0che vi aiuter\u00e0 a preparare il vostro turno.<\/p><p>Evitate di usare Google Maps, che non \u00e8 abbastanza preciso per le escursioni in montagna.<\/p>                    <\/div>\n\t\t        \n                    <div id=\"en-9-jours-tab\" class=\"clearfix eael-tab-content-item inactive\" data-title-link=\"en-9-jours-tab\">\n\t\t\t\t        <h2>Partenza da Pont de Nant<\/h2><h3>In senso orario<\/h3><p>Tappa 1: Pont de Nant - La Tourche - 4h30 (via Cingio, Euzanne, Javernes e Croix de Javernes)<\/p><p>Tappa 2: La Tourche - Chalet Neuf - 2h15 (via Rionda e l'Au d'Arbignon)<\/p><p>Tappa 3: Chalet Neuf - Sorniot - 2h15 (via il Col du Dem\u00e8cre)<\/p><p>Tappa 4: Sorniot - Lui d'Ao\u00fbt - 2h30<\/p><p>Tappa 5: Lui d'Ao\u00fbt - Rambert - 3h15<\/p><p>Tappa 6: Rambert - Dorbon - 3h<\/p><p>Tappa 7: Dorbon - Anzeindaz - 3h30<\/p><p>Tappa 8: Anzeindaz - Plan N\u00e9v\u00e9 - 3h15<\/p><p>Tappa 9: Plan Nev\u00e9 - Pont de Nant - 1h50<\/p>                    <\/div>\n\t\t        \n                    <div id=\"en-6-jours-tab\" class=\"clearfix eael-tab-content-item inactive\" data-title-link=\"en-6-jours-tab\">\n\t\t\t\t        <h2>Partenza da Pont de Nant<\/h2><h3>In senso orario<\/h3><p>Tappa 1: Pont de Nant - Plan N\u00e9v\u00e9 - 3h<\/p><p>Tappa 2: Plan N\u00e9v\u00e9 - Derborence - 4h20<\/p><p>Tappa 3: Derborence - Rambert - 5h<\/p><p>Tappa 4: Rambert - Dem\u00e8cre - 5h15<\/p><p>Tappa 5: Dem\u00e8cre - La Tourche - 2h45<\/p><p>Tappa 6: La Tourche - Pont de Nant - 4h15<\/p><h2>\u00a0<\/h2><h2>Variante del Pont de Nant<\/h2><h3>In senso orario<\/h3><p>Tappa 1: Pont de Nant - Anzeindaz - 3h15<\/p><p>Tappa 2: Anzeindaz - Dorbon - 3h15<\/p><p>Tappa 3: Dorbon - Lui d'Ao\u00fbt - 5h22<\/p><p>Tappa 4: Lui d'Ao\u00fbt - Sorniot - 2h40<\/p><p>Tappa 5: Sorniot - La Tourche - 3h35<\/p><p>Tappa 6: La Tourche - Pont de Nant - 4h15<\/p>                    <\/div>\n\t\t        \n                    <div id=\"en-5-jours-tab\" class=\"clearfix eael-tab-content-item inactive\" data-title-link=\"en-5-jours-tab\">\n\t\t\t\t        <h2>Partenza da Derborence<\/h2><h3>In senso orario<\/h3><p>Tappa 1: Derborence - Dorbon - 1h40<\/p><p>Tappa 2: Dorbon - Lui d'Ao\u00fbt - 5h30<\/p><p>Tappa 3: Lui d'Ao\u00fbt - Chalet Neuf - 4h10<\/p><p>Tappa 4: Chalet Neuf - Pont de Nant - ore 6.50<\/p><p>Tappa 5: Pont de Nant - Derborence - 5h<\/p><h2>\u00a0<\/h2><h3>In senso antiorario<\/h3><p>Tappa 1: Derborence - La Vare - 3 ore e 45 minuti<\/p><p>Tappa 2: La Vare - La Tourche - 6h25<\/p><p>Tappa 3: La Tourche - Fenestral - 4h20<\/p><p>Tappa 4: Fenestral - Rambert - 4h10<\/p><p>Tappa 5: Rambert - Derborence - 3h50<\/p><h1>\u00a0<\/h1><h2>Partenza da Ovronnaz<\/h2><h3>In senso orario<\/h3><p>Accesso a Jorasse con la seggiovia<\/p><p>Tappa 1: Jorasse - Chalet Neuf - 5h20<\/p><p>Tappa 2: Chalet Neuf - Pont de Nant - 6h<\/p><p>Tappa 3: Pont de Nant - Derborence - 5h<\/p><p>Tappa 4: Derborence - Rambert - 5h<\/p><p>Tappa 5: Rambert - Jorasse - 2h<\/p><h2>\u00a0<\/h2><h3>In senso antiorario<\/h3><p>Tappa 1: Ovronnaz - Rambert - 4h<\/p><p>Tappa 2: Rambert - Anzeindaz - 5h30<\/p><p>Tappa 3: Anzeindaz - La Tourche - 7h00<\/p><p>Tappa 4: La Tourche - Fenestral - 4h10<\/p><p>Tappa 5: Fenestral - Ovronnaz - 2h00<\/p><p><a href=\"https:\/\/tourdesmuverans.ch\/wp-content\/uploads\/2025\/07\/5_jours_ovronnaz_cas.pdf\">Spiegazioni dettagliate<\/a><\/p><h2>\u00a0<\/h2><h3>In senso antiorario<\/h3><p>Salite con la seggiovia a Jorasse<\/p><p>Tappa 1: Jorasse - Dorbon - 4h30<\/p><p>Tappa 2: Dorbon - La Varre - 5h<\/p><p>Tappa 3: La Varre - La Tourche - 6h30<\/p><p>Tappa 4: La Tourche - Dem\u00e8cre - 3h40<\/p><p>Tappa 5: Dem\u00e8cre - Jorasse - 3h00<\/p><h1>\u00a0<\/h1><h2>Partenza da Pont de Nant<\/h2><h3>In senso orario<\/h3><p>Tappa 1: Pont de Nant - Derborence - 4h55<\/p><p>Tappa 2: Derborence - Rambert - 4h30<\/p><p>Tappa 3: Rambert - Fenestral - 3h40<\/p><p>Tappa 4: Fenestral - La Tourche - 3 ore e 45 minuti<\/p><p>Tappa 5: La Tourche - Pont de Nant - 3h10<\/p><h2>\u00a0<\/h2><h3>In senso antiorario<\/h3><p>Tappa 1: Pont de Nant - La Tourche - 4h10<\/p><p>Tappa 2: La Tourche - Dem\u00e8cre - 3h<\/p><p>Tappa 3: Dem\u00e8cre - Lui d'Ao\u00fbt - 3h<\/p><p>Tappa 4: Lui d'Ao\u00fbt - Derborence - 7h<\/p><p>Tappa 5: Derborence - Pont de Nant - 5h<\/p>                    <\/div>\n\t\t        \n                    <div id=\"en-4-jours-tab\" class=\"clearfix eael-tab-content-item inactive\" data-title-link=\"en-4-jours-tab\">\n\t\t\t\t        <h2>Partenza da Ovronnaz<\/h2><h3>In senso antiorario<\/h3><p>Tappa 1: Jorasse - Dorbon - 6h<\/p><p>Tappa 2: Dorbon - Pont de Nant - 6h<\/p><p>Tappa 3: Pont de Nant - La Tourche - 5-6h<\/p><p>Tappa 4: La Tourche - Jorasse - 6h<\/p><h3>In senso orario<\/h3><p>Tappa 1: Jorasse - Chalet Neuf - 5h<\/p><p>Tappa 2: Chalet Neuf - Pont de Nant - 7h<\/p><p>Tappa 3: Pont de Nant - Derborence - 5h10<\/p><p>Tappa 4: Derborence - Jorasse - 6h30<\/p><h1>\u00a0<\/h1><h2>Partenza da Pont de Nant<\/h2><h3>In senso orario<\/h3><p>Tappa 1: Pont de Nant - Derborence - 4h<\/p><p>Tappa 2: Derborence - Lui d'Ao\u00fbt - ore 7.30<\/p><p>Tappa 3: Lui d'Ao\u00fbt - La Tourche - 6h<\/p><p>Tappa 4: La Tourche - Pont de Nant - 4h30<\/p><h1>\u00a0<\/h1><h2>Partenza da Les Martinaux (Morcles)<\/h2><h3>In senso antiorario<\/h3><p>Tappa 1: Les Martinaux - Fenstral - 5h40<\/p><p>Tappa 2: Fenestral - Dorbon - 6h30<\/p><p>Tappa 3: Dorbon - La Vare - 4h30<\/p><p>Tappa 4: La Vare - Les Martinaux - 6h35<\/p>                    <\/div>\n\t\t        \n                    <div id=\"en-3-jours-tab\" class=\"clearfix eael-tab-content-item inactive\" data-title-link=\"en-3-jours-tab\">\n\t\t\t\t        <h2 class=\"article-title small\"><a href=\"https:\/\/tourdesmuverans.ch\/it\/etapes\/3-jours-pont-de-nant\/\" target=\"_blank\" rel=\"noopener\">Partenza da Pont de Nant<\/a><\/h2><h3>In senso orario<\/h3><p>Tappa 1: Pont de Nant - Dorbon - ore 6.45<\/p><p>Tappa 2: Dorbon - Fenestral - 7h00<\/p><p>Tappa 3: Fenestral - Pont de Nant - 7.15<\/p><h1>\u00a0<\/h1><h2><a href=\"https:\/\/tourdesmuverans.ch\/it\/etapes\/3-jours-derborence\/\" target=\"_blank\" rel=\"noopener\">Partenza da Derborence<\/a><\/h2><h3>In senso orario<\/h3><p>Tappa 1: Derborence - Lui d'Ao\u00fbt - ore 7.30<\/p><p>Tappa 2: Lui d'Ao\u00fbt - La Tourche - 6h<\/p><p>Tappa 3: La Tourche - Derborence - ore 8.30<\/p>                    <\/div>\n\t\t        \n                    <div id=\"en-2-jours-tab\" class=\"clearfix eael-tab-content-item inactive\" data-title-link=\"en-2-jours-tab\">\n\t\t\t\t        <h2><a href=\"https:\/\/tourdesmuverans.ch\/it\/etapes\/2-jours-pdn\/\" target=\"_blank\" rel=\"noopener\">Partenza da Pont de Nant<\/a><\/h2><h3>In senso antiorario<\/h3><p>Tappa 1: Pont de Nant - Lui d'Ao\u00fbt - 11.30<\/p><p>Tappa 2: Lui d'Ao\u00fbt - Pont de Nant - 11.30<\/p><h2><a href=\"https:\/\/tourdesmuverans.ch\/it\/etapes\/2-jours-derborence\/\" target=\"_blank\" rel=\"noopener\">Partenza da Derborence<\/a><\/h2><h3>In senso orario<\/h3><p>Tappa 1: Derborence - La Tourche - ore 13.00<\/p><p>Tappa 2: La Tourche - Derborence - ore 9.30<\/p>                    <\/div>\n\t\t                    <\/div>\n        <\/div>\n\t\t\t\t<\/div>\n\t\t\t\t<\/div>\n\t\t\t\t<\/div>\n\t\t\t\t<\/div>","protected":false},"excerpt":{"rendered":"<p>Cliquer sur chaque lieu de d\u00e9part pour acc\u00e9der aux d\u00e9tails Vue d&rsquo;ensemble En 9 jours En 6 jours En 5 jours En 4 jours En 3 jours En 2 jours En cliquant ici vous pourrez utiliser le Tour des Muverans sur l\u2019application Swisstopo ou l\u2019importer dans\u00a0 SuisseMobile. Les deux applications sont gratuites. Vous pouvez \u00e9galement [&hellip;]<\/p>\n","protected":false},"author":2,"featured_media":0,"parent":0,"menu_order":0,"comment_status":"closed","ping_status":"closed","template":"","meta":{"site-sidebar-layout":"no-sidebar","site-content-layout":"page-builder","ast-site-content-layout":"full-width-container","site-content-style":"default","site-sidebar-style":"default","ast-global-header-display":"","ast-banner-title-visibility":"","ast-main-header-display":"","ast-hfb-above-header-display":"","ast-hfb-below-header-display":"","ast-hfb-mobile-header-display":"","site-post-title":"","ast-breadcrumbs-content":"","ast-featured-img":"disabled","footer-sml-layout":"","ast-disable-related-posts":"","theme-transparent-header-meta":"","adv-header-id-meta":"","stick-header-meta":"","header-above-stick-meta":"","header-main-stick-meta":"","header-below-stick-meta":"","astra-migrate-meta-layouts":"set","ast-page-background-enabled":"default","ast-page-background-meta":{"desktop":{"background-color":"var(--ast-global-color-4)","background-image":"","background-repeat":"repeat","background-position":"center center","background-size":"auto","background-attachment":"scroll","background-type":"","background-media":"","overlay-type":"","overlay-color":"","overlay-opacity":"","overlay-gradient":""},"tablet":{"background-color":"","background-image":"","background-repeat":"repeat","background-position":"center center","background-size":"auto","background-attachment":"scroll","background-type":"","background-media":"","overlay-type":"","overlay-color":"","overlay-opacity":"","overlay-gradient":""},"mobile":{"background-color":"","background-image":"","background-repeat":"repeat","background-position":"center center","background-size":"auto","background-attachment":"scroll","background-type":"","background-media":"","overlay-type":"","overlay-color":"","overlay-opacity":"","overlay-gradient":""}},"ast-content-background-meta":{"desktop":{"background-color":"var(--ast-global-color-5)","background-image":"","background-repeat":"repeat","background-position":"center center","background-size":"auto","background-attachment":"scroll","background-type":"","background-media":"","overlay-type":"","overlay-color":"","overlay-opacity":"","overlay-gradient":""},"tablet":{"background-color":"var(--ast-global-color-5)","background-image":"","background-repeat":"repeat","background-position":"center center","background-size":"auto","background-attachment":"scroll","background-type":"","background-media":"","overlay-type":"","overlay-color":"","overlay-opacity":"","overlay-gradient":""},"mobile":{"background-color":"var(--ast-global-color-5)","background-image":"","background-repeat":"repeat","background-position":"center center","background-size":"auto","background-attachment":"scroll","background-type":"","background-media":"","overlay-type":"","overlay-color":"","overlay-opacity":"","overlay-gradient":""}},"footnotes":""},"class_list":["post-3137","page","type-page","status-publish","hentry"],"_links":{"self":[{"href":"https:\/\/tourdesmuverans.ch\/it\/wp-json\/wp\/v2\/pages\/3137","targetHints":{"allow":["GET"]}}],"collection":[{"href":"https:\/\/tourdesmuverans.ch\/it\/wp-json\/wp\/v2\/pages"}],"about":[{"href":"https:\/\/tourdesmuverans.ch\/it\/wp-json\/wp\/v2\/types\/page"}],"author":[{"embeddable":true,"href":"https:\/\/tourdesmuverans.ch\/it\/wp-json\/wp\/v2\/users\/2"}],"replies":[{"embeddable":true,"href":"https:\/\/tourdesmuverans.ch\/it\/wp-json\/wp\/v2\/comments?post=3137"}],"version-history":[{"count":233,"href":"https:\/\/tourdesmuverans.ch\/it\/wp-json\/wp\/v2\/pages\/3137\/revisions"}],"predecessor-version":[{"id":4021,"href":"https:\/\/tourdesmuverans.ch\/it\/wp-json\/wp\/v2\/pages\/3137\/revisions\/4021"}],"wp:attachment":[{"href":"https:\/\/tourdesmuverans.ch\/it\/wp-json\/wp\/v2\/media?parent=3137"}],"curies":[{"name":"wp","href":"https:\/\/api.w.org\/{rel}","templated":true}]}}