{"id":2626,"date":"2025-02-18T10:26:58","date_gmt":"2025-02-18T09:26:58","guid":{"rendered":"https:\/\/tourdesmuverans.ch\/?page_id=2626"},"modified":"2025-07-08T19:56:18","modified_gmt":"2025-07-08T17:56:18","slug":"on-parle-du-tdm","status":"publish","type":"page","link":"https:\/\/tourdesmuverans.ch\/it\/on-parle-du-tdm\/","title":{"rendered":"Stiamo parlando di CT"},"content":{"rendered":"<div data-elementor-type=\"wp-page\" data-elementor-id=\"2626\" class=\"elementor elementor-2626\">\n\t\t\t\t\t\t<section class=\"elementor-section elementor-top-section elementor-element elementor-element-7fe92584 elementor-section-height-min-height elementor-section-boxed elementor-section-height-default elementor-section-items-middle\" data-id=\"7fe92584\" data-element_type=\"section\" data-e-type=\"section\" data-settings=\"{&quot;background_background&quot;:&quot;classic&quot;}\">\n\t\t\t\t\t\t\t<div class=\"elementor-background-overlay\"><\/div>\n\t\t\t\t\t\t\t<div class=\"elementor-container elementor-column-gap-default\">\n\t\t\t\t\t<div class=\"elementor-column elementor-col-100 elementor-top-column elementor-element elementor-element-1303e5b6\" data-id=\"1303e5b6\" data-element_type=\"column\" data-e-type=\"column\">\n\t\t\t<div class=\"elementor-widget-wrap elementor-element-populated\">\n\t\t\t\t\t\t<div class=\"elementor-element elementor-element-3cf45bdd elementor-widget elementor-widget-heading\" data-id=\"3cf45bdd\" data-element_type=\"widget\" data-e-type=\"widget\" data-widget_type=\"heading.default\">\n\t\t\t\t<div class=\"elementor-widget-container\">\n\t\t\t\t\t<h1 class=\"elementor-heading-title elementor-size-default\">Stiamo parlando di CT<\/h1>\t\t\t\t<\/div>\n\t\t\t\t<\/div>\n\t\t\t\t\t<\/div>\n\t\t<\/div>\n\t\t\t\t\t<\/div>\n\t\t<\/section>\n\t\t<div class=\"elementor-element elementor-element-3849644 e-flex e-con-boxed e-con e-parent\" data-id=\"3849644\" data-element_type=\"container\" data-e-type=\"container\">\n\t\t\t\t\t<div class=\"e-con-inner\">\n\t\t\t\t<div class=\"elementor-element elementor-element-f6e9f31 elementor-widget elementor-widget-eael-adv-accordion\" data-id=\"f6e9f31\" data-element_type=\"widget\" data-e-type=\"widget\" data-widget_type=\"eael-adv-accordion.default\">\n\t\t\t\t<div class=\"elementor-widget-container\">\n\t\t\t\t\t            <div class=\"eael-adv-accordion\" id=\"eael-adv-accordion-f6e9f31\" data-scroll-on-click=\"no\" data-scroll-speed=\"300\" data-accordion-id=\"f6e9f31\" data-accordion-type=\"accordion\" data-toogle-speed=\"300\">\n            <div class=\"eael-accordion-list\">\n\t\t\t\t\t<div id=\"article-dans-randonnerch-de-mars-2024\" class=\"elementor-tab-title eael-accordion-header\" tabindex=\"0\" data-tab=\"1\" aria-controls=\"elementor-tab-content-2581\"><span class=\"eael-advanced-accordion-icon-closed\"><i aria-hidden=\"true\" class=\"fa-accordion-icon fas fa-plus\"><\/i><\/span><span class=\"eael-advanced-accordion-icon-opened\"><i aria-hidden=\"true\" class=\"fa-accordion-icon fas fa-minus\"><\/i><\/span><span class=\"eael-accordion-tab-title\">Articolo nel numero di marzo 2024 di \"Randonner.ch<\/span><i aria-hidden=\"true\" class=\"fa-toggle fas fa-angle-right\"><\/i><\/div><div id=\"elementor-tab-content-2581\" class=\"eael-accordion-content clearfix\" data-tab=\"1\" aria-labelledby=\"article-dans-randonnerch-de-mars-2024\"><h2>10 criteri per un'escursione di successo<\/h2><p>Cosa serve per rendere un'escursione un vero successo? Il nostro scrittore, che ha camminato per due giorni da Ovronnaz (VS) a Pont de Nant (VD) passando per Derborence, ci parla delle dieci cose che contano.<\/p><p><a href=\"https:\/\/tourdesmuverans.ch\/wp-content\/uploads\/2025\/02\/LA-RANDONNEE-2024-3-Muverans.pdf\">Leggi l'articolo qui<\/a><\/p><p><a href=\"https:\/\/tourdesmuverans.ch\/wp-content\/uploads\/2025\/03\/DAS-WANDERN-2024-3-Muverans.pdf\">L'articolo in tedesco qui<\/a><\/p><\/div>\n\t\t\t\t\t<\/div><div class=\"eael-accordion-list\">\n\t\t\t\t\t<div id=\"reportage-paju-derborence-du-11-octobre-2024\" class=\"elementor-tab-title eael-accordion-header\" tabindex=\"0\" data-tab=\"2\" aria-controls=\"elementor-tab-content-2582\"><span class=\"eael-advanced-accordion-icon-closed\"><i aria-hidden=\"true\" class=\"fa-accordion-icon fas fa-plus\"><\/i><\/span><span class=\"eael-advanced-accordion-icon-opened\"><i aria-hidden=\"true\" class=\"fa-accordion-icon fas fa-minus\"><\/i><\/span><span class=\"eael-accordion-tab-title\">PAJU - Rapporto di Derborence dell'11 ottobre 2024<\/span><i aria-hidden=\"true\" class=\"fa-toggle fas fa-angle-right\"><\/i><\/div><div id=\"elementor-tab-content-2582\" class=\"eael-accordion-content clearfix\" data-tab=\"2\" aria-labelledby=\"reportage-paju-derborence-du-11-octobre-2024\"><h2 class=\"article-title small\">Eroi dell'autopostale<\/h2><p>Gli autisti degli autopostali diretti a Derborence sono dei maestri. Manovrano senza tremare su questa strada vallesana tanto bella quanto vertiginosa. Ogni giorno, questi coraggiosi autisti continuano l'epopea di questo storico tratto di strada. Emozioni garantite.<\/p><p>Una relazione di Rapha\u00ebl Engel<\/p><p><a href=\"https:\/\/www.rts.ch\/emissions\/passe-moi-les-jumelles\/2024\/video\/les-heros-des-cars-postaux-28656092.html\" rel=\"nofollow noopener\" target=\"_blank\">Il rapporto qui\u00a0<\/a><\/p><\/div>\n\t\t\t\t\t<\/div><div class=\"eael-accordion-list\">\n\t\t\t\t\t<div id=\"on-parle-du-tdm-jusquen-sude\" class=\"elementor-tab-title eael-accordion-header\" tabindex=\"0\" data-tab=\"3\" aria-controls=\"elementor-tab-content-2583\"><span class=\"eael-advanced-accordion-icon-closed\"><i aria-hidden=\"true\" class=\"fa-accordion-icon fas fa-plus\"><\/i><\/span><span class=\"eael-advanced-accordion-icon-opened\"><i aria-hidden=\"true\" class=\"fa-accordion-icon fas fa-minus\"><\/i><\/span><span class=\"eael-accordion-tab-title\">Si parla della TdM fino alla Svezia<\/span><i aria-hidden=\"true\" class=\"fa-toggle fas fa-angle-right\"><\/i><\/div><div id=\"elementor-tab-content-2583\" class=\"eael-accordion-content clearfix\" data-tab=\"3\" aria-labelledby=\"on-parle-du-tdm-jusquen-sude\"><h2><span class=\"HwtZe\"><span class=\"jCAhz ChMk0b\"><span class=\"ryNqvb\">Un blog su viaggi ed escursioni in Europa<\/span><\/span><\/span><\/h2><p>Il Tour des Muverans \u00e8 un'escursione in montagna in Svizzera. \u00c8 un'esperienza naturalistica di grande impatto per chi \u00e8 abituato a vivere dopo un'escursione in montagna. In questa guida troverete informazioni e consigli utili su questo fantastico viaggio.<\/p><p><a href=\"https:\/\/upptacktsfard.se\/2023\/11\/12\/vandra-tour-des-muverans-var-guide\/\" target=\"_blank\" rel=\"noopener nofollow\">Visita il blog<\/a><\/p><\/div>\n\t\t\t\t\t<\/div><\/div>\t\t\t\t<\/div>\n\t\t\t\t<\/div>\n\t\t\t\t\t<\/div>\n\t\t\t\t<\/div>\n\t\t\t\t<\/div>","protected":false},"excerpt":{"rendered":"<p>On parle du TDM Article dans \u00ab\u00a0Randonner.ch\u00a0\u00bb de mars 2024 10 crit\u00e8res pour une randonn\u00e9e r\u00e9ussie Que faut-il pour qu\u2019une randonn\u00e9e soit vraiment r\u00e9ussie? Notre r\u00e9dacteur, qui a march\u00e9 deux jours d\u2019Ovronnaz (VS) \u00e0 Pont de Nant (VD) en passant par Derborence, \u00e9voque les dix \u00e9l\u00e9ments qui comptent Lire l&rsquo;article ici L&rsquo;article en allemand ici [&hellip;]<\/p>\n","protected":false},"author":3,"featured_media":0,"parent":0,"menu_order":0,"comment_status":"closed","ping_status":"closed","template":"","meta":{"site-sidebar-layout":"no-sidebar","site-content-layout":"page-builder","ast-site-content-layout":"full-width-container","site-content-style":"default","site-sidebar-style":"default","ast-global-header-display":"","ast-banner-title-visibility":"","ast-main-header-display":"","ast-hfb-above-header-display":"","ast-hfb-below-header-display":"","ast-hfb-mobile-header-display":"","site-post-title":"disabled","ast-breadcrumbs-content":"","ast-featured-img":"disabled","footer-sml-layout":"","ast-disable-related-posts":"","theme-transparent-header-meta":"","adv-header-id-meta":"","stick-header-meta":"","header-above-stick-meta":"","header-main-stick-meta":"","header-below-stick-meta":"","astra-migrate-meta-layouts":"set","ast-page-background-enabled":"default","ast-page-background-meta":{"desktop":{"background-color":"var(--ast-global-color-4)","background-image":"","background-repeat":"repeat","background-position":"center center","background-size":"auto","background-attachment":"scroll","background-type":"","background-media":"","overlay-type":"","overlay-color":"","overlay-opacity":"","overlay-gradient":""},"tablet":{"background-color":"","background-image":"","background-repeat":"repeat","background-position":"center center","background-size":"auto","background-attachment":"scroll","background-type":"","background-media":"","overlay-type":"","overlay-color":"","overlay-opacity":"","overlay-gradient":""},"mobile":{"background-color":"","background-image":"","background-repeat":"repeat","background-position":"center center","background-size":"auto","background-attachment":"scroll","background-type":"","background-media":"","overlay-type":"","overlay-color":"","overlay-opacity":"","overlay-gradient":""}},"ast-content-background-meta":{"desktop":{"background-color":"var(--ast-global-color-5)","background-image":"","background-repeat":"repeat","background-position":"center center","background-size":"auto","background-attachment":"scroll","background-type":"","background-media":"","overlay-type":"","overlay-color":"","overlay-opacity":"","overlay-gradient":""},"tablet":{"background-color":"var(--ast-global-color-5)","background-image":"","background-repeat":"repeat","background-position":"center center","background-size":"auto","background-attachment":"scroll","background-type":"","background-media":"","overlay-type":"","overlay-color":"","overlay-opacity":"","overlay-gradient":""},"mobile":{"background-color":"var(--ast-global-color-5)","background-image":"","background-repeat":"repeat","background-position":"center center","background-size":"auto","background-attachment":"scroll","background-type":"","background-media":"","overlay-type":"","overlay-color":"","overlay-opacity":"","overlay-gradient":""}},"footnotes":""},"class_list":["post-2626","page","type-page","status-publish","hentry"],"_links":{"self":[{"href":"https:\/\/tourdesmuverans.ch\/it\/wp-json\/wp\/v2\/pages\/2626","targetHints":{"allow":["GET"]}}],"collection":[{"href":"https:\/\/tourdesmuverans.ch\/it\/wp-json\/wp\/v2\/pages"}],"about":[{"href":"https:\/\/tourdesmuverans.ch\/it\/wp-json\/wp\/v2\/types\/page"}],"author":[{"embeddable":true,"href":"https:\/\/tourdesmuverans.ch\/it\/wp-json\/wp\/v2\/users\/3"}],"replies":[{"embeddable":true,"href":"https:\/\/tourdesmuverans.ch\/it\/wp-json\/wp\/v2\/comments?post=2626"}],"version-history":[{"count":29,"href":"https:\/\/tourdesmuverans.ch\/it\/wp-json\/wp\/v2\/pages\/2626\/revisions"}],"predecessor-version":[{"id":2888,"href":"https:\/\/tourdesmuverans.ch\/it\/wp-json\/wp\/v2\/pages\/2626\/revisions\/2888"}],"wp:attachment":[{"href":"https:\/\/tourdesmuverans.ch\/it\/wp-json\/wp\/v2\/media?parent=2626"}],"curies":[{"name":"wp","href":"https:\/\/api.w.org\/{rel}","templated":true}]}}