{"id":1979,"date":"2023-12-30T16:32:08","date_gmt":"2023-12-30T15:32:08","guid":{"rendered":"https:\/\/test4.stxweb.ch\/?page_id=1979"},"modified":"2026-04-18T22:57:44","modified_gmt":"2026-04-18T20:57:44","slug":"faq","status":"publish","type":"page","link":"https:\/\/tourdesmuverans.ch\/it\/faq\/","title":{"rendered":"FAQ"},"content":{"rendered":"<div data-elementor-type=\"wp-page\" data-elementor-id=\"1979\" class=\"elementor elementor-1979\">\n\t\t\t\t\t\t<section class=\"elementor-section elementor-top-section elementor-element elementor-element-7fe92584 elementor-section-height-min-height elementor-section-boxed elementor-section-height-default elementor-section-items-middle\" data-id=\"7fe92584\" data-element_type=\"section\" data-e-type=\"section\" data-settings=\"{&quot;background_background&quot;:&quot;classic&quot;}\">\n\t\t\t\t\t\t\t<div class=\"elementor-background-overlay\"><\/div>\n\t\t\t\t\t\t\t<div class=\"elementor-container elementor-column-gap-default\">\n\t\t\t\t\t<div class=\"elementor-column elementor-col-100 elementor-top-column elementor-element elementor-element-1303e5b6\" data-id=\"1303e5b6\" data-element_type=\"column\" data-e-type=\"column\">\n\t\t\t<div class=\"elementor-widget-wrap elementor-element-populated\">\n\t\t\t\t\t\t<div class=\"elementor-element elementor-element-3cf45bdd elementor-widget elementor-widget-heading\" data-id=\"3cf45bdd\" data-element_type=\"widget\" data-e-type=\"widget\" data-widget_type=\"heading.default\">\n\t\t\t\t<div class=\"elementor-widget-container\">\n\t\t\t\t\t<h1 class=\"elementor-heading-title elementor-size-default\">FAQ<\/h1>\t\t\t\t<\/div>\n\t\t\t\t<\/div>\n\t\t\t\t\t<\/div>\n\t\t<\/div>\n\t\t\t\t\t<\/div>\n\t\t<\/section>\n\t\t<div class=\"elementor-element elementor-element-3849644 e-flex e-con-boxed e-con e-parent\" data-id=\"3849644\" data-element_type=\"container\" data-e-type=\"container\">\n\t\t\t\t\t<div class=\"e-con-inner\">\n\t\t\t\t<div class=\"elementor-element elementor-element-f6e9f31 elementor-widget elementor-widget-eael-adv-accordion\" data-id=\"f6e9f31\" data-element_type=\"widget\" data-e-type=\"widget\" data-widget_type=\"eael-adv-accordion.default\">\n\t\t\t\t<div class=\"elementor-widget-container\">\n\t\t\t\t\t            <div class=\"eael-adv-accordion\" id=\"eael-adv-accordion-f6e9f31\" data-scroll-on-click=\"no\" data-scroll-speed=\"300\" data-accordion-id=\"f6e9f31\" data-accordion-type=\"accordion\" data-toogle-speed=\"300\">\n            <div class=\"eael-accordion-list\">\n\t\t\t\t\t<div id=\"quelle-est-la-meilleure-carte-pour-prparer-son-tour-des-muverans-\" class=\"elementor-tab-title eael-accordion-header\" tabindex=\"0\" data-tab=\"1\" aria-controls=\"elementor-tab-content-2581\"><span class=\"eael-advanced-accordion-icon-closed\"><i aria-hidden=\"true\" class=\"fa-accordion-icon fas fa-plus\"><\/i><\/span><span class=\"eael-advanced-accordion-icon-opened\"><i aria-hidden=\"true\" class=\"fa-accordion-icon fas fa-minus\"><\/i><\/span><span class=\"eael-accordion-tab-title\">Qual \u00e8 la migliore mappa per preparare il \"vostro\" Tour des Muverans?<\/span><i aria-hidden=\"true\" class=\"fa-toggle fas fa-angle-right\"><\/i><\/div><div id=\"elementor-tab-content-2581\" class=\"eael-accordion-content clearfix\" data-tab=\"1\" aria-labelledby=\"quelle-est-la-meilleure-carte-pour-prparer-son-tour-des-muverans-\"><p>Ti consigliamo vivamente di ricorrere alle applicazioni gratuite per smartphone <a href=\"https:\/\/schweizmobil.ch\/fr\/appli-suissemobile\" target=\"_blank\" rel=\"noopener nofollow\">SvizzeraMobile<\/a>, o\/o, o\/e <a href=\"https:\/\/www.swisstopo.admin.ch\/fr\/application-swisstopo\" target=\"_blank\" rel=\"noopener nofollow\">Swisstopo<\/a>. Il vantaggio di queste applicazioni \u00e8, tra gli altri, quello di essere aggiornate almeno una volta all'anno, cosa che ovviamente non accade per una mappa cartacea. Sono molto pi\u00f9 precise di Google Maps, che sconsigliamo di utilizzare in montagna. Di contro, ricordatevi di scaricare le mappe necessarie per la vostra escursione, a casa, sfruttando la vostra Wi-Fi.<\/p><p>Per gli amanti delle carte cartacee, la carta \u00abDu Rh\u00f4ne aux Muverans\u00bb copre l'intero TdM, in scala 1:25.000. Pu\u00f2 essere acquistata presso vari rivenditori specializzati e uffici turistici, in particolare quello di Ovronnaz., <a href=\"https:\/\/boutique-ovronnaz.ch\" target=\"_blank\" rel=\"noopener nofollow\">boutique-ovronnaz.ch<\/a><\/p><\/div>\n\t\t\t\t\t<\/div><div class=\"eael-accordion-list\">\n\t\t\t\t\t<div id=\"puis-je-trouver-sur-votre-site-ou-par-votre-intermdiaire-des-renseignements-relatifs-la-mto-et-aux-conditions-quil-est-possible-de-rencontrer-une-priode-prcise-sur-le-tour-des-muverans-\" class=\"elementor-tab-title eael-accordion-header\" tabindex=\"0\" data-tab=\"2\" aria-controls=\"elementor-tab-content-2582\"><span class=\"eael-advanced-accordion-icon-closed\"><i aria-hidden=\"true\" class=\"fa-accordion-icon fas fa-plus\"><\/i><\/span><span class=\"eael-advanced-accordion-icon-opened\"><i aria-hidden=\"true\" class=\"fa-accordion-icon fas fa-minus\"><\/i><\/span><span class=\"eael-accordion-tab-title\">Posso trovare sul vostro sito o tramite voi informazioni sul meteo e sulle condizioni che si possono incontrare, in un periodo specifico, sul Tour des Muverans?<\/span><i aria-hidden=\"true\" class=\"fa-toggle fas fa-angle-right\"><\/i><\/div><div id=\"elementor-tab-content-2582\" class=\"eael-accordion-content clearfix\" data-tab=\"2\" aria-labelledby=\"puis-je-trouver-sur-votre-site-ou-par-votre-intermdiaire-des-renseignements-relatifs-la-mto-et-aux-conditions-quil-est-possible-de-rencontrer-une-priode-prcise-sur-le-tour-des-muverans-\"><p>L'applicazione gratuita per smartphone <a href=\"https:\/\/www.meteosuisse.admin.ch\/services-et-publications\/service\/produits-meteorologiques-et-climatiques\/l-app-de-meteosuisse.html\" target=\"_blank\" rel=\"noopener nofollow\">Meteosvizzera<\/a> fornisce informazioni abbastanza precise in tempo reale. Altrimenti, hai sempre la possibilit\u00e0 di informarti presso i custodi dei rifugi. Non dimenticare per\u00f2 di portare con te l'attrezzatura necessaria in caso di maltempo e freddo.<\/p><\/div>\n\t\t\t\t\t<\/div><div class=\"eael-accordion-list\">\n\t\t\t\t\t<div id=\"on-nous-a-parl-de-deux-endroits-les-vires-et-le-passage-col-des-martinets-col-des-perris-blancs-un-tantinet-vertigineux-tout-au-moins-pour-qui-prouve-un-problme-face-au-vide-ou-aux-trs-fortes-pentes-est-il-possible-de-trouver-des-sentiers-dvitement-plus-faciles-\" class=\"elementor-tab-title eael-accordion-header\" tabindex=\"0\" data-tab=\"3\" aria-controls=\"elementor-tab-content-2583\"><span class=\"eael-advanced-accordion-icon-closed\"><i aria-hidden=\"true\" class=\"fa-accordion-icon fas fa-plus\"><\/i><\/span><span class=\"eael-advanced-accordion-icon-opened\"><i aria-hidden=\"true\" class=\"fa-accordion-icon fas fa-minus\"><\/i><\/span><span class=\"eael-accordion-tab-title\">Ci hanno parlato di due posti (le vires e il passo dei Martinets \/ passo dei Perris Blancs) un po' vertiginosi, almeno per chi ha problemi con il vuoto o con pendenze molto ripide. \u00c8 possibile trovare sentieri alternativi pi\u00f9 facili?<\/span><i aria-hidden=\"true\" class=\"fa-toggle fas fa-angle-right\"><\/i><\/div><div id=\"elementor-tab-content-2583\" class=\"eael-accordion-content clearfix\" data-tab=\"3\" aria-labelledby=\"on-nous-a-parl-de-deux-endroits-les-vires-et-le-passage-col-des-martinets-col-des-perris-blancs-un-tantinet-vertigineux-tout-au-moins-pour-qui-prouve-un-problme-face-au-vide-ou-aux-trs-fortes-pentes-est-il-possible-de-trouver-des-sentiers-dvitement-plus-faciles-\"><p>S\u00ec, nessun problema.<br \/>Uno di questi passaggi \u00e8 una cengia che si snoda alla base delle Dents de Morcles, sul tratto Col du Dem\u00e8cre \u2013 Rionda. Si evita facilmente seguendo la segnaletica. <a href=\"https:\/\/tourdesmuverans.ch\/it\/etapes\/variantes\/\" target=\"_blank\" rel=\"noopener\">\u00abVariante del TdM<\/a>, via Chalet Neuf.<br \/>L\u00b4altro passaggio, il culmine del TdM, \u00e8 il Col des Martinets, 2612 m, perfettamente attrezzato. Se si vuole evitare, seguire la <a href=\"https:\/\/tourdesmuverans.ch\/it\/etapes\/variantes\/\" target=\"_blank\" rel=\"noopener\">\u00abVariante\u00bb<\/a> che consente di raggiungere il rifugio La Tourche da Pont-de-Nant, passando per l'alpeggio di Javerne.<\/p><\/div>\n\t\t\t\t\t<\/div><div class=\"eael-accordion-list\">\n\t\t\t\t\t<div id=\"je-possde-un-chien-et-je-marche-toujours-avec-lui-est-il-possible-de-faire-le-tdm-en-sa-compagnie-\" class=\"elementor-tab-title eael-accordion-header\" tabindex=\"0\" data-tab=\"4\" aria-controls=\"elementor-tab-content-2584\"><span class=\"eael-advanced-accordion-icon-closed\"><i aria-hidden=\"true\" class=\"fa-accordion-icon fas fa-plus\"><\/i><\/span><span class=\"eael-advanced-accordion-icon-opened\"><i aria-hidden=\"true\" class=\"fa-accordion-icon fas fa-minus\"><\/i><\/span><span class=\"eael-accordion-tab-title\">Ho un cane e cammino sempre con lui. \u00c8 possibile fare la TdM con lui?<\/span><i aria-hidden=\"true\" class=\"fa-toggle fas fa-angle-right\"><\/i><\/div><div id=\"elementor-tab-content-2584\" class=\"eael-accordion-content clearfix\" data-tab=\"4\" aria-labelledby=\"je-possde-un-chien-et-je-marche-toujours-avec-lui-est-il-possible-de-faire-le-tdm-en-sa-compagnie-\"><p>Non \u00e8 vietato portare a spasso il proprio cane. Bisogna solo tenere presente che una buona parte del Tour si svolge in un distretto federale e che la regola che si applicher\u00e0 sar\u00e0 di tenerlo al guinzaglio per tutta la parte interessata (Rambert-Derborence-Anzeindaz-Pont de Nant-La Tourche). Alcuni rifugi mettono a disposizione degli spazi (canile, recinto, rimessa, ecc.) per il vostro compagno a quattro zampe, vi preghiamo di chiedere direttamente ai gestori.<\/p><\/div>\n\t\t\t\t\t<\/div><div class=\"eael-accordion-list\">\n\t\t\t\t\t<div id=\"jai-vu-sur-une-carte-divers-passages-qui-me-tentent-mais-qui-ne-semblent-pas-faire-partie-de-litinraire-habituel-le-pacheu-et-le-col-des-chamois-dans-lide-dune-traverse-rambert-cabane-plan-nv-anzeindaz-quen-pensez-vous-\" class=\"elementor-tab-title eael-accordion-header\" tabindex=\"0\" data-tab=\"5\" aria-controls=\"elementor-tab-content-2585\"><span class=\"eael-advanced-accordion-icon-closed\"><i aria-hidden=\"true\" class=\"fa-accordion-icon fas fa-plus\"><\/i><\/span><span class=\"eael-advanced-accordion-icon-opened\"><i aria-hidden=\"true\" class=\"fa-accordion-icon fas fa-minus\"><\/i><\/span><span class=\"eael-accordion-tab-title\">Ho visto su una mappa diversi passaggi che mi attirano, ma che non sembrano far parte dell'itinerario usuale: il Pacheu e il Col des Chamois, nell'idea di una traversata Rambert \u2013 capanna Plan N\u00e9v\u00e9 - Anzeindaz. Cosa ne pensate?<\/span><i aria-hidden=\"true\" class=\"fa-toggle fas fa-angle-right\"><\/i><\/div><div id=\"elementor-tab-content-2585\" class=\"eael-accordion-content clearfix\" data-tab=\"5\" aria-labelledby=\"jai-vu-sur-une-carte-divers-passages-qui-me-tentent-mais-qui-ne-semblent-pas-faire-partie-de-litinraire-habituel-le-pacheu-et-le-col-des-chamois-dans-lide-dune-traverse-rambert-cabane-plan-nv-anzeindaz-quen-pensez-vous-\"><p>Questi sono itinerari che non fanno parte del TdM, ma che si possono percorrere a patto di avere un piede sicuro (aereo). Il Pacheu, dal lago della Forclaz, non \u00e8 segnalato e la discesa (attenzione ai sassi che cadono) sul ghiacciaio si effettua con catene (corrimano). Una volta arrivati sul ghiaccio, \u00e8 necessario orientarsi bene per raggiungere il sentiero che conduce al rifugio Plan N\u00e9v\u00e9.<br \/>col des Chamois (dalla partenza di Plan N\u00e9v\u00e9) \u00e8 un <a href=\"https:\/\/www.suisse-rando.ch\/fr\/savoir\/signalisation\/categories-de-chemins-de-randonnee#page-section-3\" target=\"_blank\" rel=\"noopener nofollow\">sentiero alpino<\/a>, che comporta rischi e non pu\u00f2 essere paragonato a una \u00abpasseggiata\u00bb.<\/p><\/div>\n\t\t\t\t\t<\/div><div class=\"eael-accordion-list\">\n\t\t\t\t\t<div id=\"quelles-sont-les-diffrents-points-de-dpart-pour-le-tdm-\" class=\"elementor-tab-title eael-accordion-header\" tabindex=\"0\" data-tab=\"6\" aria-controls=\"elementor-tab-content-2586\"><span class=\"eael-advanced-accordion-icon-closed\"><i aria-hidden=\"true\" class=\"fa-accordion-icon fas fa-plus\"><\/i><\/span><span class=\"eael-advanced-accordion-icon-opened\"><i aria-hidden=\"true\" class=\"fa-accordion-icon fas fa-minus\"><\/i><\/span><span class=\"eael-accordion-tab-title\">Quali sono i diversi punti di partenza per il TdM?<\/span><i aria-hidden=\"true\" class=\"fa-toggle fas fa-angle-right\"><\/i><\/div><div id=\"elementor-tab-content-2586\" class=\"eael-accordion-content clearfix\" data-tab=\"6\" aria-labelledby=\"quelles-sont-les-diffrents-points-de-dpart-pour-le-tdm-\"><p>I principali punti di partenza al Tour sono: <a href=\"https:\/\/tourdesmuverans.ch\/it\/etapes\/tourcomplet\/#ovronnaz\" target=\"_blank\" rel=\"noopener\">Ovronnaz<\/a>, <a href=\"https:\/\/tourdesmuverans.ch\/it\/etapes\/tourcomplet\/#derborence\" target=\"_blank\" rel=\"noopener\">Derborence<\/a> e <a href=\"https:\/\/tourdesmuverans.ch\/it\/etapes\/tourcomplet\/#pontnant\" target=\"_blank\" rel=\"noopener\">Pont de Nant<\/a>. Potete anche unirvi al Tour nei seguenti punti (con 1h30 di cammino di avvicinamento): <a href=\"https:\/\/s.geo.admin.ch\/i9s79ppf06vy\" target=\"_blank\" rel=\"noopener nofollow\">L'Eri\u00e9 ou L\u00e9ri\u00e9<\/a> (Completamente), Les <a href=\"https:\/\/s.geo.admin.ch\/0xt4t9gm4i8k\" target=\"_blank\" rel=\"noopener nofollow\">Martinaux<\/a> (Morcles) e <a href=\"https:\/\/tourdesmuverans.ch\/it\/etapes\/tourcomplet\/#solalex\" target=\"_blank\" rel=\"noopener\">Solalex<\/a> (Bex). Si nota che il parcheggio di quest'ultimo \u00e8 a pagamento. Si pu\u00f2 anche raggiungere l\u2019<a href=\"https:\/\/s.geo.admin.ch\/d9qjax1rxou6\" target=\"_blank\" rel=\"noopener nofollow\">Au D\u2019Arbignon<\/a> su una strada che sale da <a href=\"https:\/\/s.geo.admin.ch\/rrifglwtczwp\" target=\"_blank\" rel=\"noopener nofollow\">Collonges<\/a> (prevedere un fuoristrada).<\/p><\/div>\n\t\t\t\t\t<\/div><div class=\"eael-accordion-list\">\n\t\t\t\t\t<div id=\"est-il-possible-de-partir-du-village-de-morcles-\" class=\"elementor-tab-title eael-accordion-header\" tabindex=\"0\" data-tab=\"7\" aria-controls=\"elementor-tab-content-2587\"><span class=\"eael-advanced-accordion-icon-closed\"><i aria-hidden=\"true\" class=\"fa-accordion-icon fas fa-plus\"><\/i><\/span><span class=\"eael-advanced-accordion-icon-opened\"><i aria-hidden=\"true\" class=\"fa-accordion-icon fas fa-minus\"><\/i><\/span><span class=\"eael-accordion-tab-title\">\u00c8 possibile partire dal villaggio di Morcles?<\/span><i aria-hidden=\"true\" class=\"fa-toggle fas fa-angle-right\"><\/i><\/div><div id=\"elementor-tab-content-2587\" class=\"eael-accordion-content clearfix\" data-tab=\"7\" aria-labelledby=\"est-il-possible-de-partir-du-village-de-morcles-\"><p>Purtroppo il villaggio di <a href=\"https:\/\/s.geo.admin.ch\/kl9yocpthura\" target=\"_blank\" rel=\"noopener nofollow\">Morcles<\/a> non \u00e8 pi\u00f9 servito dai trasporti pubblici. Tuttavia \u00e8 possibile parcheggiare il proprio veicolo in quota a Morcles, in localit\u00e0 <a href=\"https:\/\/s.geo.admin.ch\/0xt4t9gm4i8k\" rel=\"nofollow noopener\" target=\"_blank\">I Martinaux<\/a>, 1726 m. Da l\u00ec, a piedi, \u00e8 possibile raggiungere il sentiero per il rifugio di La Tourche in 1 ora e 15 minuti.<\/p><\/div>\n\t\t\t\t\t<\/div><div class=\"eael-accordion-list\">\n\t\t\t\t\t<div id=\"est-il-possible-de-faire-le-tdm-en-dormant-librement-sous-sa-tente-de-camping-sans-recourir-aux-cabanes-et-gtes-\" class=\"elementor-tab-title eael-accordion-header\" tabindex=\"0\" data-tab=\"8\" aria-controls=\"elementor-tab-content-2588\"><span class=\"eael-advanced-accordion-icon-closed\"><i aria-hidden=\"true\" class=\"fa-accordion-icon fas fa-plus\"><\/i><\/span><span class=\"eael-advanced-accordion-icon-opened\"><i aria-hidden=\"true\" class=\"fa-accordion-icon fas fa-minus\"><\/i><\/span><span class=\"eael-accordion-tab-title\">\u00c8 possibile fare la TdM dormendo nella propria tenda, senza utilizzare cabine o g\u00eetes?<\/span><i aria-hidden=\"true\" class=\"fa-toggle fas fa-angle-right\"><\/i><\/div><div id=\"elementor-tab-content-2588\" class=\"eael-accordion-content clearfix\" data-tab=\"8\" aria-labelledby=\"est-il-possible-de-faire-le-tdm-en-dormant-librement-sous-sa-tente-de-camping-sans-recourir-aux-cabanes-et-gtes-\"><p>Nel distretto Franc Federal (Rambert-Derborence-Anzeindaz-Pont de Nant-La Tourche) \u00e8 vietato campeggiare. Sul resto del percorso non ci sono restrizioni. Se tuttavia avete previsto di montare la vostra tenda nelle vicinanze di un rifugio, vi preghiamo di avvertire il gestore. Attenzione ai corsi d'acqua (piene).<\/p><\/div>\n\t\t\t\t\t<\/div><div class=\"eael-accordion-list\">\n\t\t\t\t\t<div id=\"quelle-est-la-meilleure-priode-pour-parcourir-le-tdm-\" class=\"elementor-tab-title eael-accordion-header\" tabindex=\"0\" data-tab=\"9\" aria-controls=\"elementor-tab-content-2589\"><span class=\"eael-advanced-accordion-icon-closed\"><i aria-hidden=\"true\" class=\"fa-accordion-icon fas fa-plus\"><\/i><\/span><span class=\"eael-advanced-accordion-icon-opened\"><i aria-hidden=\"true\" class=\"fa-accordion-icon fas fa-minus\"><\/i><\/span><span class=\"eael-accordion-tab-title\">Quando \u00e8 il momento migliore per visitare la TdM?<\/span><i aria-hidden=\"true\" class=\"fa-toggle fas fa-angle-right\"><\/i><\/div><div id=\"elementor-tab-content-2589\" class=\"eael-accordion-content clearfix\" data-tab=\"9\" aria-labelledby=\"quelle-est-la-meilleure-priode-pour-parcourir-le-tdm-\"><p>La TdM \u00e8 un tour a piedi. Il periodo consigliato va da giugno a settembre.<br \/>Alcuni anni pu\u00f2 essere percorribile da inizio giugno a fine ottobre.<\/p><\/div>\n\t\t\t\t\t<\/div><div class=\"eael-accordion-list\">\n\t\t\t\t\t<div id=\"est-il-possible-de-raliser-le-parcours-intgral-du-tdm-en-hiver-en-ski-de-rando-\" class=\"elementor-tab-title eael-accordion-header\" tabindex=\"0\" data-tab=\"10\" aria-controls=\"elementor-tab-content-25810\"><span class=\"eael-advanced-accordion-icon-closed\"><i aria-hidden=\"true\" class=\"fa-accordion-icon fas fa-plus\"><\/i><\/span><span class=\"eael-advanced-accordion-icon-opened\"><i aria-hidden=\"true\" class=\"fa-accordion-icon fas fa-minus\"><\/i><\/span><span class=\"eael-accordion-tab-title\">\u00c8 possibile fare l'intero percorso della TdM in inverno, con gli sci da scialpinismo?<\/span><i aria-hidden=\"true\" class=\"fa-toggle fas fa-angle-right\"><\/i><\/div><div id=\"elementor-tab-content-25810\" class=\"eael-accordion-content clearfix\" data-tab=\"10\" aria-labelledby=\"est-il-possible-de-raliser-le-parcours-intgral-du-tdm-en-hiver-en-ski-de-rando-\"><p>\u00c8 difficile fare il Tour in inverno, \u00e8 soprattutto dovuto ai rischi di valanga e ai numerosi canaloni da attraversare. Inoltre, bisogna rispettare il riposo della fauna selvatica.<br \/>La maggior parte degli chalet \u00e8 chiusa in inverno, nessuno \u00e8 custodito.<\/p><\/div>\n\t\t\t\t\t<\/div><div class=\"eael-accordion-list\">\n\t\t\t\t\t<div id=\"existe-t-il-des-possibilits-de-randonnes-hivernales-sur-le-trac-du-tdm-\" class=\"elementor-tab-title eael-accordion-header\" tabindex=\"0\" data-tab=\"11\" aria-controls=\"elementor-tab-content-25811\"><span class=\"eael-advanced-accordion-icon-closed\"><i aria-hidden=\"true\" class=\"fa-accordion-icon fas fa-plus\"><\/i><\/span><span class=\"eael-advanced-accordion-icon-opened\"><i aria-hidden=\"true\" class=\"fa-accordion-icon fas fa-minus\"><\/i><\/span><span class=\"eael-accordion-tab-title\">Ci sono passeggiate invernali lungo il percorso della TdM?<\/span><i aria-hidden=\"true\" class=\"fa-toggle fas fa-angle-right\"><\/i><\/div><div id=\"elementor-tab-content-25811\" class=\"eael-accordion-content clearfix\" data-tab=\"11\" aria-labelledby=\"existe-t-il-des-possibilits-de-randonnes-hivernales-sur-le-trac-du-tdm-\"><p>Alcune zone sono piuttosto affollate in inverno, soprattutto sul versante di Ovronnaz (e un po' su Pont de Nant). Ma non bisogna dimenticare che il TDM rimane un'escursione estiva.<\/p><\/div>\n\t\t\t\t\t<\/div><\/div>\t\t\t\t<\/div>\n\t\t\t\t<\/div>\n\t\t\t\t\t<\/div>\n\t\t\t\t<\/div>\n\t\t\t\t<\/div>","protected":false},"excerpt":{"rendered":"<p>FAQ Quelle est la meilleure carte pour pr\u00e9parer \u00abson\u00bb Tour des Muverans ? Nous vous conseillons vivement le recours aux applications gratuites pour smartphones SuisseMobile, ou\/et Swisstopo. L&rsquo;avantage de ces applications est, entre autres, d&rsquo;\u00eatres mises \u00e0 jour au minimum une fois par an, ce qui n&rsquo;est bien s\u00fbr pas le cas d&rsquo;une carte papier. [&hellip;]<\/p>\n","protected":false},"author":1,"featured_media":0,"parent":0,"menu_order":0,"comment_status":"closed","ping_status":"closed","template":"","meta":{"site-sidebar-layout":"no-sidebar","site-content-layout":"page-builder","ast-site-content-layout":"full-width-container","site-content-style":"default","site-sidebar-style":"default","ast-global-header-display":"","ast-banner-title-visibility":"","ast-main-header-display":"","ast-hfb-above-header-display":"","ast-hfb-below-header-display":"","ast-hfb-mobile-header-display":"","site-post-title":"disabled","ast-breadcrumbs-content":"","ast-featured-img":"disabled","footer-sml-layout":"","ast-disable-related-posts":"","theme-transparent-header-meta":"","adv-header-id-meta":"","stick-header-meta":"","header-above-stick-meta":"","header-main-stick-meta":"","header-below-stick-meta":"","astra-migrate-meta-layouts":"set","ast-page-background-enabled":"default","ast-page-background-meta":{"desktop":{"background-color":"var(--ast-global-color-4)","background-image":"","background-repeat":"repeat","background-position":"center center","background-size":"auto","background-attachment":"scroll","background-type":"","background-media":"","overlay-type":"","overlay-color":"","overlay-opacity":"","overlay-gradient":""},"tablet":{"background-color":"","background-image":"","background-repeat":"repeat","background-position":"center center","background-size":"auto","background-attachment":"scroll","background-type":"","background-media":"","overlay-type":"","overlay-color":"","overlay-opacity":"","overlay-gradient":""},"mobile":{"background-color":"","background-image":"","background-repeat":"repeat","background-position":"center center","background-size":"auto","background-attachment":"scroll","background-type":"","background-media":"","overlay-type":"","overlay-color":"","overlay-opacity":"","overlay-gradient":""}},"ast-content-background-meta":{"desktop":{"background-color":"var(--ast-global-color-5)","background-image":"","background-repeat":"repeat","background-position":"center center","background-size":"auto","background-attachment":"scroll","background-type":"","background-media":"","overlay-type":"","overlay-color":"","overlay-opacity":"","overlay-gradient":""},"tablet":{"background-color":"var(--ast-global-color-5)","background-image":"","background-repeat":"repeat","background-position":"center center","background-size":"auto","background-attachment":"scroll","background-type":"","background-media":"","overlay-type":"","overlay-color":"","overlay-opacity":"","overlay-gradient":""},"mobile":{"background-color":"var(--ast-global-color-5)","background-image":"","background-repeat":"repeat","background-position":"center center","background-size":"auto","background-attachment":"scroll","background-type":"","background-media":"","overlay-type":"","overlay-color":"","overlay-opacity":"","overlay-gradient":""}},"footnotes":""},"class_list":["post-1979","page","type-page","status-publish","hentry"],"_links":{"self":[{"href":"https:\/\/tourdesmuverans.ch\/it\/wp-json\/wp\/v2\/pages\/1979","targetHints":{"allow":["GET"]}}],"collection":[{"href":"https:\/\/tourdesmuverans.ch\/it\/wp-json\/wp\/v2\/pages"}],"about":[{"href":"https:\/\/tourdesmuverans.ch\/it\/wp-json\/wp\/v2\/types\/page"}],"author":[{"embeddable":true,"href":"https:\/\/tourdesmuverans.ch\/it\/wp-json\/wp\/v2\/users\/1"}],"replies":[{"embeddable":true,"href":"https:\/\/tourdesmuverans.ch\/it\/wp-json\/wp\/v2\/comments?post=1979"}],"version-history":[{"count":70,"href":"https:\/\/tourdesmuverans.ch\/it\/wp-json\/wp\/v2\/pages\/1979\/revisions"}],"predecessor-version":[{"id":4241,"href":"https:\/\/tourdesmuverans.ch\/it\/wp-json\/wp\/v2\/pages\/1979\/revisions\/4241"}],"wp:attachment":[{"href":"https:\/\/tourdesmuverans.ch\/it\/wp-json\/wp\/v2\/media?parent=1979"}],"curies":[{"name":"wp","href":"https:\/\/api.w.org\/{rel}","templated":true}]}}