{"id":1979,"date":"2023-12-30T16:32:08","date_gmt":"2023-12-30T15:32:08","guid":{"rendered":"https:\/\/test4.stxweb.ch\/?page_id=1979"},"modified":"2026-04-04T23:40:55","modified_gmt":"2026-04-04T21:40:55","slug":"faq","status":"publish","type":"page","link":"https:\/\/tourdesmuverans.ch\/en\/faq\/","title":{"rendered":"FAQ"},"content":{"rendered":"<div data-elementor-type=\"wp-page\" data-elementor-id=\"1979\" class=\"elementor elementor-1979\">\n\t\t\t\t\t\t<section class=\"elementor-section elementor-top-section elementor-element elementor-element-7fe92584 elementor-section-height-min-height elementor-section-boxed elementor-section-height-default elementor-section-items-middle\" data-id=\"7fe92584\" data-element_type=\"section\" data-e-type=\"section\" data-settings=\"{&quot;background_background&quot;:&quot;classic&quot;}\">\n\t\t\t\t\t\t\t<div class=\"elementor-background-overlay\"><\/div>\n\t\t\t\t\t\t\t<div class=\"elementor-container elementor-column-gap-default\">\n\t\t\t\t\t<div class=\"elementor-column elementor-col-100 elementor-top-column elementor-element elementor-element-1303e5b6\" data-id=\"1303e5b6\" data-element_type=\"column\" data-e-type=\"column\">\n\t\t\t<div class=\"elementor-widget-wrap elementor-element-populated\">\n\t\t\t\t\t\t<div class=\"elementor-element elementor-element-3cf45bdd elementor-widget elementor-widget-heading\" data-id=\"3cf45bdd\" data-element_type=\"widget\" data-e-type=\"widget\" data-widget_type=\"heading.default\">\n\t\t\t\t<div class=\"elementor-widget-container\">\n\t\t\t\t\t<h1 class=\"elementor-heading-title elementor-size-default\">FAQ<\/h1>\t\t\t\t<\/div>\n\t\t\t\t<\/div>\n\t\t\t\t\t<\/div>\n\t\t<\/div>\n\t\t\t\t\t<\/div>\n\t\t<\/section>\n\t\t<div class=\"elementor-element elementor-element-3849644 e-flex e-con-boxed e-con e-parent\" data-id=\"3849644\" data-element_type=\"container\" data-e-type=\"container\">\n\t\t\t\t\t<div class=\"e-con-inner\">\n\t\t\t\t<div class=\"elementor-element elementor-element-f6e9f31 elementor-widget elementor-widget-eael-adv-accordion\" data-id=\"f6e9f31\" data-element_type=\"widget\" data-e-type=\"widget\" data-widget_type=\"eael-adv-accordion.default\">\n\t\t\t\t<div class=\"elementor-widget-container\">\n\t\t\t\t\t            <div class=\"eael-adv-accordion\" id=\"eael-adv-accordion-f6e9f31\" data-scroll-on-click=\"no\" data-scroll-speed=\"300\" data-accordion-id=\"f6e9f31\" data-accordion-type=\"accordion\" data-toogle-speed=\"300\">\n            <div class=\"eael-accordion-list\">\n\t\t\t\t\t<div id=\"quelle-est-la-meilleure-carte-pour-prparer-son-tour-des-muverans-\" class=\"elementor-tab-title eael-accordion-header\" tabindex=\"0\" data-tab=\"1\" aria-controls=\"elementor-tab-content-2581\"><span class=\"eael-advanced-accordion-icon-closed\"><i aria-hidden=\"true\" class=\"fa-accordion-icon fas fa-plus\"><\/i><\/span><span class=\"eael-advanced-accordion-icon-opened\"><i aria-hidden=\"true\" class=\"fa-accordion-icon fas fa-minus\"><\/i><\/span><span class=\"eael-accordion-tab-title\">What is the best map to prepare our Tour of the Muverans ?<\/span><i aria-hidden=\"true\" class=\"fa-toggle fas fa-angle-right\"><\/i><\/div><div id=\"elementor-tab-content-2581\" class=\"eael-accordion-content clearfix\" data-tab=\"1\" aria-labelledby=\"quelle-est-la-meilleure-carte-pour-prparer-son-tour-des-muverans-\"><p>Nous vous conseillons vivement le recours aux applications gratuites pour smartphones <a href=\"https:\/\/schweizmobil.ch\/fr\/appli-suissemobile\" target=\"_blank\" rel=\"noopener nofollow\">SwitzerlandMobility<\/a>, ou\/et <a href=\"https:\/\/www.swisstopo.admin.ch\/fr\/application-swisstopo\" target=\"_blank\" rel=\"noopener nofollow\">Swisstopo<\/a>. L&rsquo;avantage de ces applications est, entre autres, d&rsquo;\u00eatres mises \u00e0 jour au minimum une fois par an, ce qui n&rsquo;est bien s\u00fbr pas le cas d&rsquo;une carte papier. Elles sont beaucoup plus pr\u00e9cises que Google Map que nous vous d\u00e9conseillons d&rsquo;utiliser en montagne. Par contre, pensez \u00e0 t\u00e9l\u00e9charger les cartes n\u00e9cessaires \u00e0 votre rando, chez vous, en profitant de votre Wi-Fi.<\/p><p>Pour les adeptes des cartes papiers, la carte \u00abDu Rh\u00f4ne aux Muverans\u00bb, couvre la totalit\u00e9 du TdM, au 1:25&rsquo;000. Elle peut \u00eatre achet\u00e9e aupr\u00e8s de divers revendeurs sp\u00e9cialis\u00e9s et Offices de Tourisme \u2013 en particulier celui d&rsquo;Ovronnaz, <a href=\"https:\/\/boutique-ovronnaz.ch\" target=\"_blank\" rel=\"noopener nofollow\">boutique-ovronnaz.ch<\/a><\/p><\/div>\n\t\t\t\t\t<\/div><div class=\"eael-accordion-list\">\n\t\t\t\t\t<div id=\"puis-je-trouver-sur-votre-site-ou-par-votre-intermdiaire-des-renseignements-relatifs-la-mto-et-aux-conditions-quil-est-possible-de-rencontrer-une-priode-prcise-sur-le-tour-des-muverans-\" class=\"elementor-tab-title eael-accordion-header\" tabindex=\"0\" data-tab=\"2\" aria-controls=\"elementor-tab-content-2582\"><span class=\"eael-advanced-accordion-icon-closed\"><i aria-hidden=\"true\" class=\"fa-accordion-icon fas fa-plus\"><\/i><\/span><span class=\"eael-advanced-accordion-icon-opened\"><i aria-hidden=\"true\" class=\"fa-accordion-icon fas fa-minus\"><\/i><\/span><span class=\"eael-accordion-tab-title\">Can I find information on your site or through you about the weather and the conditions that may be encountered at a particular time on the Tour des Muverans?<\/span><i aria-hidden=\"true\" class=\"fa-toggle fas fa-angle-right\"><\/i><\/div><div id=\"elementor-tab-content-2582\" class=\"eael-accordion-content clearfix\" data-tab=\"2\" aria-labelledby=\"puis-je-trouver-sur-votre-site-ou-par-votre-intermdiaire-des-renseignements-relatifs-la-mto-et-aux-conditions-quil-est-possible-de-rencontrer-une-priode-prcise-sur-le-tour-des-muverans-\"><p>L&rsquo;application gratuite pour smartphone <a href=\"https:\/\/www.meteosuisse.admin.ch\/services-et-publications\/service\/produits-meteorologiques-et-climatiques\/l-app-de-meteosuisse.html\" target=\"_blank\" rel=\"noopener nofollow\">M\u00e9t\u00e9osuisse<\/a> donne des informations assez pr\u00e9cises en temps r\u00e9el. Sinon, vous avez toujours la possibilit\u00e9 de vous renseignez aupr\u00e8s des gardiens et gardiennes de cabane. N&rsquo;oubliez cependant pas d&#8217;emportez avec vous le mat\u00e9riel n\u00e9cessaire en cas de mauvais temps et de froid.<\/p><\/div>\n\t\t\t\t\t<\/div><div class=\"eael-accordion-list\">\n\t\t\t\t\t<div id=\"on-nous-a-parl-de-deux-endroits-les-vires-et-le-passage-col-des-martinets-col-des-perris-blancs-un-tantinet-vertigineux-tout-au-moins-pour-qui-prouve-un-problme-face-au-vide-ou-aux-trs-fortes-pentes-est-il-possible-de-trouver-des-sentiers-dvitement-plus-faciles-\" class=\"elementor-tab-title eael-accordion-header\" tabindex=\"0\" data-tab=\"3\" aria-controls=\"elementor-tab-content-2583\"><span class=\"eael-advanced-accordion-icon-closed\"><i aria-hidden=\"true\" class=\"fa-accordion-icon fas fa-plus\"><\/i><\/span><span class=\"eael-advanced-accordion-icon-opened\"><i aria-hidden=\"true\" class=\"fa-accordion-icon fas fa-minus\"><\/i><\/span><span class=\"eael-accordion-tab-title\">We were told about two places (the vires and the Col des Martinets \/ Col des Perris: Blancs passage) that are a little dizzy, at least for those who have problems with heights or very steep slopes. Is it possible to find easier ways around?<\/span><i aria-hidden=\"true\" class=\"fa-toggle fas fa-angle-right\"><\/i><\/div><div id=\"elementor-tab-content-2583\" class=\"eael-accordion-content clearfix\" data-tab=\"3\" aria-labelledby=\"on-nous-a-parl-de-deux-endroits-les-vires-et-le-passage-col-des-martinets-col-des-perris-blancs-un-tantinet-vertigineux-tout-au-moins-pour-qui-prouve-un-problme-face-au-vide-ou-aux-trs-fortes-pentes-est-il-possible-de-trouver-des-sentiers-dvitement-plus-faciles-\"><p>Yes, no problem.<br \/>L\u00b4un de ces passages est une vire qui serpente \u00e0 la base des Dents de Morcles, sur le tron\u00e7on col du Dem\u00e8cre \u2013 Rionda. ll s&rsquo;\u00e9vite ais\u00e9ment en suivant la signal\u00e9tique \u00abVariante\u00bb du TdM, via l\u00b4Au d&rsquo;Arbignon.<br \/>L\u00b4autre passage, le point culminant du TdM, est le col des Martinets, 2612 m, parfaitement s\u00e9curis\u00e9. Si on veut l&rsquo;\u00e9viter, suivre la \u00ab Variante \u00bb permettant de rallier la cabane de la Tourche \u00e0 Pont-de-Nant, via l\u00b4alpage de Javerne.<\/p><\/div>\n\t\t\t\t\t<\/div><div class=\"eael-accordion-list\">\n\t\t\t\t\t<div id=\"je-possde-un-chien-et-je-marche-toujours-avec-lui-est-il-possible-de-faire-le-tdm-en-sa-compagnie-\" class=\"elementor-tab-title eael-accordion-header\" tabindex=\"0\" data-tab=\"4\" aria-controls=\"elementor-tab-content-2584\"><span class=\"eael-advanced-accordion-icon-closed\"><i aria-hidden=\"true\" class=\"fa-accordion-icon fas fa-plus\"><\/i><\/span><span class=\"eael-advanced-accordion-icon-opened\"><i aria-hidden=\"true\" class=\"fa-accordion-icon fas fa-minus\"><\/i><\/span><span class=\"eael-accordion-tab-title\">I have a dog and I always walk with him. Is it possible to do the TdM with him?<\/span><i aria-hidden=\"true\" class=\"fa-toggle fas fa-angle-right\"><\/i><\/div><div id=\"elementor-tab-content-2584\" class=\"eael-accordion-content clearfix\" data-tab=\"4\" aria-labelledby=\"je-possde-un-chien-et-je-marche-toujours-avec-lui-est-il-possible-de-faire-le-tdm-en-sa-compagnie-\"><p>No !<br \/>Your companion will not be welcome: most of the route passes through protected areas. Walking on a lead is the absolute rule.<br \/>Few cabins accept dogs. Ask the wardens for information.<\/p><\/div>\n\t\t\t\t\t<\/div><div class=\"eael-accordion-list\">\n\t\t\t\t\t<div id=\"jai-vu-sur-une-carte-divers-passages-qui-me-tentent-mais-qui-ne-semblent-pas-faire-partie-de-litinraire-habituel-le-pacheu-et-le-col-des-chamois-dans-lide-dune-traverse-rambert-cabane-plan-nv-anzeindaz-quen-pensez-vous-\" class=\"elementor-tab-title eael-accordion-header\" tabindex=\"0\" data-tab=\"5\" aria-controls=\"elementor-tab-content-2585\"><span class=\"eael-advanced-accordion-icon-closed\"><i aria-hidden=\"true\" class=\"fa-accordion-icon fas fa-plus\"><\/i><\/span><span class=\"eael-advanced-accordion-icon-opened\"><i aria-hidden=\"true\" class=\"fa-accordion-icon fas fa-minus\"><\/i><\/span><span class=\"eael-accordion-tab-title\">On a map I've seen a number of passages that tempt me, but that don't seem to be part of the usual itinerary: the Pacheu, and the Col des Chamois, with the idea of a Rambert - Cabane Plan N\u00e9v\u00e9 - Anzeindaz crossing. What do you think?<\/span><i aria-hidden=\"true\" class=\"fa-toggle fas fa-angle-right\"><\/i><\/div><div id=\"elementor-tab-content-2585\" class=\"eael-accordion-content clearfix\" data-tab=\"5\" aria-labelledby=\"jai-vu-sur-une-carte-divers-passages-qui-me-tentent-mais-qui-ne-semblent-pas-faire-partie-de-litinraire-habituel-le-pacheu-et-le-col-des-chamois-dans-lide-dune-traverse-rambert-cabane-plan-nv-anzeindaz-quen-pensez-vous-\"><p>Le Pacheu: this pass is for experienced climbers who don't need signposted paths or our services!<br \/>The Col des Chamois is signposted as a white-blue-white alpine hiking trail. It is equipped with cables. This is an Alpine pass, which cannot be included in a hiking tour.<\/p><\/div>\n\t\t\t\t\t<\/div><div class=\"eael-accordion-list\">\n\t\t\t\t\t<div id=\"quelles-sont-les-diffrents-points-de-dpart-pour-le-tdm-\" class=\"elementor-tab-title eael-accordion-header\" tabindex=\"0\" data-tab=\"6\" aria-controls=\"elementor-tab-content-2586\"><span class=\"eael-advanced-accordion-icon-closed\"><i aria-hidden=\"true\" class=\"fa-accordion-icon fas fa-plus\"><\/i><\/span><span class=\"eael-advanced-accordion-icon-opened\"><i aria-hidden=\"true\" class=\"fa-accordion-icon fas fa-minus\"><\/i><\/span><span class=\"eael-accordion-tab-title\">What are the different starting points for the TdM?<\/span><i aria-hidden=\"true\" class=\"fa-toggle fas fa-angle-right\"><\/i><\/div><div id=\"elementor-tab-content-2586\" class=\"eael-accordion-content clearfix\" data-tab=\"6\" aria-labelledby=\"quelles-sont-les-diffrents-points-de-dpart-pour-le-tdm-\"><p>As shown on the map, there are car parks at Pont-de-Nant, Ovronnaz, Derborence and Solalex (for which a charge is made).<\/p><\/div>\n\t\t\t\t\t<\/div><div class=\"eael-accordion-list\">\n\t\t\t\t\t<div id=\"est-il-possible-de-partir-du-village-de-morcles-\" class=\"elementor-tab-title eael-accordion-header\" tabindex=\"0\" data-tab=\"7\" aria-controls=\"elementor-tab-content-2587\"><span class=\"eael-advanced-accordion-icon-closed\"><i aria-hidden=\"true\" class=\"fa-accordion-icon fas fa-plus\"><\/i><\/span><span class=\"eael-advanced-accordion-icon-opened\"><i aria-hidden=\"true\" class=\"fa-accordion-icon fas fa-minus\"><\/i><\/span><span class=\"eael-accordion-tab-title\">Is it possible to leave from the village of Morcles?<\/span><i aria-hidden=\"true\" class=\"fa-toggle fas fa-angle-right\"><\/i><\/div><div id=\"elementor-tab-content-2587\" class=\"eael-accordion-content clearfix\" data-tab=\"7\" aria-labelledby=\"est-il-possible-de-partir-du-village-de-morcles-\"><p>Unfortunately, the village of Morcles is no longer served by public transport. However, you can park your car at Les Martinaux, 1726 m above Morcles. From there, you can walk to the La Tourche hut in 1 hour and 15 minutes.<\/p><\/div>\n\t\t\t\t\t<\/div><div class=\"eael-accordion-list\">\n\t\t\t\t\t<div id=\"est-il-possible-de-faire-le-tdm-en-dormant-librement-sous-sa-tente-de-camping-sans-recourir-aux-cabanes-et-gtes-\" class=\"elementor-tab-title eael-accordion-header\" tabindex=\"0\" data-tab=\"8\" aria-controls=\"elementor-tab-content-2588\"><span class=\"eael-advanced-accordion-icon-closed\"><i aria-hidden=\"true\" class=\"fa-accordion-icon fas fa-plus\"><\/i><\/span><span class=\"eael-advanced-accordion-icon-opened\"><i aria-hidden=\"true\" class=\"fa-accordion-icon fas fa-minus\"><\/i><\/span><span class=\"eael-accordion-tab-title\">Is it possible to do the TdM sleeping freely in your camping tent, without using cabins or g\u00eetes?<\/span><i aria-hidden=\"true\" class=\"fa-toggle fas fa-angle-right\"><\/i><\/div><div id=\"elementor-tab-content-2588\" class=\"eael-accordion-content clearfix\" data-tab=\"8\" aria-labelledby=\"est-il-possible-de-faire-le-tdm-en-dormant-librement-sous-sa-tente-de-camping-sans-recourir-aux-cabanes-et-gtes-\"><p>In view of the various laws and wildlife protection zones, the best answer is no. You could try contacting the hut wardens and mountain pasture operators to obtain hypothetical authorisations.<\/p><\/div>\n\t\t\t\t\t<\/div><div class=\"eael-accordion-list\">\n\t\t\t\t\t<div id=\"quelle-est-la-meilleure-priode-pour-parcourir-le-tdm-\" class=\"elementor-tab-title eael-accordion-header\" tabindex=\"0\" data-tab=\"9\" aria-controls=\"elementor-tab-content-2589\"><span class=\"eael-advanced-accordion-icon-closed\"><i aria-hidden=\"true\" class=\"fa-accordion-icon fas fa-plus\"><\/i><\/span><span class=\"eael-advanced-accordion-icon-opened\"><i aria-hidden=\"true\" class=\"fa-accordion-icon fas fa-minus\"><\/i><\/span><span class=\"eael-accordion-tab-title\">When is the best time to visit the TdM?<\/span><i aria-hidden=\"true\" class=\"fa-toggle fas fa-angle-right\"><\/i><\/div><div id=\"elementor-tab-content-2589\" class=\"eael-accordion-content clearfix\" data-tab=\"9\" aria-labelledby=\"quelle-est-la-meilleure-priode-pour-parcourir-le-tdm-\"><p>The TdM is a walking tour. The recommended period is from June to September.<br \/>In some years it will be open from the beginning of June to the end of October.<\/p><\/div>\n\t\t\t\t\t<\/div><div class=\"eael-accordion-list\">\n\t\t\t\t\t<div id=\"est-ce-quil-se-pratique-galement-en-hiver-\" class=\"elementor-tab-title eael-accordion-header\" tabindex=\"0\" data-tab=\"10\" aria-controls=\"elementor-tab-content-25810\"><span class=\"eael-advanced-accordion-icon-closed\"><i aria-hidden=\"true\" class=\"fa-accordion-icon fas fa-plus\"><\/i><\/span><span class=\"eael-advanced-accordion-icon-opened\"><i aria-hidden=\"true\" class=\"fa-accordion-icon fas fa-minus\"><\/i><\/span><span class=\"eael-accordion-tab-title\">Can it be enjoyed in winter too?<\/span><i aria-hidden=\"true\" class=\"fa-toggle fas fa-angle-right\"><\/i><\/div><div id=\"elementor-tab-content-25810\" class=\"eael-accordion-content clearfix\" data-tab=\"10\" aria-labelledby=\"est-ce-quil-se-pratique-galement-en-hiver-\"><p>Although some sections are accessible in winter, they are nothing like the Tour des Muverans, which is a summer hike.<\/p><\/div>\n\t\t\t\t\t<\/div><div class=\"eael-accordion-list\">\n\t\t\t\t\t<div id=\"est-il-possible-de-raliser-le-parcours-intgral-du-tdm-en-hiver-en-ski-de-rando-\" class=\"elementor-tab-title eael-accordion-header\" tabindex=\"0\" data-tab=\"11\" aria-controls=\"elementor-tab-content-25811\"><span class=\"eael-advanced-accordion-icon-closed\"><i aria-hidden=\"true\" class=\"fa-accordion-icon fas fa-plus\"><\/i><\/span><span class=\"eael-advanced-accordion-icon-opened\"><i aria-hidden=\"true\" class=\"fa-accordion-icon fas fa-minus\"><\/i><\/span><span class=\"eael-accordion-tab-title\">Is it possible to do the entire TdM route in winter, on ski touring skis?<\/span><i aria-hidden=\"true\" class=\"fa-toggle fas fa-angle-right\"><\/i><\/div><div id=\"elementor-tab-content-25811\" class=\"eael-accordion-content clearfix\" data-tab=\"11\" aria-labelledby=\"est-il-possible-de-raliser-le-parcours-intgral-du-tdm-en-hiver-en-ski-de-rando-\"><p>No, the TdM is not a skiing route.<\/p><\/div>\n\t\t\t\t\t<\/div><div class=\"eael-accordion-list\">\n\t\t\t\t\t<div id=\"existe-t-il-des-possibilits-de-randonnes-hivernales-sur-le-trac-du-tdm-\" class=\"elementor-tab-title eael-accordion-header\" tabindex=\"0\" data-tab=\"12\" aria-controls=\"elementor-tab-content-25812\"><span class=\"eael-advanced-accordion-icon-closed\"><i aria-hidden=\"true\" class=\"fa-accordion-icon fas fa-plus\"><\/i><\/span><span class=\"eael-advanced-accordion-icon-opened\"><i aria-hidden=\"true\" class=\"fa-accordion-icon fas fa-minus\"><\/i><\/span><span class=\"eael-accordion-tab-title\">Are there any winter walks along the TdM route?<\/span><i aria-hidden=\"true\" class=\"fa-toggle fas fa-angle-right\"><\/i><\/div><div id=\"elementor-tab-content-25812\" class=\"eael-accordion-content clearfix\" data-tab=\"12\" aria-labelledby=\"existe-t-il-des-possibilits-de-randonnes-hivernales-sur-le-trac-du-tdm-\"><p>Although some sections are accessible in winter, they have nothing to do with the Tour des Muverans, which is, and remains, a summer hike.<\/p><\/div>\n\t\t\t\t\t<\/div><\/div>\t\t\t\t<\/div>\n\t\t\t\t<\/div>\n\t\t\t\t\t<\/div>\n\t\t\t\t<\/div>\n\t\t\t\t<\/div>","protected":false},"excerpt":{"rendered":"<p>FAQ Quelle est la meilleure carte pour pr\u00e9parer \u00abson\u00bb Tour des Muverans ? Nous vous conseillons vivement le recours aux applications gratuites pour smartphones SuisseMobile, ou\/et Swisstopo. L&rsquo;avantage de ces applications est, entre autres, d&rsquo;\u00eatres mises \u00e0 jour au minimum une fois par an, ce qui n&rsquo;est bien s\u00fbr pas le cas d&rsquo;une carte papier. [&hellip;]<\/p>\n","protected":false},"author":1,"featured_media":0,"parent":0,"menu_order":0,"comment_status":"closed","ping_status":"closed","template":"","meta":{"site-sidebar-layout":"no-sidebar","site-content-layout":"page-builder","ast-site-content-layout":"full-width-container","site-content-style":"default","site-sidebar-style":"default","ast-global-header-display":"","ast-banner-title-visibility":"","ast-main-header-display":"","ast-hfb-above-header-display":"","ast-hfb-below-header-display":"","ast-hfb-mobile-header-display":"","site-post-title":"disabled","ast-breadcrumbs-content":"","ast-featured-img":"disabled","footer-sml-layout":"","ast-disable-related-posts":"","theme-transparent-header-meta":"","adv-header-id-meta":"","stick-header-meta":"","header-above-stick-meta":"","header-main-stick-meta":"","header-below-stick-meta":"","astra-migrate-meta-layouts":"set","ast-page-background-enabled":"default","ast-page-background-meta":{"desktop":{"background-color":"var(--ast-global-color-4)","background-image":"","background-repeat":"repeat","background-position":"center center","background-size":"auto","background-attachment":"scroll","background-type":"","background-media":"","overlay-type":"","overlay-color":"","overlay-opacity":"","overlay-gradient":""},"tablet":{"background-color":"","background-image":"","background-repeat":"repeat","background-position":"center center","background-size":"auto","background-attachment":"scroll","background-type":"","background-media":"","overlay-type":"","overlay-color":"","overlay-opacity":"","overlay-gradient":""},"mobile":{"background-color":"","background-image":"","background-repeat":"repeat","background-position":"center center","background-size":"auto","background-attachment":"scroll","background-type":"","background-media":"","overlay-type":"","overlay-color":"","overlay-opacity":"","overlay-gradient":""}},"ast-content-background-meta":{"desktop":{"background-color":"var(--ast-global-color-5)","background-image":"","background-repeat":"repeat","background-position":"center center","background-size":"auto","background-attachment":"scroll","background-type":"","background-media":"","overlay-type":"","overlay-color":"","overlay-opacity":"","overlay-gradient":""},"tablet":{"background-color":"var(--ast-global-color-5)","background-image":"","background-repeat":"repeat","background-position":"center center","background-size":"auto","background-attachment":"scroll","background-type":"","background-media":"","overlay-type":"","overlay-color":"","overlay-opacity":"","overlay-gradient":""},"mobile":{"background-color":"var(--ast-global-color-5)","background-image":"","background-repeat":"repeat","background-position":"center center","background-size":"auto","background-attachment":"scroll","background-type":"","background-media":"","overlay-type":"","overlay-color":"","overlay-opacity":"","overlay-gradient":""}},"footnotes":""},"class_list":["post-1979","page","type-page","status-publish","hentry"],"_links":{"self":[{"href":"https:\/\/tourdesmuverans.ch\/en\/wp-json\/wp\/v2\/pages\/1979","targetHints":{"allow":["GET"]}}],"collection":[{"href":"https:\/\/tourdesmuverans.ch\/en\/wp-json\/wp\/v2\/pages"}],"about":[{"href":"https:\/\/tourdesmuverans.ch\/en\/wp-json\/wp\/v2\/types\/page"}],"author":[{"embeddable":true,"href":"https:\/\/tourdesmuverans.ch\/en\/wp-json\/wp\/v2\/users\/1"}],"replies":[{"embeddable":true,"href":"https:\/\/tourdesmuverans.ch\/en\/wp-json\/wp\/v2\/comments?post=1979"}],"version-history":[{"count":26,"href":"https:\/\/tourdesmuverans.ch\/en\/wp-json\/wp\/v2\/pages\/1979\/revisions"}],"predecessor-version":[{"id":4155,"href":"https:\/\/tourdesmuverans.ch\/en\/wp-json\/wp\/v2\/pages\/1979\/revisions\/4155"}],"wp:attachment":[{"href":"https:\/\/tourdesmuverans.ch\/en\/wp-json\/wp\/v2\/media?parent=1979"}],"curies":[{"name":"wp","href":"https:\/\/api.w.org\/{rel}","templated":true}]}}