{"id":3137,"date":"2025-10-09T15:45:49","date_gmt":"2025-10-09T13:45:49","guid":{"rendered":"https:\/\/tourdesmuverans.ch\/?page_id=3137"},"modified":"2026-03-14T18:23:14","modified_gmt":"2026-03-14T17:23:14","slug":"etapes","status":"publish","type":"page","link":"https:\/\/tourdesmuverans.ch\/de\/etapes\/","title":{"rendered":"Vorschl\u00e4ge f\u00fcr Schritte"},"content":{"rendered":"<div data-elementor-type=\"wp-page\" data-elementor-id=\"3137\" class=\"elementor elementor-3137\">\n\t\t\t\t<div class=\"elementor-element elementor-element-bb6d6af e-flex e-con-boxed e-con e-parent\" data-id=\"bb6d6af\" data-element_type=\"container\" data-e-type=\"container\">\n\t\t\t\t\t<div class=\"e-con-inner\">\n\t\t\t\t<div class=\"elementor-element elementor-element-50a3781 elementor-widget elementor-widget-heading\" data-id=\"50a3781\" data-element_type=\"widget\" data-e-type=\"widget\" data-widget_type=\"heading.default\">\n\t\t\t\t<div class=\"elementor-widget-container\">\n\t\t\t\t\t<h3 class=\"elementor-heading-title elementor-size-default\">Klicken Sie auf jeden Abfahrtsort, um zu den Details zu gelangen<\/h3>\t\t\t\t<\/div>\n\t\t\t\t<\/div>\n\t\t\t\t\t<\/div>\n\t\t\t\t<\/div>\n\t\t<div class=\"elementor-element elementor-element-480575a e-con-full e-flex e-con e-parent\" data-id=\"480575a\" data-element_type=\"container\" data-e-type=\"container\">\n\t\t\t\t<div class=\"elementor-element elementor-element-10d099f elementor-widget elementor-widget-eael-adv-tabs\" data-id=\"10d099f\" data-element_type=\"widget\" data-e-type=\"widget\" data-widget_type=\"eael-adv-tabs.default\">\n\t\t\t\t<div class=\"elementor-widget-container\">\n\t\t\t\t\t        <div data-scroll-on-click=\"no\" data-scroll-speed=\"300\" id=\"eael-advance-tabs-10d099f\" class=\"eael-advance-tabs eael-tabs-vertical eael-tab-auto-active\" data-tabid=\"10d099f\">\n            <div class=\"eael-tabs-nav\">\n                <ul class=\"\" role=\"tablist\">\n                                            <li id=\"vue-densemble\" class=\"inactive eael-tab-item-trigger eael-tab-nav-item\" aria-selected=\"true\" data-tab=\"1\" role=\"tab\" tabindex=\"0\" aria-controls=\"vue-densemble-tab\" aria-expanded=\"false\">\n                            \n                            \n                            \n                                                            <p class=\"eael-tab-title title-after-icon\" >\u00dcberblick<\/p>                                                    <\/li>\n                                            <li id=\"en-9-jours\" class=\"inactive eael-tab-item-trigger eael-tab-nav-item\" aria-selected=\"false\" data-tab=\"2\" role=\"tab\" tabindex=\"-1\" aria-controls=\"en-9-jours-tab\" aria-expanded=\"false\">\n                            \n                            \n                            \n                                                            <p class=\"eael-tab-title title-after-icon\" >In 9 Tagen<\/p>                                                    <\/li>\n                                            <li id=\"en-6-jours\" class=\"inactive eael-tab-item-trigger eael-tab-nav-item\" aria-selected=\"false\" data-tab=\"3\" role=\"tab\" tabindex=\"-1\" aria-controls=\"en-6-jours-tab\" aria-expanded=\"false\">\n                            \n                            \n                            \n                                                            <p class=\"eael-tab-title title-after-icon\" >In 6 Tagen<\/p>                                                    <\/li>\n                                            <li id=\"en-5-jours\" class=\"inactive eael-tab-item-trigger eael-tab-nav-item\" aria-selected=\"false\" data-tab=\"4\" role=\"tab\" tabindex=\"-1\" aria-controls=\"en-5-jours-tab\" aria-expanded=\"false\">\n                            \n                            \n                            \n                                                            <p class=\"eael-tab-title title-after-icon\" >In 5 Tagen<\/p>                                                    <\/li>\n                                            <li id=\"en-4-jours\" class=\"inactive eael-tab-item-trigger eael-tab-nav-item\" aria-selected=\"false\" data-tab=\"5\" role=\"tab\" tabindex=\"-1\" aria-controls=\"en-4-jours-tab\" aria-expanded=\"false\">\n                            \n                            \n                            \n                                                            <p class=\"eael-tab-title title-after-icon\" >In 4 Tagen<\/p>                                                    <\/li>\n                                            <li id=\"en-3-jours\" class=\"inactive eael-tab-item-trigger eael-tab-nav-item\" aria-selected=\"false\" data-tab=\"6\" role=\"tab\" tabindex=\"-1\" aria-controls=\"en-3-jours-tab\" aria-expanded=\"false\">\n                            \n                            \n                            \n                                                            <p class=\"eael-tab-title title-after-icon\" >In 3 Tagen<\/p>                                                    <\/li>\n                                            <li id=\"en-2-jours\" class=\"inactive eael-tab-item-trigger eael-tab-nav-item\" aria-selected=\"false\" data-tab=\"7\" role=\"tab\" tabindex=\"-1\" aria-controls=\"en-2-jours-tab\" aria-expanded=\"false\">\n                            \n                            \n                            \n                                                            <p class=\"eael-tab-title title-after-icon\" >In 2 Tagen<\/p>                                                    <\/li>\n                    \n                                  <\/ul>\n            <\/div>\n            \n            <div class=\"eael-tabs-content\">\n\t\t        \n                    <div id=\"vue-densemble-tab\" class=\"clearfix eael-tab-content-item inactive\" data-title-link=\"vue-densemble-tab\">\n\t\t\t\t        <p><a href=\"https:\/\/tourdesmuverans.ch\/de\/etapes\/tourcomplet\/\" target=\"_blank\" rel=\"noopener\">Hier klicken<\/a> k\u00f6nnen Sie die Tour des Muverans in der Swisstopo-App verwenden oder in SchweizMobil importieren. Beide Apps sind kostenlos.<\/p><p>Sie k\u00f6nnen auch die Anwendung\u00a0<a href=\"https:\/\/easy-trek.com\/fr\/trekSelection?trekID=15\" target=\"_blank\" rel=\"noopener nofollow\">easy-trek.com<\/a>\u00a0der Ihnen bei der Vorbereitung Ihrer Runde hilft.<\/p><p>Vermeiden Sie die Nutzung von Google Maps, da es f\u00fcr Bergwanderungen nicht genau genug ist.<\/p>                    <\/div>\n\t\t        \n                    <div id=\"en-9-jours-tab\" class=\"clearfix eael-tab-content-item inactive\" data-title-link=\"en-9-jours-tab\">\n\t\t\t\t        <h2>Von Pont de Nant aus<\/h2><h3>Uhrzeigersinn<\/h3><p>Etappe 1: Pont de Nant - La Tourche - 4,5 Stunden (\u00fcber Cingio, Euzanne, Javernes und Croix de Javernes)<\/p><p>Etappe 2: La Tourche - Chalet Neuf - 2h15 (\u00fcber Rionda und l'Au d'Arbignon)<\/p><p>Etappe 3: Chalet Neuf - Sorniot - 2h15 (\u00fcber den Col du Dem\u00e8cre)<\/p><p>Etappe 4: Sorniot - Lui d'Ao\u00fbt - 2,5 Stunden<\/p><p>Etappe 5: Lui d'Ao\u00fbt - Rambert - 3h15<\/p><p>Etappe 6: Rambert - Dorbon - 3h<\/p><p>Etappe 7: Dorbon - Anzeindaz - 3,5 Stunden<\/p><p>8. Etappe: Anzeindaz - Plan N\u00e9v\u00e9 - 3h15<\/p><p>Etappe 9: Plan Nev\u00e9 - Pont de Nant - 1h50<\/p>                    <\/div>\n\t\t        \n                    <div id=\"en-6-jours-tab\" class=\"clearfix eael-tab-content-item inactive\" data-title-link=\"en-6-jours-tab\">\n\t\t\t\t        <h2>Von Pont de Nant aus<\/h2><h3>Uhrzeigersinn<\/h3><p>Etappe 1: Pont de Nant - Plan N\u00e9v\u00e9 - 3 Std.<\/p><p>Etappe 2: Plan N\u00e9v\u00e9 - Derborence - 4h20<\/p><p>Etappe 3: Derborence - Rambert - 5h<\/p><p>Etappe 4: Rambert - Dem\u00e8cre - 5h15<\/p><p>5. Etappe: Dem\u00e8cre - La Tourche - 2:45 Stunden<\/p><p>6. Etappe: La Tourche - Pont de Nant - 4h15<\/p><h2>\u00a0<\/h2><h2>Variante von Pont de Nant<\/h2><h3>Uhrzeigersinn<\/h3><p>Etappe 1: Pont de Nant - Anzeindaz - 3h15<\/p><p>2. Etappe: Anzeindaz - Dorbon - 3h15<\/p><p>Etappe 3: Dorbon - Lui d'Ao\u00fbt - 5h22<\/p><p>Etappe 4: Lui d'Ao\u00fbt - Sorniot - 2h40<\/p><p>5. Etappe: Sorniot - La Tourche - 3:35 Stunden<\/p><p>6. Etappe: La Tourche - Pont de Nant - 4h15<\/p>                    <\/div>\n\t\t        \n                    <div id=\"en-5-jours-tab\" class=\"clearfix eael-tab-content-item inactive\" data-title-link=\"en-5-jours-tab\">\n\t\t\t\t        <h2>Von Derborence aus<\/h2><h3>Uhrzeigersinn<\/h3><p>Etappe 1: Derborence - Dorbon - 1h40<\/p><p>Etappe 2: Dorbon - Lui d'Ao\u00fbt - 5:30 Uhr<\/p><p>Etappe 3: Lui d'Ao\u00fbt - Chalet Neuf - 4h10<\/p><p>Etappe 4: Chalet Neuf - Pont de Nant - 6h50<\/p><p>Etappe 5: Pont de Nant - Derborence - 5h<\/p><h2>\u00a0<\/h2><h3>Gegen den Uhrzeigersinn<\/h3><p>Etappe 1: Derborence - La Vare - 3h45<\/p><p>Etappe 2: La Vare - La Tourche - 6h25<\/p><p>Etappe 3: La Tourche - Fenestral - 4h20<\/p><p>4. Etappe: Fenestral - Rambert - 4h10<\/p><p>Etappe 5: Rambert - Derborence - 3h50<\/p><h1>\u00a0<\/h1><h2>Von Ovronnaz aus<\/h2><h3>Uhrzeigersinn<\/h3><p>Zugang zu Jorasse mit dem Sessellift<\/p><p>Etappe 1: Jorasse - Chalet Neuf - 5h20<\/p><p>Etappe 2: Chalet Neuf - Pont de Nant - 6h<\/p><p>Etappe 3: Pont de Nant - Derborence - 5h<\/p><p>Etappe 4: Derborence - Rambert - 5h<\/p><p>Etappe 5: Rambert - Jorasse - 2h<\/p><h2>\u00a0<\/h2><h3>Gegen den Uhrzeigersinn<\/h3><p>Etappe 1: Ovronnaz - Rambert - 4h<\/p><p>Etappe 2: Rambert - Anzeindaz - 5.30 Stunden<\/p><p>Etappe 3: Anzeindaz - La Tourche - 7.00 Uhr<\/p><p>4. Etappe: La Tourche - Fenestral - 4h10<\/p><p>Etappe 5: Fenestral - Ovronnaz - 2.00 Uhr<\/p><p><a href=\"https:\/\/tourdesmuverans.ch\/wp-content\/uploads\/2025\/07\/5_jours_ovronnaz_cas.pdf\">Ausf\u00fchrliche Erkl\u00e4rungen<\/a><\/p><h2>\u00a0<\/h2><h3>Gegen den Uhrzeigersinn<\/h3><p>Sie fahren mit dem Sessellift nach Jorasse hinauf<\/p><p>Etappe 1: Jorasse - Dorbon - 4,5 Stunden<\/p><p>Etappe 2: Dorbon - La Varre - 5h<\/p><p>Etappe 3: La Varre - La Tourche - 6:30 Uhr<\/p><p>Etappe 4: La Tourche - Dem\u00e8cre - 3h40<\/p><p>Etappe 5: Dem\u00e8cre - Jorasse - 3.00 Uhr<\/p><h1>\u00a0<\/h1><h2>Von Pont de Nant aus<\/h2><h3>Uhrzeigersinn<\/h3><p>Etappe 1: Pont de Nant - Derborence - 4h55<\/p><p>Etappe 2: Derborence - Rambert - 4,5 Stunden<\/p><p>Etappe 3: Rambert - Fenestral - 3h40<\/p><p>4. Etappe: Fenestral - La Tourche - 3h45<\/p><p>Etappe 5: La Tourche - Pont de Nant - 3h10<\/p><h2>\u00a0<\/h2><h3>Gegen den Uhrzeigersinn<\/h3><p>Etappe 1: Pont de Nant - La Tourche - 4h10<\/p><p>Etappe 2: La Tourche - Dem\u00e8cre - 3h<\/p><p>Etappe 3: Dem\u00e8cre - Lui d'Ao\u00fbt - 3h<\/p><p>Etappe 4: Lui d'Ao\u00fbt - Derborence - 7h<\/p><p>Etappe 5: Derborence - Pont de Nant - 5h<\/p>                    <\/div>\n\t\t        \n                    <div id=\"en-4-jours-tab\" class=\"clearfix eael-tab-content-item inactive\" data-title-link=\"en-4-jours-tab\">\n\t\t\t\t        <h2>Von Ovronnaz aus<\/h2><h3>Gegen den Uhrzeigersinn<\/h3><p>Etappe 1: Jorasse - Dorbon - 6h<\/p><p>Etappe 2: Dorbon - Pont de Nant - 6h<\/p><p>Etappe 3: Pont de Nant - La Tourche - 5-6 Std.<\/p><p>Etappe 4: La Tourche - Jorasse - 6h<\/p><h3>Uhrzeigersinn<\/h3><p>Etappe 1: Jorasse - Chalet Neuf - 5h<\/p><p>Etappe 2: Chalet Neuf - Pont de Nant - 7h<\/p><p>Etappe 3: Pont de Nant - Derborence - 5h10<\/p><p>Etappe 4: Derborence - Jorasse - 6.30 Uhr<\/p><h1>\u00a0<\/h1><h2>Von Pont de Nant aus<\/h2><h3>Uhrzeigersinn<\/h3><p>Etappe 1: Pont de Nant - Derborence - 4h<\/p><p>Etappe 2: Derborence - Lui d'Ao\u00fbt - 7:30 Uhr<\/p><p>Etappe 3: Lui d'Ao\u00fbt - La Tourche - 6h<\/p><p>Etappe 4: La Tourche - Pont de Nant - 4,5 Stunden<\/p><h1>\u00a0<\/h1><h2>Von Les Martinaux (Morcles) aus<\/h2><h3>Gegen den Uhrzeigersinn<\/h3><p>Etappe 1: Les Martinaux - Fenstral - 5h40<\/p><p>Etappe 2: Fenestral - Dorbon - 6:30 Uhr<\/p><p>Etappe 3: Dorbon - La Vare - 4,5 Stunden<\/p><p>Etappe 4: La Vare - Les Martinaux - 6h35<\/p>                    <\/div>\n\t\t        \n                    <div id=\"en-3-jours-tab\" class=\"clearfix eael-tab-content-item inactive\" data-title-link=\"en-3-jours-tab\">\n\t\t\t\t        <h2 class=\"article-title small\"><a href=\"https:\/\/tourdesmuverans.ch\/de\/etapes\/3-jours-pont-de-nant\/\" target=\"_blank\" rel=\"noopener\">Von Pont de Nant aus<\/a><\/h2><h3>Uhrzeigersinn<\/h3><p>Etappe 1: Pont de Nant - Dorbon - 6h45<\/p><p>Etappe 2: Dorbon - Fenestral - 7.00 Uhr<\/p><p>Etappe 3: Fenestral - Pont de Nant - 7:15 Uhr<\/p><h1>\u00a0<\/h1><h2><a href=\"https:\/\/tourdesmuverans.ch\/de\/etapes\/3-jours-derborence\/\" target=\"_blank\" rel=\"noopener\">Von Derborence aus<\/a><\/h2><h3>Uhrzeigersinn<\/h3><p>Etappe 1: Derborence - Lui d'Ao\u00fbt - 7:30 Uhr<\/p><p>Etappe 2: Lui d'Ao\u00fbt - La Tourche - 6h<\/p><p>Etappe 3: La Tourche - Derborence - 8:30 Uhr<\/p>                    <\/div>\n\t\t        \n                    <div id=\"en-2-jours-tab\" class=\"clearfix eael-tab-content-item inactive\" data-title-link=\"en-2-jours-tab\">\n\t\t\t\t        <h2><a href=\"https:\/\/tourdesmuverans.ch\/de\/etapes\/2-jours-pdn\/\" target=\"_blank\" rel=\"noopener\">Von Pont de Nant aus<\/a><\/h2><h3>Gegen den Uhrzeigersinn<\/h3><p>Etappe 1: Pont de Nant - Lui d'Ao\u00fbt - 11:30 Uhr<\/p><p>Etappe 2: Lui d'Ao\u00fbt - Pont de Nant - 11.30 Uhr<\/p><h2><a href=\"https:\/\/tourdesmuverans.ch\/de\/etapes\/2-jours-derborence\/\" target=\"_blank\" rel=\"noopener\">Von Derborence aus<\/a><\/h2><h3>Uhrzeigersinn<\/h3><p>Etappe 1: Derborence - La Tourche - 13h<\/p><p>Etappe 2: La Tourche - Derborence - 9:30 Uhr<\/p>                    <\/div>\n\t\t                    <\/div>\n        <\/div>\n\t\t\t\t<\/div>\n\t\t\t\t<\/div>\n\t\t\t\t<\/div>\n\t\t\t\t<\/div>","protected":false},"excerpt":{"rendered":"<p>Cliquer sur chaque lieu de d\u00e9part pour acc\u00e9der aux d\u00e9tails Vue d&rsquo;ensemble En 9 jours En 6 jours En 5 jours En 4 jours En 3 jours En 2 jours En cliquant ici vous pourrez utiliser le Tour des Muverans sur l\u2019application Swisstopo ou l\u2019importer dans\u00a0 SuisseMobile. Les deux applications sont gratuites. Vous pouvez \u00e9galement [&hellip;]<\/p>\n","protected":false},"author":2,"featured_media":0,"parent":0,"menu_order":0,"comment_status":"closed","ping_status":"closed","template":"","meta":{"site-sidebar-layout":"no-sidebar","site-content-layout":"page-builder","ast-site-content-layout":"full-width-container","site-content-style":"default","site-sidebar-style":"default","ast-global-header-display":"","ast-banner-title-visibility":"","ast-main-header-display":"","ast-hfb-above-header-display":"","ast-hfb-below-header-display":"","ast-hfb-mobile-header-display":"","site-post-title":"","ast-breadcrumbs-content":"","ast-featured-img":"disabled","footer-sml-layout":"","ast-disable-related-posts":"","theme-transparent-header-meta":"","adv-header-id-meta":"","stick-header-meta":"","header-above-stick-meta":"","header-main-stick-meta":"","header-below-stick-meta":"","astra-migrate-meta-layouts":"set","ast-page-background-enabled":"default","ast-page-background-meta":{"desktop":{"background-color":"var(--ast-global-color-4)","background-image":"","background-repeat":"repeat","background-position":"center center","background-size":"auto","background-attachment":"scroll","background-type":"","background-media":"","overlay-type":"","overlay-color":"","overlay-opacity":"","overlay-gradient":""},"tablet":{"background-color":"","background-image":"","background-repeat":"repeat","background-position":"center center","background-size":"auto","background-attachment":"scroll","background-type":"","background-media":"","overlay-type":"","overlay-color":"","overlay-opacity":"","overlay-gradient":""},"mobile":{"background-color":"","background-image":"","background-repeat":"repeat","background-position":"center center","background-size":"auto","background-attachment":"scroll","background-type":"","background-media":"","overlay-type":"","overlay-color":"","overlay-opacity":"","overlay-gradient":""}},"ast-content-background-meta":{"desktop":{"background-color":"var(--ast-global-color-5)","background-image":"","background-repeat":"repeat","background-position":"center center","background-size":"auto","background-attachment":"scroll","background-type":"","background-media":"","overlay-type":"","overlay-color":"","overlay-opacity":"","overlay-gradient":""},"tablet":{"background-color":"var(--ast-global-color-5)","background-image":"","background-repeat":"repeat","background-position":"center center","background-size":"auto","background-attachment":"scroll","background-type":"","background-media":"","overlay-type":"","overlay-color":"","overlay-opacity":"","overlay-gradient":""},"mobile":{"background-color":"var(--ast-global-color-5)","background-image":"","background-repeat":"repeat","background-position":"center center","background-size":"auto","background-attachment":"scroll","background-type":"","background-media":"","overlay-type":"","overlay-color":"","overlay-opacity":"","overlay-gradient":""}},"footnotes":""},"class_list":["post-3137","page","type-page","status-publish","hentry"],"_links":{"self":[{"href":"https:\/\/tourdesmuverans.ch\/de\/wp-json\/wp\/v2\/pages\/3137","targetHints":{"allow":["GET"]}}],"collection":[{"href":"https:\/\/tourdesmuverans.ch\/de\/wp-json\/wp\/v2\/pages"}],"about":[{"href":"https:\/\/tourdesmuverans.ch\/de\/wp-json\/wp\/v2\/types\/page"}],"author":[{"embeddable":true,"href":"https:\/\/tourdesmuverans.ch\/de\/wp-json\/wp\/v2\/users\/2"}],"replies":[{"embeddable":true,"href":"https:\/\/tourdesmuverans.ch\/de\/wp-json\/wp\/v2\/comments?post=3137"}],"version-history":[{"count":233,"href":"https:\/\/tourdesmuverans.ch\/de\/wp-json\/wp\/v2\/pages\/3137\/revisions"}],"predecessor-version":[{"id":4021,"href":"https:\/\/tourdesmuverans.ch\/de\/wp-json\/wp\/v2\/pages\/3137\/revisions\/4021"}],"wp:attachment":[{"href":"https:\/\/tourdesmuverans.ch\/de\/wp-json\/wp\/v2\/media?parent=3137"}],"curies":[{"name":"wp","href":"https:\/\/api.w.org\/{rel}","templated":true}]}}