{"id":2788,"date":"2025-05-24T17:55:21","date_gmt":"2025-05-24T15:55:21","guid":{"rendered":"https:\/\/tourdesmuverans.ch\/?page_id=2788"},"modified":"2025-10-08T18:15:50","modified_gmt":"2025-10-08T16:15:50","slug":"webcams","status":"publish","type":"page","link":"https:\/\/tourdesmuverans.ch\/de\/webcams\/","title":{"rendered":"Webcams"},"content":{"rendered":"<div data-elementor-type=\"wp-page\" data-elementor-id=\"2788\" class=\"elementor elementor-2788\">\n\t\t\t\t\t\t<section class=\"elementor-section elementor-top-section elementor-element elementor-element-7fe92584 elementor-section-height-min-height elementor-section-boxed elementor-section-height-default elementor-section-items-middle\" data-id=\"7fe92584\" data-element_type=\"section\" data-e-type=\"section\" data-settings=\"{&quot;background_background&quot;:&quot;classic&quot;}\">\n\t\t\t\t\t\t\t<div class=\"elementor-background-overlay\"><\/div>\n\t\t\t\t\t\t\t<div class=\"elementor-container elementor-column-gap-default\">\n\t\t\t\t\t<div class=\"elementor-column elementor-col-100 elementor-top-column elementor-element elementor-element-1303e5b6\" data-id=\"1303e5b6\" data-element_type=\"column\" data-e-type=\"column\">\n\t\t\t<div class=\"elementor-widget-wrap elementor-element-populated\">\n\t\t\t\t\t\t<div class=\"elementor-element elementor-element-3cf45bdd elementor-widget elementor-widget-heading\" data-id=\"3cf45bdd\" data-element_type=\"widget\" data-e-type=\"widget\" data-widget_type=\"heading.default\">\n\t\t\t\t<div class=\"elementor-widget-container\">\n\t\t\t\t\t<h1 class=\"elementor-heading-title elementor-size-default\">Webcams<\/h1>\t\t\t\t<\/div>\n\t\t\t\t<\/div>\n\t\t\t\t\t<\/div>\n\t\t<\/div>\n\t\t\t\t\t<\/div>\n\t\t<\/section>\n\t\t<div class=\"elementor-element elementor-element-3849644 e-flex e-con-boxed e-con e-parent\" data-id=\"3849644\" data-element_type=\"container\" data-e-type=\"container\">\n\t\t\t\t\t<div class=\"e-con-inner\">\n\t\t\t\t<div class=\"elementor-element elementor-element-b75533b elementor-widget elementor-widget-heading\" data-id=\"b75533b\" data-element_type=\"widget\" data-e-type=\"widget\" data-widget_type=\"heading.default\">\n\t\t\t\t<div class=\"elementor-widget-container\">\n\t\t\t\t\t<h3 class=\"elementor-heading-title elementor-size-default\">Webcams geben nicht wieder\nden vollst\u00e4ndigen Zustand der Strecke. Sie werden gebeten, sich \u00fcber den Zustand\nder Wege direkt bei den Tourismusb\u00fcros oder den H\u00fctten zu informieren.<\/h3>\t\t\t\t<\/div>\n\t\t\t\t<\/div>\n\t\t\t\t<div class=\"elementor-element elementor-element-f6e9f31 elementor-widget elementor-widget-eael-adv-accordion\" data-id=\"f6e9f31\" data-element_type=\"widget\" data-e-type=\"widget\" data-widget_type=\"eael-adv-accordion.default\">\n\t\t\t\t<div class=\"elementor-widget-container\">\n\t\t\t\t\t            <div class=\"eael-adv-accordion\" id=\"eael-adv-accordion-f6e9f31\" data-scroll-on-click=\"no\" data-scroll-speed=\"300\" data-accordion-id=\"f6e9f31\" data-accordion-type=\"accordion\" data-toogle-speed=\"300\">\n            <div class=\"eael-accordion-list\">\n\t\t\t\t\t<div id=\"ovronnaz\" class=\"elementor-tab-title eael-accordion-header\" tabindex=\"0\" data-tab=\"1\" aria-controls=\"elementor-tab-content-2581\"><span class=\"eael-advanced-accordion-icon-closed\"><i aria-hidden=\"true\" class=\"fa-accordion-icon fas fa-plus\"><\/i><\/span><span class=\"eael-advanced-accordion-icon-opened\"><i aria-hidden=\"true\" class=\"fa-accordion-icon fas fa-minus\"><\/i><\/span><span class=\"eael-accordion-tab-title\">Ovronnaz<\/span><i aria-hidden=\"true\" class=\"fa-toggle fas fa-angle-right\"><\/i><\/div><div id=\"elementor-tab-content-2581\" class=\"eael-accordion-content clearfix\" data-tab=\"1\" aria-labelledby=\"ovronnaz\"><p>Verschaffen Sie sich einen \u00dcberblick von der Ankunft des Sessellifts von <a href=\"https:\/\/ovronnaz.roundshot.com\/bougnonne\" rel=\"nofollow noopener\" target=\"_blank\">Bougnonne<\/a><\/p><p>und bei der Ankunft des Sessellifts von Jorasse auf 1940m<\/p><p><a href=\"https:\/\/www.ovronnaz.ch\/webcams\" rel=\"nofollow noopener\" target=\"_blank\">https:\/\/www.ovronnaz.ch\/webcams<\/a><\/p><\/div>\n\t\t\t\t\t<\/div><div class=\"eael-accordion-list\">\n\t\t\t\t\t<div id=\"solalex\" class=\"elementor-tab-title eael-accordion-header\" tabindex=\"0\" data-tab=\"2\" aria-controls=\"elementor-tab-content-2582\"><span class=\"eael-advanced-accordion-icon-closed\"><i aria-hidden=\"true\" class=\"fa-accordion-icon fas fa-plus\"><\/i><\/span><span class=\"eael-advanced-accordion-icon-opened\"><i aria-hidden=\"true\" class=\"fa-accordion-icon fas fa-minus\"><\/i><\/span><span class=\"eael-accordion-tab-title\">Solalex<\/span><i aria-hidden=\"true\" class=\"fa-toggle fas fa-angle-right\"><\/i><\/div><div id=\"elementor-tab-content-2582\" class=\"eael-accordion-content clearfix\" data-tab=\"2\" aria-labelledby=\"solalex\"><p><a href=\"https:\/\/www.myswitzerland.com\/fr-ch\/destinations\/panoramas\/refuge-solalex\/\" rel=\"nofollow noopener\" target=\"_blank\">Solalex Refuge<\/a><\/p><p><a href=\"https:\/\/www.myswitzerland.com\/fr-ch\/destinations\/panoramas\/refuge-solalex\/\" rel=\"nofollow noopener\" target=\"_blank\"><img fetchpriority=\"high\" decoding=\"async\" class=\"alignnone size-medium wp-image-2571\" src=\"https:\/\/tourdesmuverans.ch\/wp-content\/uploads\/2024\/06\/Instantane_1-300x199.jpg\" alt=\"Solalex\" width=\"300\" height=\"199\" srcset=\"https:\/\/tourdesmuverans.ch\/wp-content\/uploads\/2024\/06\/Instantane_1-300x199.jpg 300w, https:\/\/tourdesmuverans.ch\/wp-content\/uploads\/2024\/06\/Instantane_1-1024x678.jpg 1024w, https:\/\/tourdesmuverans.ch\/wp-content\/uploads\/2024\/06\/Instantane_1-768x508.jpg 768w, https:\/\/tourdesmuverans.ch\/wp-content\/uploads\/2024\/06\/Instantane_1-1536x1016.jpg 1536w, https:\/\/tourdesmuverans.ch\/wp-content\/uploads\/2024\/06\/Instantane_1-2048x1355.jpg 2048w, https:\/\/tourdesmuverans.ch\/wp-content\/uploads\/2024\/06\/Instantane_1-18x12.jpg 18w\" sizes=\"(max-width: 300px) 100vw, 300px\" \/><\/a><\/p><\/div>\n\t\t\t\t\t<\/div><div class=\"eael-accordion-list\">\n\t\t\t\t\t<div id=\"derborence\" class=\"elementor-tab-title eael-accordion-header\" tabindex=\"0\" data-tab=\"3\" aria-controls=\"elementor-tab-content-2583\"><span class=\"eael-advanced-accordion-icon-closed\"><i aria-hidden=\"true\" class=\"fa-accordion-icon fas fa-plus\"><\/i><\/span><span class=\"eael-advanced-accordion-icon-opened\"><i aria-hidden=\"true\" class=\"fa-accordion-icon fas fa-minus\"><\/i><\/span><span class=\"eael-accordion-tab-title\">Derborence<\/span><i aria-hidden=\"true\" class=\"fa-toggle fas fa-angle-right\"><\/i><\/div><div id=\"elementor-tab-content-2583\" class=\"eael-accordion-content clearfix\" data-tab=\"3\" aria-labelledby=\"derborence\"><p class=\"PageHeader--title\"><a href=\"https:\/\/www.myswitzerland.com\/fr-ch\/destinations\/panoramas\/refuge-du-lac-de-derborence\/\" rel=\"nofollow noopener\" target=\"_blank\">Bergh\u00fctte am Lac de Derborence<\/a><\/p><p><a href=\"https:\/\/www.myswitzerland.com\/fr-ch\/destinations\/panoramas\/refuge-du-lac-de-derborence\/\" rel=\"nofollow noopener\" target=\"_blank\"><img decoding=\"async\" class=\"alignnone size-medium wp-image-1393\" src=\"https:\/\/tourdesmuverans.ch\/wp-content\/uploads\/2023\/10\/Derborence2-300x169.jpg\" alt=\"\" width=\"300\" height=\"169\" srcset=\"https:\/\/tourdesmuverans.ch\/wp-content\/uploads\/2023\/10\/Derborence2-300x169.jpg 300w, https:\/\/tourdesmuverans.ch\/wp-content\/uploads\/2023\/10\/Derborence2-1024x576.jpg 1024w, https:\/\/tourdesmuverans.ch\/wp-content\/uploads\/2023\/10\/Derborence2-768x432.jpg 768w, https:\/\/tourdesmuverans.ch\/wp-content\/uploads\/2023\/10\/Derborence2-1536x864.jpg 1536w, https:\/\/tourdesmuverans.ch\/wp-content\/uploads\/2023\/10\/Derborence2-2048x1152.jpg 2048w\" sizes=\"(max-width: 300px) 100vw, 300px\" \/><\/a><\/p><\/div>\n\t\t\t\t\t<\/div><\/div>\t\t\t\t<\/div>\n\t\t\t\t<\/div>\n\t\t\t\t\t<\/div>\n\t\t\t\t<\/div>\n\t\t\t\t<\/div>","protected":false},"excerpt":{"rendered":"<p>Webcams Les webcams ne refl\u00e8tent pas l\u2019\u00e9tat complet du parcours. Vous \u00eates invit\u00e9s \u00e0 vous renseigner sur l\u2019\u00e9tat des sentiers directement aupr\u00e8s des offices de tourisme ou des cabanes Ovronnaz Acc\u00e9dez \u00e0 une vue d&rsquo;ensemble depuis l&rsquo;arriv\u00e9e du t\u00e9l\u00e9si\u00e8ge de Bougnonne et \u00e0 l&rsquo;arriv\u00e9e du t\u00e9l\u00e9si\u00e8ge de Jorasse \u00e0 1940m https:\/\/www.ovronnaz.ch\/webcams Solalex Refuge de Solalex [&hellip;]<\/p>\n","protected":false},"author":4,"featured_media":0,"parent":0,"menu_order":0,"comment_status":"closed","ping_status":"closed","template":"","meta":{"site-sidebar-layout":"no-sidebar","site-content-layout":"page-builder","ast-site-content-layout":"full-width-container","site-content-style":"default","site-sidebar-style":"default","ast-global-header-display":"","ast-banner-title-visibility":"","ast-main-header-display":"","ast-hfb-above-header-display":"","ast-hfb-below-header-display":"","ast-hfb-mobile-header-display":"","site-post-title":"disabled","ast-breadcrumbs-content":"","ast-featured-img":"disabled","footer-sml-layout":"","ast-disable-related-posts":"","theme-transparent-header-meta":"","adv-header-id-meta":"","stick-header-meta":"","header-above-stick-meta":"","header-main-stick-meta":"","header-below-stick-meta":"","astra-migrate-meta-layouts":"set","ast-page-background-enabled":"default","ast-page-background-meta":{"desktop":{"background-color":"var(--ast-global-color-4)","background-image":"","background-repeat":"repeat","background-position":"center center","background-size":"auto","background-attachment":"scroll","background-type":"","background-media":"","overlay-type":"","overlay-color":"","overlay-opacity":"","overlay-gradient":""},"tablet":{"background-color":"","background-image":"","background-repeat":"repeat","background-position":"center center","background-size":"auto","background-attachment":"scroll","background-type":"","background-media":"","overlay-type":"","overlay-color":"","overlay-opacity":"","overlay-gradient":""},"mobile":{"background-color":"","background-image":"","background-repeat":"repeat","background-position":"center center","background-size":"auto","background-attachment":"scroll","background-type":"","background-media":"","overlay-type":"","overlay-color":"","overlay-opacity":"","overlay-gradient":""}},"ast-content-background-meta":{"desktop":{"background-color":"var(--ast-global-color-5)","background-image":"","background-repeat":"repeat","background-position":"center center","background-size":"auto","background-attachment":"scroll","background-type":"","background-media":"","overlay-type":"","overlay-color":"","overlay-opacity":"","overlay-gradient":""},"tablet":{"background-color":"var(--ast-global-color-5)","background-image":"","background-repeat":"repeat","background-position":"center center","background-size":"auto","background-attachment":"scroll","background-type":"","background-media":"","overlay-type":"","overlay-color":"","overlay-opacity":"","overlay-gradient":""},"mobile":{"background-color":"var(--ast-global-color-5)","background-image":"","background-repeat":"repeat","background-position":"center center","background-size":"auto","background-attachment":"scroll","background-type":"","background-media":"","overlay-type":"","overlay-color":"","overlay-opacity":"","overlay-gradient":""}},"footnotes":""},"class_list":["post-2788","page","type-page","status-publish","hentry"],"_links":{"self":[{"href":"https:\/\/tourdesmuverans.ch\/de\/wp-json\/wp\/v2\/pages\/2788","targetHints":{"allow":["GET"]}}],"collection":[{"href":"https:\/\/tourdesmuverans.ch\/de\/wp-json\/wp\/v2\/pages"}],"about":[{"href":"https:\/\/tourdesmuverans.ch\/de\/wp-json\/wp\/v2\/types\/page"}],"author":[{"embeddable":true,"href":"https:\/\/tourdesmuverans.ch\/de\/wp-json\/wp\/v2\/users\/4"}],"replies":[{"embeddable":true,"href":"https:\/\/tourdesmuverans.ch\/de\/wp-json\/wp\/v2\/comments?post=2788"}],"version-history":[{"count":40,"href":"https:\/\/tourdesmuverans.ch\/de\/wp-json\/wp\/v2\/pages\/2788\/revisions"}],"predecessor-version":[{"id":3104,"href":"https:\/\/tourdesmuverans.ch\/de\/wp-json\/wp\/v2\/pages\/2788\/revisions\/3104"}],"wp:attachment":[{"href":"https:\/\/tourdesmuverans.ch\/de\/wp-json\/wp\/v2\/media?parent=2788"}],"curies":[{"name":"wp","href":"https:\/\/api.w.org\/{rel}","templated":true}]}}