{"id":2626,"date":"2025-02-18T10:26:58","date_gmt":"2025-02-18T09:26:58","guid":{"rendered":"https:\/\/tourdesmuverans.ch\/?page_id=2626"},"modified":"2025-07-08T19:56:18","modified_gmt":"2025-07-08T17:56:18","slug":"on-parle-du-tdm","status":"publish","type":"page","link":"https:\/\/tourdesmuverans.ch\/de\/on-parle-du-tdm\/","title":{"rendered":"Man spricht vom CT"},"content":{"rendered":"<div data-elementor-type=\"wp-page\" data-elementor-id=\"2626\" class=\"elementor elementor-2626\">\n\t\t\t\t\t\t<section class=\"elementor-section elementor-top-section elementor-element elementor-element-7fe92584 elementor-section-height-min-height elementor-section-boxed elementor-section-height-default elementor-section-items-middle\" data-id=\"7fe92584\" data-element_type=\"section\" data-e-type=\"section\" data-settings=\"{&quot;background_background&quot;:&quot;classic&quot;}\">\n\t\t\t\t\t\t\t<div class=\"elementor-background-overlay\"><\/div>\n\t\t\t\t\t\t\t<div class=\"elementor-container elementor-column-gap-default\">\n\t\t\t\t\t<div class=\"elementor-column elementor-col-100 elementor-top-column elementor-element elementor-element-1303e5b6\" data-id=\"1303e5b6\" data-element_type=\"column\" data-e-type=\"column\">\n\t\t\t<div class=\"elementor-widget-wrap elementor-element-populated\">\n\t\t\t\t\t\t<div class=\"elementor-element elementor-element-3cf45bdd elementor-widget elementor-widget-heading\" data-id=\"3cf45bdd\" data-element_type=\"widget\" data-e-type=\"widget\" data-widget_type=\"heading.default\">\n\t\t\t\t<div class=\"elementor-widget-container\">\n\t\t\t\t\t<h1 class=\"elementor-heading-title elementor-size-default\">Man spricht vom CT<\/h1>\t\t\t\t<\/div>\n\t\t\t\t<\/div>\n\t\t\t\t\t<\/div>\n\t\t<\/div>\n\t\t\t\t\t<\/div>\n\t\t<\/section>\n\t\t<div class=\"elementor-element elementor-element-3849644 e-flex e-con-boxed e-con e-parent\" data-id=\"3849644\" data-element_type=\"container\" data-e-type=\"container\">\n\t\t\t\t\t<div class=\"e-con-inner\">\n\t\t\t\t<div class=\"elementor-element elementor-element-f6e9f31 elementor-widget elementor-widget-eael-adv-accordion\" data-id=\"f6e9f31\" data-element_type=\"widget\" data-e-type=\"widget\" data-widget_type=\"eael-adv-accordion.default\">\n\t\t\t\t<div class=\"elementor-widget-container\">\n\t\t\t\t\t            <div class=\"eael-adv-accordion\" id=\"eael-adv-accordion-f6e9f31\" data-scroll-on-click=\"no\" data-scroll-speed=\"300\" data-accordion-id=\"f6e9f31\" data-accordion-type=\"accordion\" data-toogle-speed=\"300\">\n            <div class=\"eael-accordion-list\">\n\t\t\t\t\t<div id=\"article-dans-randonnerch-de-mars-2024\" class=\"elementor-tab-title eael-accordion-header\" tabindex=\"0\" data-tab=\"1\" aria-controls=\"elementor-tab-content-2581\"><span class=\"eael-advanced-accordion-icon-closed\"><i aria-hidden=\"true\" class=\"fa-accordion-icon fas fa-plus\"><\/i><\/span><span class=\"eael-advanced-accordion-icon-opened\"><i aria-hidden=\"true\" class=\"fa-accordion-icon fas fa-minus\"><\/i><\/span><span class=\"eael-accordion-tab-title\">Artikel in \"Randonner.ch\" vom M\u00e4rz 2024<\/span><i aria-hidden=\"true\" class=\"fa-toggle fas fa-angle-right\"><\/i><\/div><div id=\"elementor-tab-content-2581\" class=\"eael-accordion-content clearfix\" data-tab=\"1\" aria-labelledby=\"article-dans-randonnerch-de-mars-2024\"><h2>10 Kriterien f\u00fcr eine erfolgreiche Wanderung<\/h2><p>Was braucht es, damit eine Wanderung ein voller Erfolg wird? Unser Redakteur, der zwei Tage lang von Ovronnaz (VS) \u00fcber Derborence nach Pont de Nant (VD) gewandert ist, nennt die zehn wichtigsten Elemente.<\/p><p><a href=\"https:\/\/tourdesmuverans.ch\/wp-content\/uploads\/2025\/02\/LA-RANDONNEE-2024-3-Muverans.pdf\">Lesen Sie den Artikel hier<\/a><\/p><p><a href=\"https:\/\/tourdesmuverans.ch\/wp-content\/uploads\/2025\/03\/DAS-WANDERN-2024-3-Muverans.pdf\">Den Artikel auf Deutsch hier<\/a><\/p><\/div>\n\t\t\t\t\t<\/div><div class=\"eael-accordion-list\">\n\t\t\t\t\t<div id=\"reportage-paju-derborence-du-11-octobre-2024\" class=\"elementor-tab-title eael-accordion-header\" tabindex=\"0\" data-tab=\"2\" aria-controls=\"elementor-tab-content-2582\"><span class=\"eael-advanced-accordion-icon-closed\"><i aria-hidden=\"true\" class=\"fa-accordion-icon fas fa-plus\"><\/i><\/span><span class=\"eael-advanced-accordion-icon-opened\"><i aria-hidden=\"true\" class=\"fa-accordion-icon fas fa-minus\"><\/i><\/span><span class=\"eael-accordion-tab-title\">Reportage PAJU - Derborence vom 11. Oktober 2024<\/span><i aria-hidden=\"true\" class=\"fa-toggle fas fa-angle-right\"><\/i><\/div><div id=\"elementor-tab-content-2582\" class=\"eael-accordion-content clearfix\" data-tab=\"2\" aria-labelledby=\"reportage-paju-derborence-du-11-octobre-2024\"><h2 class=\"article-title small\">Die Helden der Postautos<\/h2><p>Die Fahrer der Postautos nach Derborence sind Goldschmiede am Steuer. Sie man\u00f6vrieren ohne zu zittern \u00fcber diese ebenso sch\u00f6ne wie schwindelerregende Walliser Stra\u00dfe. Diese mutigen Fahrer setzen die epische Geschichte dieser historischen Strecke t\u00e4glich fort. Starke Emotionen sind garantiert.<\/p><p>Eine Reportage von Rapha\u00ebl Engel<\/p><p><a href=\"https:\/\/www.rts.ch\/emissions\/passe-moi-les-jumelles\/2024\/video\/les-heros-des-cars-postaux-28656092.html\" rel=\"nofollow noopener\" target=\"_blank\">Die Reportage hier\u00a0<\/a><\/p><\/div>\n\t\t\t\t\t<\/div><div class=\"eael-accordion-list\">\n\t\t\t\t\t<div id=\"on-parle-du-tdm-jusquen-sude\" class=\"elementor-tab-title eael-accordion-header\" tabindex=\"0\" data-tab=\"3\" aria-controls=\"elementor-tab-content-2583\"><span class=\"eael-advanced-accordion-icon-closed\"><i aria-hidden=\"true\" class=\"fa-accordion-icon fas fa-plus\"><\/i><\/span><span class=\"eael-advanced-accordion-icon-opened\"><i aria-hidden=\"true\" class=\"fa-accordion-icon fas fa-minus\"><\/i><\/span><span class=\"eael-accordion-tab-title\">Bis nach Schweden wird \u00fcber den ToM gesprochen<\/span><i aria-hidden=\"true\" class=\"fa-toggle fas fa-angle-right\"><\/i><\/div><div id=\"elementor-tab-content-2583\" class=\"eael-accordion-content clearfix\" data-tab=\"3\" aria-labelledby=\"on-parle-du-tdm-jusquen-sude\"><h2><span class=\"HwtZe\"><span class=\"jCAhz ChMk0b\"><span class=\"ryNqvb\">Ein Blog \u00fcber Reisen und Wandern in Europa<\/span><\/span><\/span><\/h2><p>Tour des Muverans \u00e4r en flerdagsvandring i de schweiziska Alperna. En makal\u00f6s naturupplevelse f\u00f6r dig som \u00e4r ute efter spektakul\u00e4rt alplandskap. I den h\u00e4r guiden f\u00e5r du konkret information och tips om denna lika fantastiska som kr\u00e4vande vandring<\/p><p><a href=\"https:\/\/upptacktsfard.se\/2023\/11\/12\/vandra-tour-des-muverans-var-guide\/\" target=\"_blank\" rel=\"noopener nofollow\">Den Blog besuchen<\/a><\/p><\/div>\n\t\t\t\t\t<\/div><\/div>\t\t\t\t<\/div>\n\t\t\t\t<\/div>\n\t\t\t\t\t<\/div>\n\t\t\t\t<\/div>\n\t\t\t\t<\/div>","protected":false},"excerpt":{"rendered":"<p>On parle du TDM Article dans \u00ab\u00a0Randonner.ch\u00a0\u00bb de mars 2024 10 crit\u00e8res pour une randonn\u00e9e r\u00e9ussie Que faut-il pour qu\u2019une randonn\u00e9e soit vraiment r\u00e9ussie? Notre r\u00e9dacteur, qui a march\u00e9 deux jours d\u2019Ovronnaz (VS) \u00e0 Pont de Nant (VD) en passant par Derborence, \u00e9voque les dix \u00e9l\u00e9ments qui comptent Lire l&rsquo;article ici L&rsquo;article en allemand ici [&hellip;]<\/p>\n","protected":false},"author":3,"featured_media":0,"parent":0,"menu_order":0,"comment_status":"closed","ping_status":"closed","template":"","meta":{"site-sidebar-layout":"no-sidebar","site-content-layout":"page-builder","ast-site-content-layout":"full-width-container","site-content-style":"default","site-sidebar-style":"default","ast-global-header-display":"","ast-banner-title-visibility":"","ast-main-header-display":"","ast-hfb-above-header-display":"","ast-hfb-below-header-display":"","ast-hfb-mobile-header-display":"","site-post-title":"disabled","ast-breadcrumbs-content":"","ast-featured-img":"disabled","footer-sml-layout":"","ast-disable-related-posts":"","theme-transparent-header-meta":"","adv-header-id-meta":"","stick-header-meta":"","header-above-stick-meta":"","header-main-stick-meta":"","header-below-stick-meta":"","astra-migrate-meta-layouts":"set","ast-page-background-enabled":"default","ast-page-background-meta":{"desktop":{"background-color":"var(--ast-global-color-4)","background-image":"","background-repeat":"repeat","background-position":"center center","background-size":"auto","background-attachment":"scroll","background-type":"","background-media":"","overlay-type":"","overlay-color":"","overlay-opacity":"","overlay-gradient":""},"tablet":{"background-color":"","background-image":"","background-repeat":"repeat","background-position":"center center","background-size":"auto","background-attachment":"scroll","background-type":"","background-media":"","overlay-type":"","overlay-color":"","overlay-opacity":"","overlay-gradient":""},"mobile":{"background-color":"","background-image":"","background-repeat":"repeat","background-position":"center center","background-size":"auto","background-attachment":"scroll","background-type":"","background-media":"","overlay-type":"","overlay-color":"","overlay-opacity":"","overlay-gradient":""}},"ast-content-background-meta":{"desktop":{"background-color":"var(--ast-global-color-5)","background-image":"","background-repeat":"repeat","background-position":"center center","background-size":"auto","background-attachment":"scroll","background-type":"","background-media":"","overlay-type":"","overlay-color":"","overlay-opacity":"","overlay-gradient":""},"tablet":{"background-color":"var(--ast-global-color-5)","background-image":"","background-repeat":"repeat","background-position":"center center","background-size":"auto","background-attachment":"scroll","background-type":"","background-media":"","overlay-type":"","overlay-color":"","overlay-opacity":"","overlay-gradient":""},"mobile":{"background-color":"var(--ast-global-color-5)","background-image":"","background-repeat":"repeat","background-position":"center center","background-size":"auto","background-attachment":"scroll","background-type":"","background-media":"","overlay-type":"","overlay-color":"","overlay-opacity":"","overlay-gradient":""}},"footnotes":""},"class_list":["post-2626","page","type-page","status-publish","hentry"],"_links":{"self":[{"href":"https:\/\/tourdesmuverans.ch\/de\/wp-json\/wp\/v2\/pages\/2626","targetHints":{"allow":["GET"]}}],"collection":[{"href":"https:\/\/tourdesmuverans.ch\/de\/wp-json\/wp\/v2\/pages"}],"about":[{"href":"https:\/\/tourdesmuverans.ch\/de\/wp-json\/wp\/v2\/types\/page"}],"author":[{"embeddable":true,"href":"https:\/\/tourdesmuverans.ch\/de\/wp-json\/wp\/v2\/users\/3"}],"replies":[{"embeddable":true,"href":"https:\/\/tourdesmuverans.ch\/de\/wp-json\/wp\/v2\/comments?post=2626"}],"version-history":[{"count":29,"href":"https:\/\/tourdesmuverans.ch\/de\/wp-json\/wp\/v2\/pages\/2626\/revisions"}],"predecessor-version":[{"id":2888,"href":"https:\/\/tourdesmuverans.ch\/de\/wp-json\/wp\/v2\/pages\/2626\/revisions\/2888"}],"wp:attachment":[{"href":"https:\/\/tourdesmuverans.ch\/de\/wp-json\/wp\/v2\/media?parent=2626"}],"curies":[{"name":"wp","href":"https:\/\/api.w.org\/{rel}","templated":true}]}}