{"id":2247,"date":"2024-02-08T11:02:20","date_gmt":"2024-02-08T10:02:20","guid":{"rendered":"https:\/\/test4.stxweb.ch\/?page_id=2247"},"modified":"2025-04-16T18:34:33","modified_gmt":"2025-04-16T16:34:33","slug":"lassociation","status":"publish","type":"page","link":"https:\/\/tourdesmuverans.ch\/de\/lassociation\/","title":{"rendered":"Wer sind wir?"},"content":{"rendered":"<div data-elementor-type=\"wp-page\" data-elementor-id=\"2247\" class=\"elementor elementor-2247\">\n\t\t\t\t\t\t<section class=\"elementor-section elementor-top-section elementor-element elementor-element-2baa8d51 elementor-section-height-min-height elementor-section-boxed elementor-section-height-default elementor-section-items-middle\" data-id=\"2baa8d51\" data-element_type=\"section\" data-e-type=\"section\" data-settings=\"{&quot;background_background&quot;:&quot;classic&quot;}\">\n\t\t\t\t\t\t\t<div class=\"elementor-background-overlay\"><\/div>\n\t\t\t\t\t\t\t<div class=\"elementor-container elementor-column-gap-default\">\n\t\t\t\t\t<div class=\"elementor-column elementor-col-100 elementor-top-column elementor-element elementor-element-3bc3a67f\" data-id=\"3bc3a67f\" data-element_type=\"column\" data-e-type=\"column\">\n\t\t\t<div class=\"elementor-widget-wrap elementor-element-populated\">\n\t\t\t\t\t\t<div class=\"elementor-element elementor-element-2a50d4b9 elementor-widget elementor-widget-heading\" data-id=\"2a50d4b9\" data-element_type=\"widget\" data-e-type=\"widget\" data-widget_type=\"heading.default\">\n\t\t\t\t<div class=\"elementor-widget-container\">\n\t\t\t\t\t<h1 class=\"elementor-heading-title elementor-size-default\">Der Verein<\/h1>\t\t\t\t<\/div>\n\t\t\t\t<\/div>\n\t\t\t\t\t<\/div>\n\t\t<\/div>\n\t\t\t\t\t<\/div>\n\t\t<\/section>\n\t\t<div class=\"elementor-element elementor-element-056cebb e-flex e-con-boxed e-con e-parent\" data-id=\"056cebb\" data-element_type=\"container\" data-e-type=\"container\">\n\t\t\t\t\t<div class=\"e-con-inner\">\n\t\t\t\t<div class=\"elementor-element elementor-element-b729964 elementor-widget elementor-widget-heading\" data-id=\"b729964\" data-element_type=\"widget\" data-e-type=\"widget\" data-widget_type=\"heading.default\">\n\t\t\t\t<div class=\"elementor-widget-container\">\n\t\t\t\t\t<h2 class=\"elementor-heading-title elementor-size-default\">Kleine Geschichte<\/h2>\t\t\t\t<\/div>\n\t\t\t\t<\/div>\n\t\t\t\t<div class=\"elementor-element elementor-element-fed56ab elementor-widget elementor-widget-text-editor\" data-id=\"fed56ab\" data-element_type=\"widget\" data-e-type=\"widget\" data-widget_type=\"text-editor.default\">\n\t\t\t\t<div class=\"elementor-widget-container\">\n\t\t\t\t\t\t\t\t\t<p>Die Association du Tour des Muverans wurde 1988 gegr\u00fcndet. Das Projekt wurde von den Herren Bernard Bessard und Jean-Michel Buchard von der Soci\u00e9t\u00e9 de D\u00e9veloppement d'Ovronnaz ins Leben gerufen.<\/p><p>Die gew\u00e4hlte Option ist keine Wettkampfstrecke, sondern vielmehr ein familienfreundlicher Wanderweg.<\/p><p>Die skizzierte Tour erscheint sehr interessant, insbesondere in Bezug auf die Anzahl der Unterk\u00fcnfte, die m\u00f6glichen Etappen und die Tatsache, dass sie durch zwei Naturschutzgebiete f\u00fchrt: das von Pont de Nant und das von Derborence.<\/p><p>Die betroffenen Gemeinden sind: Fully - Dor\u00e9naz - Lavey - Bex - Ollon - Gryon - Conthey - Chamoson - Leytron - Collonges - V\u00e9troz - Saillon. Alle diese Gemeinden haben positiv auf die Initiative reagiert.<\/p>\t\t\t\t\t\t\t\t<\/div>\n\t\t\t\t<\/div>\n\t\t\t\t\t<\/div>\n\t\t\t\t<\/div>\n\t\t<div class=\"elementor-element elementor-element-a1b710a e-flex e-con-boxed e-con e-parent\" data-id=\"a1b710a\" data-element_type=\"container\" data-e-type=\"container\">\n\t\t\t\t\t<div class=\"e-con-inner\">\n\t\t\t\t<div class=\"elementor-element elementor-element-d5329f5 elementor-widget elementor-widget-heading\" data-id=\"d5329f5\" data-element_type=\"widget\" data-e-type=\"widget\" data-widget_type=\"heading.default\">\n\t\t\t\t<div class=\"elementor-widget-container\">\n\t\t\t\t\t<h3 class=\"elementor-heading-title elementor-size-default\">Ziele der Vereinigung<\/h3>\t\t\t\t<\/div>\n\t\t\t\t<\/div>\n\t\t\t\t<div class=\"elementor-element elementor-element-299b33e elementor-widget elementor-widget-text-editor\" data-id=\"299b33e\" data-element_type=\"widget\" data-e-type=\"widget\" data-widget_type=\"text-editor.default\">\n\t\t\t\t<div class=\"elementor-widget-container\">\n\t\t\t\t\t\t\t\t\t<p>Sie ermutigt und f\u00f6rdert die Tour p\u00e9destre des Muverans.<\/p><p>Sie f\u00fchrt die Herausgabe aller Dokumente und Werbematerialien durch.<\/p><p>Sie wacht und koordiniert mit VALRANDO und VAUD RANDO sowie mit allen von der Route betroffenen Gemeinden und Entwicklungsgesellschaften \u00fcber den guten Zustand der Wege, der Signalisation und der Markierung.<\/p><p>Die rund 40 Mitglieder des Vereins verteilen sich wie folgt:<\/p><ol><li>die direkt betroffenen Gemeinden ;<\/li><li>Betreiber, W\u00e4chter und Besitzer von H\u00fctten und Restaurants ;<\/li><li>die betreffenden Tourismusb\u00fcros und Entwicklungsgesellschaften<\/li><li>Einzelmitglieder<\/li><\/ol>\t\t\t\t\t\t\t\t<\/div>\n\t\t\t\t<\/div>\n\t\t\t\t<div class=\"elementor-element elementor-element-94e8347 elementor-button-info elementor-widget elementor-widget-button\" data-id=\"94e8347\" data-element_type=\"widget\" data-e-type=\"widget\" data-widget_type=\"button.default\">\n\t\t\t\t<div class=\"elementor-widget-container\">\n\t\t\t\t\t\t\t\t\t<div class=\"elementor-button-wrapper\">\n\t\t\t\t\t<a class=\"elementor-button elementor-button-link elementor-size-xl\" href=\"https:\/\/tourdesmuverans.ch\/wp-content\/uploads\/2024\/11\/statuts-signes-2024.pdf\" id=\"https:\/\/tourdesmuverans.ch\/wp-content\/uploads\/2024\/11\/statuts-signes-2024.pdf\">\n\t\t\t\t\t\t<span class=\"elementor-button-content-wrapper\">\n\t\t\t\t\t\t\t\t\t<span class=\"elementor-button-text\">die Satzung der Vereinigung<\/span>\n\t\t\t\t\t<\/span>\n\t\t\t\t\t<\/a>\n\t\t\t\t<\/div>\n\t\t\t\t\t\t\t\t<\/div>\n\t\t\t\t<\/div>\n\t\t\t\t\t<\/div>\n\t\t\t\t<\/div>\n\t\t\t\t<\/div>","protected":false},"excerpt":{"rendered":"<p>L\u2019Association Petit historique L\u2019Association du Tour des Muverans est n\u00e9e en 1988. Ce projet est lanc\u00e9 par Messieurs Bernard Bessard et Jean-Michel Buchard de la Soci\u00e9t\u00e9 de D\u00e9veloppement d\u2019Ovronnaz. L\u2019option retenue n\u2019est pas celle d\u2019un parcours de comp\u00e9tition mais plut\u00f4t celle d\u2019un chemin de randonn\u00e9e \u00e0 vocation familiale. Le Tour esquiss\u00e9 para\u00eet tr\u00e8s int\u00e9ressant notamment [&hellip;]<\/p>\n","protected":false},"author":1,"featured_media":0,"parent":0,"menu_order":0,"comment_status":"closed","ping_status":"closed","template":"","meta":{"site-sidebar-layout":"no-sidebar","site-content-layout":"page-builder","ast-site-content-layout":"full-width-container","site-content-style":"default","site-sidebar-style":"default","ast-global-header-display":"","ast-banner-title-visibility":"","ast-main-header-display":"","ast-hfb-above-header-display":"","ast-hfb-below-header-display":"","ast-hfb-mobile-header-display":"","site-post-title":"disabled","ast-breadcrumbs-content":"","ast-featured-img":"disabled","footer-sml-layout":"","ast-disable-related-posts":"","theme-transparent-header-meta":"","adv-header-id-meta":"","stick-header-meta":"","header-above-stick-meta":"","header-main-stick-meta":"","header-below-stick-meta":"","astra-migrate-meta-layouts":"set","ast-page-background-enabled":"default","ast-page-background-meta":{"desktop":{"background-color":"var(--ast-global-color-4)","background-image":"","background-repeat":"repeat","background-position":"center center","background-size":"auto","background-attachment":"scroll","background-type":"","background-media":"","overlay-type":"","overlay-color":"","overlay-opacity":"","overlay-gradient":""},"tablet":{"background-color":"","background-image":"","background-repeat":"repeat","background-position":"center center","background-size":"auto","background-attachment":"scroll","background-type":"","background-media":"","overlay-type":"","overlay-color":"","overlay-opacity":"","overlay-gradient":""},"mobile":{"background-color":"","background-image":"","background-repeat":"repeat","background-position":"center center","background-size":"auto","background-attachment":"scroll","background-type":"","background-media":"","overlay-type":"","overlay-color":"","overlay-opacity":"","overlay-gradient":""}},"ast-content-background-meta":{"desktop":{"background-color":"var(--ast-global-color-5)","background-image":"","background-repeat":"repeat","background-position":"center center","background-size":"auto","background-attachment":"scroll","background-type":"","background-media":"","overlay-type":"","overlay-color":"","overlay-opacity":"","overlay-gradient":""},"tablet":{"background-color":"var(--ast-global-color-5)","background-image":"","background-repeat":"repeat","background-position":"center center","background-size":"auto","background-attachment":"scroll","background-type":"","background-media":"","overlay-type":"","overlay-color":"","overlay-opacity":"","overlay-gradient":""},"mobile":{"background-color":"var(--ast-global-color-5)","background-image":"","background-repeat":"repeat","background-position":"center center","background-size":"auto","background-attachment":"scroll","background-type":"","background-media":"","overlay-type":"","overlay-color":"","overlay-opacity":"","overlay-gradient":""}},"footnotes":""},"class_list":["post-2247","page","type-page","status-publish","hentry"],"_links":{"self":[{"href":"https:\/\/tourdesmuverans.ch\/de\/wp-json\/wp\/v2\/pages\/2247","targetHints":{"allow":["GET"]}}],"collection":[{"href":"https:\/\/tourdesmuverans.ch\/de\/wp-json\/wp\/v2\/pages"}],"about":[{"href":"https:\/\/tourdesmuverans.ch\/de\/wp-json\/wp\/v2\/types\/page"}],"author":[{"embeddable":true,"href":"https:\/\/tourdesmuverans.ch\/de\/wp-json\/wp\/v2\/users\/1"}],"replies":[{"embeddable":true,"href":"https:\/\/tourdesmuverans.ch\/de\/wp-json\/wp\/v2\/comments?post=2247"}],"version-history":[{"count":29,"href":"https:\/\/tourdesmuverans.ch\/de\/wp-json\/wp\/v2\/pages\/2247\/revisions"}],"predecessor-version":[{"id":2704,"href":"https:\/\/tourdesmuverans.ch\/de\/wp-json\/wp\/v2\/pages\/2247\/revisions\/2704"}],"wp:attachment":[{"href":"https:\/\/tourdesmuverans.ch\/de\/wp-json\/wp\/v2\/media?parent=2247"}],"curies":[{"name":"wp","href":"https:\/\/api.w.org\/{rel}","templated":true}]}}