{"id":1589,"date":"2023-10-25T15:23:41","date_gmt":"2023-10-25T13:23:41","guid":{"rendered":"https:\/\/test4.stxweb.ch\/?page_id=1589"},"modified":"2024-03-07T11:02:49","modified_gmt":"2024-03-07T10:02:49","slug":"les-news","status":"publish","type":"page","link":"https:\/\/tourdesmuverans.ch\/de\/les-news\/","title":{"rendered":"Die Nachrichten"},"content":{"rendered":"\t\t<div data-elementor-type=\"wp-page\" data-elementor-id=\"1589\" class=\"elementor elementor-1589\">\n\t\t\t\t\t\t<section class=\"elementor-section elementor-top-section elementor-element elementor-element-5f969d10 elementor-section-height-min-height elementor-section-boxed elementor-section-height-default elementor-section-items-middle\" data-id=\"5f969d10\" data-element_type=\"section\" data-e-type=\"section\" data-settings=\"{&quot;background_background&quot;:&quot;classic&quot;}\">\n\t\t\t\t\t\t\t<div class=\"elementor-background-overlay\"><\/div>\n\t\t\t\t\t\t\t<div class=\"elementor-container elementor-column-gap-default\">\n\t\t\t\t\t<div class=\"elementor-column elementor-col-100 elementor-top-column elementor-element elementor-element-e8bd9ec\" data-id=\"e8bd9ec\" data-element_type=\"column\" data-e-type=\"column\">\n\t\t\t<div class=\"elementor-widget-wrap elementor-element-populated\">\n\t\t\t\t\t\t<div class=\"elementor-element elementor-element-4af40848 elementor-widget elementor-widget-heading\" data-id=\"4af40848\" data-element_type=\"widget\" data-e-type=\"widget\" data-widget_type=\"heading.default\">\n\t\t\t\t<div class=\"elementor-widget-container\">\n\t\t\t\t\t<h1 class=\"elementor-heading-title elementor-size-default\">G\u00e9n\u00e9ralit\u00e9s<\/h1>\t\t\t\t<\/div>\n\t\t\t\t<\/div>\n\t\t\t\t\t<\/div>\n\t\t<\/div>\n\t\t\t\t\t<\/div>\n\t\t<\/section>\n\t\t<div class=\"elementor-element elementor-element-dfe41a8 e-con-full e-flex e-con e-parent\" data-id=\"dfe41a8\" data-element_type=\"container\" data-e-type=\"container\">\n\t\t<div class=\"elementor-element elementor-element-c44c2c6 e-con-full e-flex e-con e-child\" data-id=\"c44c2c6\" data-element_type=\"container\" data-e-type=\"container\">\n\t\t\t\t<div class=\"elementor-element elementor-element-a1432ef elementor-grid-eael-col-1 elementor-grid-tablet-eael-col-2 elementor-grid-mobile-eael-col-1 elementor-widget elementor-widget-eael-post-grid\" data-id=\"a1432ef\" data-element_type=\"widget\" data-e-type=\"widget\" data-settings=\"{&quot;eael_post_grid_columns&quot;:&quot;eael-col-1&quot;,&quot;eael_post_grid_columns_tablet&quot;:&quot;eael-col-2&quot;,&quot;eael_post_grid_columns_mobile&quot;:&quot;eael-col-1&quot;}\" data-widget_type=\"eael-post-grid.default\">\n\t\t\t\t<div class=\"elementor-widget-container\">\n\t\t\t\t\t<div id=\"eael-post-grid-a1432ef\" class=\"eael-post-grid-container\">\n            <div class=\"eael-post-grid eael-post-appender eael-post-appender-a1432ef eael-post-grid-style-one\" data-layout-mode=\"masonry\"><article class=\"eael-grid-post  eael-post-grid-column eael-pg-post-3089 category-information\" data-id=\"3089\">\n        <div class=\"eael-grid-post-holder\">\n            <div class=\"eael-grid-post-holder-inner\"><div class=\"eael-entry-wrapper\"><header class=\"eael-entry-header\"><h2 class=\"eael-entry-title\"><a class=\"eael-grid-post-link\" href=\"https:\/\/tourdesmuverans.ch\/de\/fermeture-hebergements-2025\/\" title=\"Fermeture h\u00e9bergements 2025\">Fermeture h\u00e9bergements 2025<\/a><\/h2><\/header><div class=\"eael-entry-content\">\n                        <div class=\"eael-grid-post-excerpt\"><p>La fin de saison approche. V\u00e9rifiez que l&rsquo;h\u00e9bergement que vous avez pr\u00e9vu soit encore ouvert. Contactez les gardiens et gardiennes pour r\u00e9server votre nuit et renseignez-vous sur l&rsquo;\u00e9tat des chemins. Vous trouverez toutes les informations sur la carte de l&rsquo;Itin\u00e9raire en cliquant sur les petites maisons.<\/p><a href=\"https:\/\/tourdesmuverans.ch\/de\/fermeture-hebergements-2025\/\" class=\"eael-post-elements-readmore-btn\">Lire la suite<\/a><\/div>\n                    <\/div><\/div><\/div>\n        <\/div>\n    <\/article><article class=\"eael-grid-post  eael-post-grid-column eael-pg-post-2872 category-information\" data-id=\"2872\">\n        <div class=\"eael-grid-post-holder\">\n            <div class=\"eael-grid-post-holder-inner\"><div class=\"eael-entry-wrapper\"><header class=\"eael-entry-header\"><h2 class=\"eael-entry-title\"><a class=\"eael-grid-post-link\" href=\"https:\/\/tourdesmuverans.ch\/de\/passeport-tour-des-muverans\/\" title=\"Passeport Tour des Muverans\">Passeport Tour des Muverans<\/a><\/h2><\/header><div class=\"eael-entry-content\">\n                        <div class=\"eael-grid-post-excerpt\"><p>Demandez votre passeport TdM dans votre premi\u00e8re cabane ou dans les offices du tourisme de la r\u00e9gion<\/p><a href=\"https:\/\/tourdesmuverans.ch\/de\/passeport-tour-des-muverans\/\" class=\"eael-post-elements-readmore-btn\">Lire la suite<\/a><\/div>\n                    <\/div><\/div><\/div>\n        <\/div>\n    <\/article><article class=\"eael-grid-post  eael-post-grid-column eael-pg-post-2638 category-attention\" data-id=\"2638\">\n        <div class=\"eael-grid-post-holder\">\n            <div class=\"eael-grid-post-holder-inner\"><div class=\"eael-entry-wrapper\"><header class=\"eael-entry-header\"><h2 class=\"eael-entry-title\"><a class=\"eael-grid-post-link\" href=\"https:\/\/tourdesmuverans.ch\/de\/changement-gite-alpage-lau-darbignon\/\" title=\"Changement de statut du G\u00eete d&rsquo;alpage de l&rsquo;Au d&rsquo;Arbignon\">Changement de statut du G\u00eete d&rsquo;alpage de l&rsquo;Au d&rsquo;Arbignon<\/a><\/h2><\/header><div class=\"eael-entry-content\">\n                        <div class=\"eael-grid-post-excerpt\"><p>L&rsquo;alpage de l&rsquo;Au d&rsquo;Arbignon n&rsquo;est d\u00e9sormais plus utilis\u00e9 comme g\u00eete. \u00c0 partir de l&rsquo;\u00e9t\u00e9 2025, il ne sera plus possible d&rsquo;y passer la nuit ni de s&rsquo;y restaurer.\u00a0<\/p><a href=\"https:\/\/tourdesmuverans.ch\/de\/changement-gite-alpage-lau-darbignon\/\" class=\"eael-post-elements-readmore-btn\">Lire la suite<\/a><\/div>\n                    <\/div><\/div><\/div>\n        <\/div>\n    <\/article><article class=\"eael-grid-post  eael-post-grid-column eael-pg-post-2115 category-information\" data-id=\"2115\">\n        <div class=\"eael-grid-post-holder\">\n            <div class=\"eael-grid-post-holder-inner\"><div class=\"eael-entry-wrapper\"><header class=\"eael-entry-header\"><h2 class=\"eael-entry-title\"><a class=\"eael-grid-post-link\" href=\"https:\/\/tourdesmuverans.ch\/de\/conseils-de-pro\/\" title=\"Conseils de Pro\">Conseils de Pro<\/a><\/h2><\/header><div class=\"eael-entry-content\">\n                        <div class=\"eael-grid-post-excerpt\"><p>Plani\ufb01ez correctement votre randonn\u00e9e A l\u2019avance, \u00e9tudiez votre parcours \u00e0 la maison en consultant les cartes, les sites internet, en vous renseignant aupr\u00e8s des o\ufb03ces du tourisme ou des gardiens de cabanes. En montagne il est recommand\u00e9 de ne pas randonner seul\u00b7e. Utilisez de pr\u00e9f\u00e9rence les sites o\ufb03ciels : map.geo.admin.ch ou SuisseMobile ou l\u2019application Swisstopo [&hellip;]<\/p><a href=\"https:\/\/tourdesmuverans.ch\/de\/conseils-de-pro\/\" class=\"eael-post-elements-readmore-btn\">Lire la suite<\/a><\/div>\n                    <\/div><\/div><\/div>\n        <\/div>\n    <\/article><article class=\"eael-grid-post  eael-post-grid-column eael-pg-post-2110 category-information\" data-id=\"2110\">\n        <div class=\"eael-grid-post-holder\">\n            <div class=\"eael-grid-post-holder-inner\"><div class=\"eael-entry-wrapper\"><header class=\"eael-entry-header\"><h2 class=\"eael-entry-title\"><a class=\"eael-grid-post-link\" href=\"https:\/\/tourdesmuverans.ch\/de\/temps-de-marche-intercabanes\/\" title=\"Temps de marche intercabanes\">Temps de marche intercabanes<\/a><\/h2><\/header><div class=\"eael-entry-content\">\n                        <div class=\"eael-grid-post-excerpt\"><p>Pour faciliter la pr\u00e9paration des \u00e9tapes, t\u00e9l\u00e9chargez cette carte dans votre smartphone et imprimez-la. Vous en disposerez dans votre poche ! Carte \u00e0&nbsp; t\u00e9l\u00e9charger Vous pouvez \u00e9galement pr\u00e9parer votre tour en scannant les QR code ci-dessous avec votre smartphone. Cela va importer le tour des Muverans sur l&rsquo;application Swisstopo. Vous pouvez ensuite le modifier en [&hellip;]<\/p><a href=\"https:\/\/tourdesmuverans.ch\/de\/temps-de-marche-intercabanes\/\" class=\"eael-post-elements-readmore-btn\">Lire la suite<\/a><\/div>\n                    <\/div><\/div><\/div>\n        <\/div>\n    <\/article><article class=\"eael-grid-post  eael-post-grid-column eael-pg-post-2021 category-information\" data-id=\"2021\">\n        <div class=\"eael-grid-post-holder\">\n            <div class=\"eael-grid-post-holder-inner\"><div class=\"eael-entry-wrapper\"><header class=\"eael-entry-header\"><h2 class=\"eael-entry-title\"><a class=\"eael-grid-post-link\" href=\"https:\/\/tourdesmuverans.ch\/de\/liens-reserves-naturelles\/\" title=\"Liens r\u00e9serves naturelles\">Liens r\u00e9serves naturelles<\/a><\/h2><\/header><div class=\"eael-entry-content\">\n                        <div class=\"eael-grid-post-excerpt\"><p>Le Vallon de Nant Le Vallon de Nant\u00a0est une r\u00e9serve naturelle depuis le 29 novembre 1969. Il est soumis \u00e0 un r\u00e9gime institutionnel particulier puisqu\u2019il est une r\u00e9serve g\u00e9r\u00e9e par Pro Natura Vaud sur le plan cantonal et fait partie du district franc f\u00e9d\u00e9ral du Grand Muveran au niveau f\u00e9d\u00e9ral. Des chercheurs de l\u2019UNIL y [&hellip;]<\/p><a href=\"https:\/\/tourdesmuverans.ch\/de\/liens-reserves-naturelles\/\" class=\"eael-post-elements-readmore-btn\">Lire la suite<\/a><\/div>\n                    <\/div><\/div><\/div>\n        <\/div>\n    <\/article><article class=\"eael-grid-post  eael-post-grid-column eael-pg-post-1959 category-information\" data-id=\"1959\">\n        <div class=\"eael-grid-post-holder\">\n            <div class=\"eael-grid-post-holder-inner\"><div class=\"eael-entry-wrapper\"><header class=\"eael-entry-header\"><h2 class=\"eael-entry-title\"><a class=\"eael-grid-post-link\" href=\"https:\/\/tourdesmuverans.ch\/de\/lire-les-panneaux\/\" title=\"Lire les panneaux\">Lire les panneaux<\/a><\/h2><\/header><div class=\"eael-entry-content\">\n                        <div class=\"eael-grid-post-excerpt\"><p>Randonner en Suisse en toute s\u00e9curit\u00e9 \u2013 ou comment lire le balisage :\u200b<\/p><a href=\"https:\/\/tourdesmuverans.ch\/de\/lire-les-panneaux\/\" class=\"eael-post-elements-readmore-btn\">Lire la suite<\/a><\/div>\n                    <\/div><\/div><\/div>\n        <\/div>\n    <\/article><article class=\"eael-grid-post  eael-post-grid-column eael-pg-post-1347 category-attention\" data-id=\"1347\">\n        <div class=\"eael-grid-post-holder\">\n            <div class=\"eael-grid-post-holder-inner\"><div class=\"eael-entry-wrapper\"><header class=\"eael-entry-header\"><h2 class=\"eael-entry-title\"><a class=\"eael-grid-post-link\" href=\"https:\/\/tourdesmuverans.ch\/de\/le-col-des-perris-blancs\/\" title=\"Col des Perris Blancs\">Col des Perris Blancs<\/a><\/h2><\/header><div class=\"eael-entry-content\">\n                        <div class=\"eael-grid-post-excerpt\"><p>Attention le col des Perris Blancs ne se franchit plus. Le col ne fait plus partie de l\u2019itin\u00e9raire du TDM pour des raisons de s\u00e9curit\u00e9. Le col des Perris Blancs n\u2019est ni balis\u00e9 ni entretenu, veuillez suivre les panneaux indiquant l\u2019itin\u00e9raire balis\u00e9 du Tour des Muverans et ne pas s&rsquo;aventurer sur des chemins de traverse [&hellip;]<\/p><a href=\"https:\/\/tourdesmuverans.ch\/de\/le-col-des-perris-blancs\/\" class=\"eael-post-elements-readmore-btn\">Lire la suite<\/a><\/div>\n                    <\/div><\/div><\/div>\n        <\/div>\n    <\/article><article class=\"eael-grid-post  eael-post-grid-column eael-pg-post-2329 category-information\" data-id=\"2329\">\n        <div class=\"eael-grid-post-holder\">\n            <div class=\"eael-grid-post-holder-inner\"><div class=\"eael-entry-wrapper\"><header class=\"eael-entry-header\"><h2 class=\"eael-entry-title\"><a class=\"eael-grid-post-link\" href=\"https:\/\/tourdesmuverans.ch\/de\/les-voies-de-grimpe\/\" title=\"Les voies de grimpe\">Les voies de grimpe<\/a><\/h2><\/header><div class=\"eael-entry-content\">\n                        <div class=\"eael-grid-post-excerpt\"><p>Les voies de Grimpe Ce site est bien s\u00fbr d\u00e9di\u00e9 \u00e0 la randonn\u00e9e, mais il est probable que quelques amateurs de grimpe soient int\u00e9ress\u00e9s par conna\u00eetre les diverses possibilit\u00e9s sp\u00e9cifiques \u00e0 ce sport, et existant en parall\u00e8le de nos sentiers&#8230; Voici donc une carte donnant quelques informations \u00e0 ce sujet. Attention : le Tour des [&hellip;]<\/p><a href=\"https:\/\/tourdesmuverans.ch\/de\/les-voies-de-grimpe\/\" class=\"eael-post-elements-readmore-btn\">Lire la suite<\/a><\/div>\n                    <\/div><\/div><\/div>\n        <\/div>\n    <\/article><\/div>\n            <div class=\"clearfix\"><\/div>\n        <\/div>\t\t\t\t<\/div>\n\t\t\t\t<\/div>\n\t\t\t\t<\/div>\n\t\t<div class=\"elementor-element elementor-element-e4d5241 e-con-full elementor-hidden-tablet elementor-hidden-mobile e-flex e-con e-child\" data-id=\"e4d5241\" data-element_type=\"container\" data-e-type=\"container\">\n\t\t\t\t<div class=\"elementor-element elementor-element-c714b0b elementor-widget elementor-widget-sidebar\" data-id=\"c714b0b\" data-element_type=\"widget\" data-e-type=\"widget\" data-widget_type=\"sidebar.default\">\n\t\t\t\t<div class=\"elementor-widget-container\">\n\t\t\t\t\t<aside id=\"block-7\" class=\"widget widget_block widget_search\"><form role=\"search\" method=\"get\" action=\"https:\/\/tourdesmuverans.ch\/de\/\" class=\"wp-block-search__button-outside wp-block-search__text-button wp-block-search\"    ><label class=\"wp-block-search__label\" for=\"wp-block-search__input-1\" >Suchen<\/label><div class=\"wp-block-search__inside-wrapper\" ><input class=\"wp-block-search__input\" id=\"wp-block-search__input-1\" placeholder=\"\" value=\"\" type=\"search\" name=\"s\" required \/><button aria-label=\"Suchen\" class=\"wp-block-search__button wp-element-button\" type=\"submit\" >Suchen<\/button><\/div><\/form><\/aside><aside id=\"block-11\" class=\"widget widget_block\">\n<div class=\"wp-block-group is-layout-flow wp-block-group-is-layout-flow\"><div class=\"wp-block-group__inner-container\">\n<h2 class=\"wp-block-heading\">Categories<\/h2>\n\n\n<ul class=\"wp-block-categories-list wp-block-categories\">\t<li class=\"cat-item cat-item-4\"><a href=\"https:\/\/tourdesmuverans.ch\/de\/category\/attention\/\">Attention<\/a>\n<\/li>\n\t<li class=\"cat-item cat-item-5\"><a href=\"https:\/\/tourdesmuverans.ch\/de\/category\/information\/\">Les Infos<\/a>\n<\/li>\n<\/ul><\/div><\/div>\n<\/aside><aside id=\"block-8\" class=\"widget widget_block\">\n<div class=\"wp-block-group is-layout-flow wp-block-group-is-layout-flow\"><div class=\"wp-block-group__inner-container\">\n<h2 class=\"wp-block-heading\">Recent Posts<\/h2>\n\n\n<ul class=\"wp-block-latest-posts__list wp-block-latest-posts\"><li><a class=\"wp-block-latest-posts__post-title\" href=\"https:\/\/tourdesmuverans.ch\/de\/fermeture-hebergements-2025\/\">Fermeture h\u00e9bergements 2025<\/a><\/li>\n<li><a class=\"wp-block-latest-posts__post-title\" href=\"https:\/\/tourdesmuverans.ch\/de\/passeport-tour-des-muverans\/\">Passeport Tour des Muverans<\/a><\/li>\n<li><a class=\"wp-block-latest-posts__post-title\" href=\"https:\/\/tourdesmuverans.ch\/de\/changement-gite-alpage-lau-darbignon\/\">Changement de statut du G\u00eete d&rsquo;alpage de l&rsquo;Au d&rsquo;Arbignon<\/a><\/li>\n<li><a class=\"wp-block-latest-posts__post-title\" href=\"https:\/\/tourdesmuverans.ch\/de\/conseils-de-pro\/\">Conseils de Pro<\/a><\/li>\n<li><a class=\"wp-block-latest-posts__post-title\" href=\"https:\/\/tourdesmuverans.ch\/de\/temps-de-marche-intercabanes\/\">Temps de marche intercabanes<\/a><\/li>\n<\/ul><\/div><\/div>\n<\/aside><aside id=\"block-10\" class=\"widget widget_block\">\n<div class=\"wp-block-group is-layout-flow wp-block-group-is-layout-flow\"><div class=\"wp-block-group__inner-container\">\n<h2 class=\"wp-block-heading\">Archives<\/h2>\n\n\n<ul class=\"wp-block-archives-list wp-block-archives\">\t<li><a href=\"https:\/\/tourdesmuverans.ch\/de\/2025\/09\/\">September 2025<\/a><\/li>\n\t<li><a href=\"https:\/\/tourdesmuverans.ch\/de\/2025\/06\/\">Juni 2025<\/a><\/li>\n\t<li><a href=\"https:\/\/tourdesmuverans.ch\/de\/2025\/03\/\">M\u00e4rz 2025<\/a><\/li>\n\t<li><a href=\"https:\/\/tourdesmuverans.ch\/de\/2024\/01\/\">Januar 2024<\/a><\/li>\n\t<li><a href=\"https:\/\/tourdesmuverans.ch\/de\/2023\/12\/\">Dezember 2023<\/a><\/li>\n\t<li><a href=\"https:\/\/tourdesmuverans.ch\/de\/2023\/10\/\">Oktober 2023<\/a><\/li>\n\t<li><a href=\"https:\/\/tourdesmuverans.ch\/de\/2021\/02\/\">Februar 2021<\/a><\/li>\n<\/ul><\/div><\/div>\n<\/aside>\t\t\t\t<\/div>\n\t\t\t\t<\/div>\n\t\t\t\t<\/div>\n\t\t\t\t<\/div>\n\t\t\t\t<\/div>\n\t\t","protected":false},"excerpt":{"rendered":"<p>G\u00e9n\u00e9ralit\u00e9s Conseils de Pro Non exhaustifs et n\u2019engageant pas la responsabilit\u00e9 des auteurs Planifiez correctement votre randonn\u00e9e&nbsp; A l\u2019avance, \u00e9tudiez votre parcours \u00e0 la maison en consultant les cartes, les sites internet, en vous renseignant aupr\u00e8s des offices du tourisme ou des gardiens de cabanes. En montagne il est recommand\u00e9 de ne pas randonner seul\/seule. [&hellip;]<\/p>\n","protected":false},"author":1,"featured_media":0,"parent":0,"menu_order":0,"comment_status":"closed","ping_status":"closed","template":"","meta":{"site-sidebar-layout":"no-sidebar","site-content-layout":"page-builder","ast-site-content-layout":"full-width-container","site-content-style":"unboxed","site-sidebar-style":"unboxed","ast-global-header-display":"","ast-banner-title-visibility":"","ast-main-header-display":"","ast-hfb-above-header-display":"","ast-hfb-below-header-display":"","ast-hfb-mobile-header-display":"","site-post-title":"disabled","ast-breadcrumbs-content":"","ast-featured-img":"disabled","footer-sml-layout":"","ast-disable-related-posts":"","theme-transparent-header-meta":"enabled","adv-header-id-meta":"","stick-header-meta":"","header-above-stick-meta":"","header-main-stick-meta":"","header-below-stick-meta":"","astra-migrate-meta-layouts":"set","ast-page-background-enabled":"default","ast-page-background-meta":{"desktop":{"background-color":"var(--ast-global-color-4)","background-image":"","background-repeat":"repeat","background-position":"center center","background-size":"auto","background-attachment":"scroll","background-type":"","background-media":"","overlay-type":"","overlay-color":"","overlay-opacity":"","overlay-gradient":""},"tablet":{"background-color":"","background-image":"","background-repeat":"repeat","background-position":"center center","background-size":"auto","background-attachment":"scroll","background-type":"","background-media":"","overlay-type":"","overlay-color":"","overlay-opacity":"","overlay-gradient":""},"mobile":{"background-color":"","background-image":"","background-repeat":"repeat","background-position":"center center","background-size":"auto","background-attachment":"scroll","background-type":"","background-media":"","overlay-type":"","overlay-color":"","overlay-opacity":"","overlay-gradient":""}},"ast-content-background-meta":{"desktop":{"background-color":"var(--ast-global-color-5)","background-image":"","background-repeat":"repeat","background-position":"center center","background-size":"auto","background-attachment":"scroll","background-type":"","background-media":"","overlay-type":"","overlay-color":"","overlay-opacity":"","overlay-gradient":""},"tablet":{"background-color":"var(--ast-global-color-5)","background-image":"","background-repeat":"repeat","background-position":"center center","background-size":"auto","background-attachment":"scroll","background-type":"","background-media":"","overlay-type":"","overlay-color":"","overlay-opacity":"","overlay-gradient":""},"mobile":{"background-color":"var(--ast-global-color-5)","background-image":"","background-repeat":"repeat","background-position":"center center","background-size":"auto","background-attachment":"scroll","background-type":"","background-media":"","overlay-type":"","overlay-color":"","overlay-opacity":"","overlay-gradient":""}},"footnotes":""},"class_list":["post-1589","page","type-page","status-publish","hentry"],"_links":{"self":[{"href":"https:\/\/tourdesmuverans.ch\/de\/wp-json\/wp\/v2\/pages\/1589","targetHints":{"allow":["GET"]}}],"collection":[{"href":"https:\/\/tourdesmuverans.ch\/de\/wp-json\/wp\/v2\/pages"}],"about":[{"href":"https:\/\/tourdesmuverans.ch\/de\/wp-json\/wp\/v2\/types\/page"}],"author":[{"embeddable":true,"href":"https:\/\/tourdesmuverans.ch\/de\/wp-json\/wp\/v2\/users\/1"}],"replies":[{"embeddable":true,"href":"https:\/\/tourdesmuverans.ch\/de\/wp-json\/wp\/v2\/comments?post=1589"}],"version-history":[{"count":47,"href":"https:\/\/tourdesmuverans.ch\/de\/wp-json\/wp\/v2\/pages\/1589\/revisions"}],"predecessor-version":[{"id":2707,"href":"https:\/\/tourdesmuverans.ch\/de\/wp-json\/wp\/v2\/pages\/1589\/revisions\/2707"}],"wp:attachment":[{"href":"https:\/\/tourdesmuverans.ch\/de\/wp-json\/wp\/v2\/media?parent=1589"}],"curies":[{"name":"wp","href":"https:\/\/api.w.org\/{rel}","templated":true}]}}