{"id":1328,"date":"2023-10-23T14:27:41","date_gmt":"2023-10-23T12:27:41","guid":{"rendered":"https:\/\/test4.stxweb.ch\/?page_id=1328"},"modified":"2025-11-03T10:04:12","modified_gmt":"2025-11-03T09:04:12","slug":"itineraire","status":"publish","type":"page","link":"https:\/\/tourdesmuverans.ch\/de\/itineraire\/","title":{"rendered":"Route"},"content":{"rendered":"<div data-elementor-type=\"wp-page\" data-elementor-id=\"1328\" class=\"elementor elementor-1328\">\n\t\t\t\t\t\t<section class=\"elementor-section elementor-top-section elementor-element elementor-element-8dc186c elementor-section-height-min-height elementor-section-boxed elementor-section-height-default elementor-section-items-middle\" data-id=\"8dc186c\" data-element_type=\"section\" data-e-type=\"section\" data-settings=\"{&quot;background_background&quot;:&quot;classic&quot;}\">\n\t\t\t\t\t\t\t<div class=\"elementor-background-overlay\"><\/div>\n\t\t\t\t\t\t\t<div class=\"elementor-container elementor-column-gap-default\">\n\t\t\t\t\t<div class=\"elementor-column elementor-col-100 elementor-top-column elementor-element elementor-element-243656a\" data-id=\"243656a\" data-element_type=\"column\" data-e-type=\"column\">\n\t\t\t<div class=\"elementor-widget-wrap elementor-element-populated\">\n\t\t\t\t\t\t<div class=\"elementor-element elementor-element-576865f elementor-widget elementor-widget-heading\" data-id=\"576865f\" data-element_type=\"widget\" data-e-type=\"widget\" data-widget_type=\"heading.default\">\n\t\t\t\t<div class=\"elementor-widget-container\">\n\t\t\t\t\t<h1 class=\"elementor-heading-title elementor-size-default\">Route <\/h1>\t\t\t\t<\/div>\n\t\t\t\t<\/div>\n\t\t\t\t\t<\/div>\n\t\t<\/div>\n\t\t\t\t\t<\/div>\n\t\t<\/section>\n\t\t<div class=\"elementor-element elementor-element-82dcdcc e-con-full elementor-hidden-mobile e-flex e-con e-parent\" data-id=\"82dcdcc\" data-element_type=\"container\" data-e-type=\"container\">\n\t\t\t\t<div class=\"elementor-element elementor-element-4781b58 elementor-widget elementor-widget-html\" data-id=\"4781b58\" data-element_type=\"widget\" data-e-type=\"widget\" data-widget_type=\"html.default\">\n\t\t\t\t<div class=\"elementor-widget-container\">\n\t\t\t\t\t<div style=\"width: 100%;\"><div style=\"position: relative; padding-bottom: 94.44%; padding-top: 0; height: 0;\"><iframe title=\"Die Tour des Muverans\" frameborder=\"0\" width=\"1800\" height=\"1700\" style=\"position: absolute; top: 0; left: 0; width: 100%; height: 100%;\" src=\"https:\/\/view.genially.com\/6475c6555930a80011b624e6\" type=\"text\/html\" allowscriptaccess=\"always\" allowfullscreen=\"true\" scrolling=\"yes\" allownetworking=\"all\"><\/iframe> <\/div> <\/div>\t\t\t\t<\/div>\n\t\t\t\t<\/div>\n\t\t\t\t<\/div>\n\t\t<div class=\"elementor-element elementor-element-4269ab3 e-con-full elementor-hidden-desktop elementor-hidden-tablet e-flex e-con e-parent\" data-id=\"4269ab3\" data-element_type=\"container\" data-e-type=\"container\">\n\t\t\t\t<div class=\"elementor-element elementor-element-ac06a59 elementor-widget elementor-widget-html\" data-id=\"ac06a59\" data-element_type=\"widget\" data-e-type=\"widget\" data-widget_type=\"html.default\">\n\t\t\t\t<div class=\"elementor-widget-container\">\n\t\t\t\t\t<style>\r\n\/* Conteneur global *\/\r\n.genially-wrapper {\r\n  width: 100%;\r\n  box-sizing: border-box;\r\n  position: relative;\r\n  margin: 0 auto;\r\n}\r\n\r\n\/* --- \u00c9TAT COLLAPS\u00c9 (vue \"loupe\") : c'est l'\u00e9tat initial --- *\/\r\n.genially-wrapper.collapsed {\r\n  height: 50vh;            \/* hauteur visible pour la mini-vue ; ajuste si besoin *\/\r\n  overflow: hidden;\r\n}\r\n\r\n\/* Mini-carte centr\u00e9e et r\u00e9duite *\/\r\n.genially-wrapper.collapsed .genially-container {\r\n  width: 1800px;\r\n  height: 1700px;\r\n  transform: scale(0.20);          \/* facteur de r\u00e9duction (ajuste ici) *\/\r\n  transform-origin: top left;\r\n  margin: 0 auto;\r\n  transition: transform 0.35s ease;\r\n  pointer-events: none;            \/* emp\u00eache interaction en mode loupe *\/\r\n}\r\n\r\n\/* --- \u00c9TAT AGRANDI (plein comportement pr\u00e9c\u00e9dent) --- *\/\r\n.genially-wrapper.expanded {\r\n  height: auto;                    \/* permet au conteneur de s'\u00e9tendre *\/\r\n  overflow: auto;\r\n  -webkit-overflow-scrolling: touch; \/* scroll fluide iOS *\/\r\n}\r\n\r\n\/* Quand on est agrandi, on annule le transform pour afficher la taille r\u00e9elle *\/\r\n.genially-wrapper.expanded .genially-container {\r\n  transform: none;\r\n  width: 1800px;\r\n  height: 1700px;\r\n  pointer-events: auto;\r\n}\r\n\r\n\/* iframe : taille fixe correspondant \u00e0 la taille native Genially *\/\r\n.genially-container iframe {\r\n  display: block;\r\n  width: 1800px;\r\n  height: 1700px;\r\n  border: 0;\r\n}\r\n\r\n\/* Bouton *\/\r\n.genially-zoom-btn {\r\n  position: absolute;\r\n  top: 12px;\r\n  right: 12px;\r\n  z-index: 20;\r\n  background: rgba(0,0,0,0.6);\r\n  color: #fff;\r\n  border: none;\r\n  padding: 8px 12px;\r\n  border-radius: 6px;\r\n  font-size: 14px;\r\n  cursor: pointer;\r\n}\r\n\r\n\/* Sur petits \u00e9crans, on garde le m\u00eame comportement : agrandi = scrollable *\/\r\n@media (max-width: 768px) {\r\n  .genially-wrapper.collapsed { height: 40vh; } \/* optionnel : mini-vue plus petite sur mobile *\/\r\n}\r\n<\/style>\r\n\r\n<!-- Ajoute class=\"collapsed\" pour FORCER la vue mini au chargement -->\r\n<div class=\"genially-wrapper collapsed\" id=\"geniallyWrap\">\r\n  <button class=\"genially-zoom-btn\" id=\"zoomBtn\" aria-expanded=\"false\">Vergr\u00f6\u00dfern<\/button>\r\n  <div class=\"genially-container\" id=\"geniallyContainer\">\r\n    <iframe\r\n      title=\"Die Tour des Muverans\"\r\n      frameborder=\"0\"\r\n      src=\"https:\/\/view.genially.com\/6475c6555930a80011b624e6\"\r\n      allowscriptaccess=\"always\"\r\n      allowfullscreen=\"true\"\r\n      scrolling=\"yes\"\r\n      allownetworking=\"all\"\r\n      id=\"geniallyIframe\">\r\n    <\/iframe>\r\n  <\/div>\r\n<\/div>\r\n\r\n<script>\r\n(function(){\r\n  const wrap = document.getElementById('geniallyWrap');\r\n  const btn = document.getElementById('zoomBtn');\r\n\r\n  \/\/ \u00c9tat initial : collapsed (d\u00e9fini dans HTML via la classe)\r\n  btn.addEventListener('click', () => {\r\n    const isExpanded = wrap.classList.toggle('expanded'); \/\/ ajoute\/enl\u00e8ve .expanded\r\n    \/\/ toujours garder ou retirer .collapsed pour plus de clart\u00e9\r\n    if (isExpanded) {\r\n      wrap.classList.remove('collapsed');\r\n      btn.textContent = 'R\u00e9duire';\r\n      btn.setAttribute('aria-expanded','true');\r\n\r\n      \/\/ sur mobile \/ desktop, remettre le scroll au d\u00e9but si tu veux\r\n      wrap.scrollTop = 0;\r\n      wrap.scrollLeft = 0;\r\n    } else {\r\n      wrap.classList.add('collapsed');\r\n      btn.textContent = 'Agrandir';\r\n      btn.setAttribute('aria-expanded','false');\r\n    }\r\n  });\r\n})();\r\n<\/script>\r\n\t\t\t\t<\/div>\n\t\t\t\t<\/div>\n\t\t\t\t<\/div>\n\t\t<div class=\"elementor-element elementor-element-45112fd e-flex e-con-boxed e-con e-parent\" data-id=\"45112fd\" data-element_type=\"container\" data-e-type=\"container\">\n\t\t\t\t\t<div class=\"e-con-inner\">\n\t\t\t\t\t<\/div>\n\t\t\t\t<\/div>\n\t\t\t\t<\/div>","protected":false},"excerpt":{"rendered":"<p>Route Vergr\u00f6\u00dfern<\/p>","protected":false},"author":1,"featured_media":0,"parent":0,"menu_order":0,"comment_status":"closed","ping_status":"closed","template":"","meta":{"site-sidebar-layout":"no-sidebar","site-content-layout":"page-builder","ast-site-content-layout":"full-width-container","site-content-style":"default","site-sidebar-style":"default","ast-global-header-display":"","ast-banner-title-visibility":"","ast-main-header-display":"","ast-hfb-above-header-display":"","ast-hfb-below-header-display":"","ast-hfb-mobile-header-display":"","site-post-title":"disabled","ast-breadcrumbs-content":"","ast-featured-img":"disabled","footer-sml-layout":"","ast-disable-related-posts":"","theme-transparent-header-meta":"","adv-header-id-meta":"","stick-header-meta":"","header-above-stick-meta":"","header-main-stick-meta":"","header-below-stick-meta":"","astra-migrate-meta-layouts":"set","ast-page-background-enabled":"default","ast-page-background-meta":{"desktop":{"background-color":"var(--ast-global-color-4)","background-image":"","background-repeat":"repeat","background-position":"center center","background-size":"auto","background-attachment":"scroll","background-type":"","background-media":"","overlay-type":"","overlay-color":"","overlay-opacity":"","overlay-gradient":""},"tablet":{"background-color":"","background-image":"","background-repeat":"repeat","background-position":"center center","background-size":"auto","background-attachment":"scroll","background-type":"","background-media":"","overlay-type":"","overlay-color":"","overlay-opacity":"","overlay-gradient":""},"mobile":{"background-color":"","background-image":"","background-repeat":"repeat","background-position":"center center","background-size":"auto","background-attachment":"scroll","background-type":"","background-media":"","overlay-type":"","overlay-color":"","overlay-opacity":"","overlay-gradient":""}},"ast-content-background-meta":{"desktop":{"background-color":"var(--ast-global-color-5)","background-image":"","background-repeat":"repeat","background-position":"center center","background-size":"auto","background-attachment":"scroll","background-type":"","background-media":"","overlay-type":"","overlay-color":"","overlay-opacity":"","overlay-gradient":""},"tablet":{"background-color":"var(--ast-global-color-5)","background-image":"","background-repeat":"repeat","background-position":"center center","background-size":"auto","background-attachment":"scroll","background-type":"","background-media":"","overlay-type":"","overlay-color":"","overlay-opacity":"","overlay-gradient":""},"mobile":{"background-color":"var(--ast-global-color-5)","background-image":"","background-repeat":"repeat","background-position":"center center","background-size":"auto","background-attachment":"scroll","background-type":"","background-media":"","overlay-type":"","overlay-color":"","overlay-opacity":"","overlay-gradient":""}},"footnotes":""},"class_list":["post-1328","page","type-page","status-publish","hentry"],"_links":{"self":[{"href":"https:\/\/tourdesmuverans.ch\/de\/wp-json\/wp\/v2\/pages\/1328","targetHints":{"allow":["GET"]}}],"collection":[{"href":"https:\/\/tourdesmuverans.ch\/de\/wp-json\/wp\/v2\/pages"}],"about":[{"href":"https:\/\/tourdesmuverans.ch\/de\/wp-json\/wp\/v2\/types\/page"}],"author":[{"embeddable":true,"href":"https:\/\/tourdesmuverans.ch\/de\/wp-json\/wp\/v2\/users\/1"}],"replies":[{"embeddable":true,"href":"https:\/\/tourdesmuverans.ch\/de\/wp-json\/wp\/v2\/comments?post=1328"}],"version-history":[{"count":167,"href":"https:\/\/tourdesmuverans.ch\/de\/wp-json\/wp\/v2\/pages\/1328\/revisions"}],"predecessor-version":[{"id":3305,"href":"https:\/\/tourdesmuverans.ch\/de\/wp-json\/wp\/v2\/pages\/1328\/revisions\/3305"}],"wp:attachment":[{"href":"https:\/\/tourdesmuverans.ch\/de\/wp-json\/wp\/v2\/media?parent=1328"}],"curies":[{"name":"wp","href":"https:\/\/api.w.org\/{rel}","templated":true}]}}